{"id":33311,"date":"2023-11-19T21:36:21","date_gmt":"2023-11-20T03:36:21","guid":{"rendered":"https:\/\/soul-ha.com\/?post_type=product&#038;p=33311"},"modified":"2023-12-25T21:59:37","modified_gmt":"2023-12-26T03:59:37","slug":"raul-naveda-lopez-padilla","status":"publish","type":"product","link":"https:\/\/soul-ha.com\/index.php\/producto\/raul-naveda-lopez-padilla\/","title":{"rendered":"Ra\u00fal Naveda L\u00f3pez-Padilla"},"content":{"rendered":"<p>[vc_video link=&#8217;https:\/\/youtu.be\/jLmwTx6I7NM?si=mwJj_QMdEeAhBXBU&#8217;]<\/p>\n","protected":false},"excerpt":{"rendered":"<p class=\"cvGsUA direction-ltr align-center para-style-body\"><span class=\"OYPEnA text-decoration-none text-strikethrough-none\">Miembro de la International Society of Substance use <\/span><span class=\"OYPEnA text-decoration-none text-strikethrough-none\">Professionals<\/span><\/p>\n<p class=\"cvGsUA direction-ltr align-center para-style-body\"><span class=\"OYPEnA text-decoration-none text-strikethrough-none\">M\u00e9dico Cirujano por la Universidad Aut\u00f3noma del Estado de M\u00e9xico<\/span><\/p>\n<p class=\"cvGsUA direction-ltr align-center para-style-body\"><span class=\"OYPEnA text-decoration-none text-strikethrough-none\">M\u00e1ster en Prevenci\u00f3n y Tratamiento de las Conductas <\/span><span class=\"OYPEnA text-decoration-none text-strikethrough-none\">Adictivas. Universidad de Valencia, Espa\u00f1a<\/span><\/p>\n<p class=\"cvGsUA direction-ltr align-center para-style-body\"><span class=\"OYPEnA text-decoration-none text-strikethrough-none\">Diplomado en Administraci\u00f3n de Hospitales. Universidad Nacional Aut\u00f3noma de <\/span><span class=\"OYPEnA text-decoration-none text-strikethrough-none\">M\u00e9xico, FES Iztacala<\/span><\/p>\n<p class=\"cvGsUA direction-ltr align-center para-style-body\"><span class=\"OYPEnA text-decoration-none text-strikethrough-none\">Diplomado en identificaci\u00f3n, valoraci\u00f3n e intervenci\u00f3n del comportamiento suicida.<\/span><\/p>\n<p class=\"cvGsUA direction-ltr align-center para-style-body\"><span class=\"OYPEnA text-decoration-none text-strikethrough-none\">Organizaci\u00f3n Panamericana de la Salud<\/span><\/p>\n<p>&nbsp;<\/p>\n<p class=\"cvGsUA direction-ltr align-center para-style-body\"><span class=\"OYPEnA text-decoration-none text-strikethrough-none\">M\u00e9dico tratante. Centro Especializado de Prevenci\u00f3n y <\/span><span class=\"OYPEnA text-decoration-none text-strikethrough-none\">Rehabilitaci\u00f3n a las Adicciones<\/span><span class=\"OYPEnA text-decoration-none text-strikethrough-none\"> (CEPRA) 2015-2017<\/span><\/p>\n<p class=\"cvGsUA direction-ltr align-center para-style-body\"><span class=\"OYPEnA text-decoration-none text-strikethrough-none\">Director y Asesor del plan de salud de la ONG <\/span><span class=\"OYPEnA text-decoration-none text-strikethrough-none\">&#8220;Techo\/Un Techo para mi Pais, M\u00e9xico&#8221; 2009-2011<\/span><\/p>\n<p class=\"cvGsUA direction-ltr align-center para-style-body\"><span class=\"OYPEnA text-decoration-none text-strikethrough-none\">Coordinador Regional de la ONG &#8220;Techo\/Un Techo para mi Pa\u00eds, <\/span><span class=\"OYPEnA text-decoration-none text-strikethrough-none\">M\u00e9xico&#8221; 2007-2009.<\/span><\/p>\n<p>&nbsp;<\/p>\n<h5><\/h5>\n<h5><span style=\"color: #0acfa1;\">ALGUNOS DE SUS TEMAS:<\/span><\/h5>\n<ul>\n<li>Prevenci\u00f3n de Adicciones<\/li>\n<li>Adicciones y conductas de riesgo<\/li>\n<\/ul>\n<p>&nbsp;<\/p>\n<h5><span style=\"color: #0acfa1;\">IDIOMA: ESPA\u00d1OL<\/span><\/h5>\n","protected":false},"featured_media":33312,"comment_status":"open","ping_status":"closed","template":"","meta":{"om_disable_all_campaigns":false,"_monsterinsights_skip_tracking":false,"_monsterinsights_sitenote_active":false,"_monsterinsights_sitenote_note":"","_monsterinsights_sitenote_category":0},"product_brand":[],"product_cat":[93,124],"product_tag":[],"class_list":{"0":"post-33311","1":"product","2":"type-product","3":"status-publish","4":"has-post-thumbnail","6":"product_cat-conferencistas","7":"product_cat-terapeutas","8":"post","10":"first","11":"instock","12":"taxable","13":"shipping-taxable","14":"product-type-simple"},"aioseo_notices":[],"_links":{"self":[{"href":"https:\/\/soul-ha.com\/index.php\/wp-json\/wp\/v2\/product\/33311","targetHints":{"allow":["GET"]}}],"collection":[{"href":"https:\/\/soul-ha.com\/index.php\/wp-json\/wp\/v2\/product"}],"about":[{"href":"https:\/\/soul-ha.com\/index.php\/wp-json\/wp\/v2\/types\/product"}],"replies":[{"embeddable":true,"href":"https:\/\/soul-ha.com\/index.php\/wp-json\/wp\/v2\/comments?post=33311"}],"wp:featuredmedia":[{"embeddable":true,"href":"https:\/\/soul-ha.com\/index.php\/wp-json\/wp\/v2\/media\/33312"}],"wp:attachment":[{"href":"https:\/\/soul-ha.com\/index.php\/wp-json\/wp\/v2\/media?parent=33311"}],"wp:term":[{"taxonomy":"product_brand","embeddable":true,"href":"https:\/\/soul-ha.com\/index.php\/wp-json\/wp\/v2\/product_brand?post=33311"},{"taxonomy":"product_cat","embeddable":true,"href":"https:\/\/soul-ha.com\/index.php\/wp-json\/wp\/v2\/product_cat?post=33311"},{"taxonomy":"product_tag","embeddable":true,"href":"https:\/\/soul-ha.com\/index.php\/wp-json\/wp\/v2\/product_tag?post=33311"}],"curies":[{"name":"wp","href":"https:\/\/api.w.org\/{rel}","templated":true}]}}