{"id":31172,"date":"2023-07-08T21:47:45","date_gmt":"2023-07-09T02:47:45","guid":{"rendered":"https:\/\/soul-ha.com\/?post_type=product&#038;p=31172"},"modified":"2025-05-25T10:11:09","modified_gmt":"2025-05-25T16:11:09","slug":"alma-ortiz-roman","status":"publish","type":"product","link":"https:\/\/soul-ha.com\/index.php\/producto\/alma-ortiz-roman\/","title":{"rendered":"Alma Ortiz Rom\u00e1n"},"content":{"rendered":"<p>[vc_video link=&#8217;https:\/\/www.youtube.com\/watch?v=q_cWZVcaYC0&#8242;]<\/p>\n","protected":false},"excerpt":{"rendered":"<p class=\"_04xlpA direction-ltr align-center para-style-body\"><span class=\"WdYUQQ text-decoration-none text-strikethrough-none\">Licenciada en Pedagog\u00eda, MBA por el IPADE Business School y un Master en Gerontolog\u00eda Social por la Universidad Aut\u00f3noma de Madrid.<\/span><\/p>\n<p class=\"_04xlpA direction-ltr align-center para-style-body\"><span class=\"WdYUQQ text-decoration-none text-strikethrough-none\">Cuenta con m\u00e1s de 20 a\u00f1os de experiencia en el Sector P\u00fablico y Privado en donde ha tenido la oportunidad de trabajar con grupos desde adolescentes, j\u00f3venes, adultos y adultos mayores.<\/span><\/p>\n<p class=\"_04xlpA direction-ltr align-center para-style-body\"><span class=\"WdYUQQ text-decoration-none text-strikethrough-none\">Se ha desempe\u00f1ado en las \u00e1rea de capacitaci\u00f3n, consultor\u00eda, <\/span><span class=\"WdYUQQ text-decoration-none text-strikethrough-none\">planeaci\u00f3n estrat\u00e9gica, desarrollo personal, wellbeing y educaci\u00f3n.<\/span><\/p>\n<p class=\"_04xlpA direction-ltr align-center para-style-body\"><span class=\"WdYUQQ text-decoration-none text-strikethrough-none\">Esta convencida\u00a0 que la educaci\u00f3n y la salud emocional son la base para vencer las barreras internas y externas. fiel creyente que cada crisis nos presenta tambi\u00e9n la oportunidad de hacer la diferencia<\/span><em><span class=\"WdYUQQ text-decoration-none text-strikethrough-none\">.\u00a0<\/span><\/em><\/p>\n<p>Fundadora de <span class=\"WdYUQQ text-decoration-none text-strikethrough-none\"><strong>\u00a0Soul Health Advisor<\/strong>, dise\u00f1ada y pensada para personas como t\u00fa y como yo que buscamos ser mejores.<\/span><\/p>\n<p><span style=\"color: #13d4a7;\"><strong><em><span class=\"WdYUQQ text-decoration-none text-strikethrough-none\">\u201cNunca dudes de ti, ni en lo que puedes lograr, que tu espejo siempre refleje tu mejor versi\u00f3n&#8221;.<\/span><\/em><\/strong><\/span><\/p>\n<p>&nbsp;<\/p>\n<hr \/>\n<p>&nbsp;<\/p>\n<p class=\"_04xlpA direction-ltr align-center para-style-body\"><span style=\"color: #1ff0bf;\"><span style=\"color: #13d4a7;\">ALGUNOS DE SUS TEMAS<\/span>\u00a0<\/span><\/p>\n<ul>\n<li>Planeaci\u00f3n Estrat\u00e9gica<\/li>\n<li>Desarrollo organizacional<\/li>\n<li>Desarrollo personal<\/li>\n<li>Estrategias de aprendizaje<\/li>\n<\/ul>\n<p>&nbsp;<\/p>\n<hr \/>\n<p>&nbsp;<\/p>\n<p><span style=\"color: #13d4a7;\">IDIOMA:\u00a0 ESPA\u00d1OL<\/span><\/p>\n","protected":false},"featured_media":43811,"comment_status":"open","ping_status":"closed","template":"","meta":{"om_disable_all_campaigns":false,"_monsterinsights_skip_tracking":false,"_monsterinsights_sitenote_active":false,"_monsterinsights_sitenote_note":"","_monsterinsights_sitenote_category":0},"product_brand":[],"product_cat":[93,124],"product_tag":[],"class_list":{"0":"post-31172","1":"product","2":"type-product","3":"status-publish","4":"has-post-thumbnail","6":"product_cat-conferencistas","7":"product_cat-terapeutas","8":"post","10":"first","11":"instock","12":"taxable","13":"shipping-taxable","14":"product-type-simple"},"aioseo_notices":[],"_links":{"self":[{"href":"https:\/\/soul-ha.com\/index.php\/wp-json\/wp\/v2\/product\/31172","targetHints":{"allow":["GET"]}}],"collection":[{"href":"https:\/\/soul-ha.com\/index.php\/wp-json\/wp\/v2\/product"}],"about":[{"href":"https:\/\/soul-ha.com\/index.php\/wp-json\/wp\/v2\/types\/product"}],"replies":[{"embeddable":true,"href":"https:\/\/soul-ha.com\/index.php\/wp-json\/wp\/v2\/comments?post=31172"}],"wp:featuredmedia":[{"embeddable":true,"href":"https:\/\/soul-ha.com\/index.php\/wp-json\/wp\/v2\/media\/43811"}],"wp:attachment":[{"href":"https:\/\/soul-ha.com\/index.php\/wp-json\/wp\/v2\/media?parent=31172"}],"wp:term":[{"taxonomy":"product_brand","embeddable":true,"href":"https:\/\/soul-ha.com\/index.php\/wp-json\/wp\/v2\/product_brand?post=31172"},{"taxonomy":"product_cat","embeddable":true,"href":"https:\/\/soul-ha.com\/index.php\/wp-json\/wp\/v2\/product_cat?post=31172"},{"taxonomy":"product_tag","embeddable":true,"href":"https:\/\/soul-ha.com\/index.php\/wp-json\/wp\/v2\/product_tag?post=31172"}],"curies":[{"name":"wp","href":"https:\/\/api.w.org\/{rel}","templated":true}]}}