{"id":31170,"date":"2023-07-08T21:21:10","date_gmt":"2023-07-09T02:21:10","guid":{"rendered":"https:\/\/soul-ha.com\/?post_type=product&#038;p=31170"},"modified":"2023-07-08T21:40:46","modified_gmt":"2023-07-09T02:40:46","slug":"fatima-masse","status":"publish","type":"product","link":"https:\/\/soul-ha.com\/index.php\/producto\/fatima-masse\/","title":{"rendered":"F\u00e1tima Masse"},"content":{"rendered":"<p>[vc_video link=&#8217;https:\/\/www.youtube.com\/watch?v=neGe1cTDqNI&#8217;]<\/p>\n","protected":false},"excerpt":{"rendered":"<p>F\u00e1tima es licenciada en Econom\u00eda por el Instituto Tecnol\u00f3gico Aut\u00f3nomo de M\u00e9xico (ITAM) y maestra en Administraci\u00f3n P\u00fablica por la Universidad de Columbia.<\/p>\n<p>Actualmente, trabaja para transformar organizaciones con el fin de que sean m\u00e1s diversas e inclusivas. Tiene 15 a\u00f1os de experiencia en el an\u00e1lisis de datos y pol\u00edticas p\u00fablicas en diversos temas, entre los que destacan inclusi\u00f3n econ\u00f3mica de mujeres, educaci\u00f3n, desarrollo social, competitividad, salud p\u00fablica y movilidad.<\/p>\n<p>Consciente de la importancia de la comunicaci\u00f3n efectiva escribe dos columnas de opini\u00f3n peri\u00f3dicas en CNN Expansi\u00f3n y Opini\u00f3n 51. Adem\u00e1s, colabora con medios de comunicaci\u00f3n masiva con an\u00e1lisis de los temas en los que tiene m\u00e1s experiencia.<\/p>\n<p>Trabaj\u00f3 por m\u00e1s de 10 a\u00f1os en el Instituto Mexicano para la Competitividad (IMCO) en donde fund\u00f3 y dirigi\u00f3 el \u00e1rea de Sociedad Incluyente. Tambi\u00e9n fue consultora independiente para el Banco Interamericano de Desarrollo (BID) y dio clases de microeconom\u00eda b\u00e1sica y pol\u00edtica ambiental en el ITAM.<\/p>\n<p>Es consejera en otras organizaciones civiles, miembro de la red Women in Motion M\u00e9xico y asociada del Consejo Mexicano de Asuntos Internacionales (Comexi).<\/p>\n","protected":false},"featured_media":31171,"comment_status":"open","ping_status":"closed","template":"","meta":{"om_disable_all_campaigns":false,"_monsterinsights_skip_tracking":false,"_monsterinsights_sitenote_active":false,"_monsterinsights_sitenote_note":"","_monsterinsights_sitenote_category":0},"product_brand":[],"product_cat":[93],"product_tag":[],"class_list":{"0":"post-31170","1":"product","2":"type-product","3":"status-publish","4":"has-post-thumbnail","6":"product_cat-conferencistas","7":"post","9":"first","10":"instock","11":"taxable","12":"shipping-taxable","13":"product-type-simple"},"aioseo_notices":[],"_links":{"self":[{"href":"https:\/\/soul-ha.com\/index.php\/wp-json\/wp\/v2\/product\/31170","targetHints":{"allow":["GET"]}}],"collection":[{"href":"https:\/\/soul-ha.com\/index.php\/wp-json\/wp\/v2\/product"}],"about":[{"href":"https:\/\/soul-ha.com\/index.php\/wp-json\/wp\/v2\/types\/product"}],"replies":[{"embeddable":true,"href":"https:\/\/soul-ha.com\/index.php\/wp-json\/wp\/v2\/comments?post=31170"}],"wp:featuredmedia":[{"embeddable":true,"href":"https:\/\/soul-ha.com\/index.php\/wp-json\/wp\/v2\/media\/31171"}],"wp:attachment":[{"href":"https:\/\/soul-ha.com\/index.php\/wp-json\/wp\/v2\/media?parent=31170"}],"wp:term":[{"taxonomy":"product_brand","embeddable":true,"href":"https:\/\/soul-ha.com\/index.php\/wp-json\/wp\/v2\/product_brand?post=31170"},{"taxonomy":"product_cat","embeddable":true,"href":"https:\/\/soul-ha.com\/index.php\/wp-json\/wp\/v2\/product_cat?post=31170"},{"taxonomy":"product_tag","embeddable":true,"href":"https:\/\/soul-ha.com\/index.php\/wp-json\/wp\/v2\/product_tag?post=31170"}],"curies":[{"name":"wp","href":"https:\/\/api.w.org\/{rel}","templated":true}]}}