{"id":23325,"date":"2022-07-21T22:03:20","date_gmt":"2022-07-22T03:03:20","guid":{"rendered":"https:\/\/soul-ha.com\/?post_type=product&#038;p=23325"},"modified":"2026-02-09T17:39:10","modified_gmt":"2026-02-09T23:39:10","slug":"fernando-leal-martinez","status":"publish","type":"product","link":"https:\/\/soul-ha.com\/index.php\/producto\/fernando-leal-martinez\/","title":{"rendered":"Fernando Leal Mart\u00ednez"},"content":{"rendered":"<p>[vc_video link=&#8217;https:\/\/www.youtube.com\/watch?v=ta8C2PlqSeE&#8217;]<\/p>\n","protected":false},"excerpt":{"rendered":"<p>M\u00e9dico Cirujano de la Universidad Aut\u00f3noma Metropolitana, Maestro en<br \/>\nNutrici\u00f3n Cl\u00ednica y Doctor en Nutrici\u00f3n Cl\u00ednica por la Universidad An\u00e1huac,<br \/>\nDiplomado en Inmunolog\u00eda y sistematizaci\u00f3n m\u00e9dica por la Universidad Nacional<br \/>\nAut\u00f3noma de M\u00e9xico, Diplomado en obesidad y trastornos de la alimentaci\u00f3n<br \/>\npor la Universidad An\u00e1huac y antropometrista ISAK nivel 2.<\/p>\n<p>Ponente en foros, cursos y seminarios nacionales e internacionales sobre temas<br \/>\nselectos de nutrici\u00f3n.<\/p>\n<p>Colaborador de los libros \u201cNutrici\u00f3n Enteral y Parenteral\u201d,<br \/>\n\u201cAspectos psicosociales de la alimentaci\u00f3n\u201d, \u201cNutrici\u00f3n y C\u00e1ncer\u201d, \u201cProbi\u00f3ticos<br \/>\nen Pediatr\u00eda\u201d. Miembro del Colegio Mexicano de Nutrici\u00f3n Cl\u00ednica y Terapia<br \/>\nNutricional y de la Federaci\u00f3n Latinoamericana de Nutrici\u00f3n Parenteral y Enteral<br \/>\n(FELANPE).<\/p>\n<p>Docente de la Universidad An\u00e1huac y Universidad La Salle, miembro del Centro<br \/>\nde Investigaci\u00f3n en Ciencias de la Salud (CICSA), FCS, Universidad An\u00e1huac<br \/>\nM\u00e9xico Norte, sinodal de postgrado de la Facultad de ciencias de la Salud de la<br \/>\nUniversidad An\u00e1huac, asesor y tutor de tesis de maestr\u00eda y doctorado.<br \/>\nCoordinador de cursos de posgrado, director de Alfen Lessa Corporation S.A. de<br \/>\nC.V. y SIETE20. Director General de la cl\u00ednica de Metabolismo y Nutrici\u00f3n Integral<br \/>\nMYN. Editor general de la revista \u201cMisi\u00f3n Verde Gu\u00eda de productos naturales\u201d.<\/p>\n<p>LINEAS DE INVESTIGACI\u00d3N EN NEUROLOG\u00cdA, INMUNO, METABOLISMO Y<br \/>\nC\u00c1NCER.<\/p>\n","protected":false},"featured_media":23008,"comment_status":"open","ping_status":"closed","template":"","meta":{"om_disable_all_campaigns":false,"_monsterinsights_skip_tracking":false,"_monsterinsights_sitenote_active":false,"_monsterinsights_sitenote_note":"","_monsterinsights_sitenote_category":0},"product_brand":[],"product_cat":[93],"product_tag":[],"class_list":{"0":"post-23325","1":"product","2":"type-product","3":"status-publish","4":"has-post-thumbnail","6":"product_cat-conferencistas","7":"post","9":"first","10":"instock","11":"taxable","12":"shipping-taxable","13":"product-type-simple"},"aioseo_notices":[],"_links":{"self":[{"href":"https:\/\/soul-ha.com\/index.php\/wp-json\/wp\/v2\/product\/23325","targetHints":{"allow":["GET"]}}],"collection":[{"href":"https:\/\/soul-ha.com\/index.php\/wp-json\/wp\/v2\/product"}],"about":[{"href":"https:\/\/soul-ha.com\/index.php\/wp-json\/wp\/v2\/types\/product"}],"replies":[{"embeddable":true,"href":"https:\/\/soul-ha.com\/index.php\/wp-json\/wp\/v2\/comments?post=23325"}],"wp:featuredmedia":[{"embeddable":true,"href":"https:\/\/soul-ha.com\/index.php\/wp-json\/wp\/v2\/media\/23008"}],"wp:attachment":[{"href":"https:\/\/soul-ha.com\/index.php\/wp-json\/wp\/v2\/media?parent=23325"}],"wp:term":[{"taxonomy":"product_brand","embeddable":true,"href":"https:\/\/soul-ha.com\/index.php\/wp-json\/wp\/v2\/product_brand?post=23325"},{"taxonomy":"product_cat","embeddable":true,"href":"https:\/\/soul-ha.com\/index.php\/wp-json\/wp\/v2\/product_cat?post=23325"},{"taxonomy":"product_tag","embeddable":true,"href":"https:\/\/soul-ha.com\/index.php\/wp-json\/wp\/v2\/product_tag?post=23325"}],"curies":[{"name":"wp","href":"https:\/\/api.w.org\/{rel}","templated":true}]}}