{"id":19401,"date":"2022-06-02T11:12:47","date_gmt":"2022-06-02T16:12:47","guid":{"rendered":"https:\/\/soul-ha.com\/?post_type=product&#038;p=19401"},"modified":"2022-06-03T01:17:15","modified_gmt":"2022-06-03T06:17:15","slug":"fernanda-juarez-castelar","status":"publish","type":"product","link":"https:\/\/soul-ha.com\/index.php\/producto\/fernanda-juarez-castelar\/","title":{"rendered":"Fernanda Ju\u00e1rez Castelar"},"content":{"rendered":"","protected":false},"excerpt":{"rendered":"<p>Soy\u00a0 Psic\u00f3loga egresada de la Universidad de las Am\u00e9ricas de la Universidad Gestalt\u00a0de Am\u00e9rica como Maestra en Psicoterapia Gestalt-Humanista.<\/p>\n<p>Cuento con experiencia dentro del \u00e1mbito de la Psicolog\u00eda Cl\u00ednica, desde el 2010, ejerciendo como Psicoterapeuta a nivel privado, con enfoque\u00a0 Gestalt y Cognitivo Conductual, brindando asesor\u00eda a ni\u00f1os, padres de familia, adolescentes y adultos y fundamentado en la evaluaci\u00f3n y psicodiagn\u00f3stico a trav\u00e9s de la entrevista cl\u00ednica y la aplicaci\u00f3n de pruebas psicom\u00e9tricas.<\/p>\n<p>He impartido talleres en l\u00ednea y presenciales para ni\u00f1os adolescentes y adultos del \u00e1rea Educativa, Cl\u00ednica y laboral desde hace\u00a0 m\u00e1s de 10 a\u00f1os.<\/p>\n","protected":false},"featured_media":19402,"comment_status":"open","ping_status":"closed","template":"","meta":{"om_disable_all_campaigns":false,"_monsterinsights_skip_tracking":false,"_monsterinsights_sitenote_active":false,"_monsterinsights_sitenote_note":"","_monsterinsights_sitenote_category":0},"product_brand":[],"product_cat":[124],"product_tag":[],"class_list":{"0":"post-19401","1":"product","2":"type-product","3":"status-publish","4":"has-post-thumbnail","6":"product_cat-terapeutas","7":"post","9":"first","10":"instock","11":"taxable","12":"shipping-taxable","13":"product-type-simple"},"aioseo_notices":[],"_links":{"self":[{"href":"https:\/\/soul-ha.com\/index.php\/wp-json\/wp\/v2\/product\/19401","targetHints":{"allow":["GET"]}}],"collection":[{"href":"https:\/\/soul-ha.com\/index.php\/wp-json\/wp\/v2\/product"}],"about":[{"href":"https:\/\/soul-ha.com\/index.php\/wp-json\/wp\/v2\/types\/product"}],"replies":[{"embeddable":true,"href":"https:\/\/soul-ha.com\/index.php\/wp-json\/wp\/v2\/comments?post=19401"}],"wp:featuredmedia":[{"embeddable":true,"href":"https:\/\/soul-ha.com\/index.php\/wp-json\/wp\/v2\/media\/19402"}],"wp:attachment":[{"href":"https:\/\/soul-ha.com\/index.php\/wp-json\/wp\/v2\/media?parent=19401"}],"wp:term":[{"taxonomy":"product_brand","embeddable":true,"href":"https:\/\/soul-ha.com\/index.php\/wp-json\/wp\/v2\/product_brand?post=19401"},{"taxonomy":"product_cat","embeddable":true,"href":"https:\/\/soul-ha.com\/index.php\/wp-json\/wp\/v2\/product_cat?post=19401"},{"taxonomy":"product_tag","embeddable":true,"href":"https:\/\/soul-ha.com\/index.php\/wp-json\/wp\/v2\/product_tag?post=19401"}],"curies":[{"name":"wp","href":"https:\/\/api.w.org\/{rel}","templated":true}]}}