{"id":19399,"date":"2022-06-02T10:59:18","date_gmt":"2022-06-02T15:59:18","guid":{"rendered":"https:\/\/soul-ha.com\/?post_type=product&#038;p=19399"},"modified":"2022-07-06T22:52:42","modified_gmt":"2022-07-07T03:52:42","slug":"aaron-armando-mireles-cruz","status":"publish","type":"product","link":"https:\/\/soul-ha.com\/index.php\/producto\/aaron-armando-mireles-cruz\/","title":{"rendered":"Aar\u00f3n Armando Mireles Cruz"},"content":{"rendered":"","protected":false},"excerpt":{"rendered":"<p>Psic\u00f3logo Educativo, con 18 a\u00f1os de experiencias \u00a0como Orientador Educativo<\/p>\n<p>Psic\u00f3logo Cl\u00ednico con m\u00e1s de 12 a\u00f1os de experiencia en atenci\u00f3n a ni\u00f1os, adolescentes y adultos bajo los modelos psicodin\u00e1mica, sist\u00e9mico, cognitivo conductual y con t\u00e9cnicas sustentadas en hipnoterapia y mindfulness.<\/p>\n<p>Fundador en 2020 de Psicolog\u00eda y Soluciones empresa dedicada\u00a0 diversos servicios de Psicolog\u00eda en \u00e1reas educativa, cl\u00ednica y organizacional.<\/p>\n<p>Catedr\u00e1tico en diversas instituciones de nivel superior.<\/p>\n","protected":false},"featured_media":19400,"comment_status":"open","ping_status":"closed","template":"","meta":{"om_disable_all_campaigns":false,"_monsterinsights_skip_tracking":false,"_monsterinsights_sitenote_active":false,"_monsterinsights_sitenote_note":"","_monsterinsights_sitenote_category":0},"product_brand":[],"product_cat":[124],"product_tag":[],"class_list":{"0":"post-19399","1":"product","2":"type-product","3":"status-publish","4":"has-post-thumbnail","6":"product_cat-terapeutas","7":"post","9":"first","10":"instock","11":"taxable","12":"shipping-taxable","13":"product-type-simple"},"aioseo_notices":[],"_links":{"self":[{"href":"https:\/\/soul-ha.com\/index.php\/wp-json\/wp\/v2\/product\/19399","targetHints":{"allow":["GET"]}}],"collection":[{"href":"https:\/\/soul-ha.com\/index.php\/wp-json\/wp\/v2\/product"}],"about":[{"href":"https:\/\/soul-ha.com\/index.php\/wp-json\/wp\/v2\/types\/product"}],"replies":[{"embeddable":true,"href":"https:\/\/soul-ha.com\/index.php\/wp-json\/wp\/v2\/comments?post=19399"}],"wp:featuredmedia":[{"embeddable":true,"href":"https:\/\/soul-ha.com\/index.php\/wp-json\/wp\/v2\/media\/19400"}],"wp:attachment":[{"href":"https:\/\/soul-ha.com\/index.php\/wp-json\/wp\/v2\/media?parent=19399"}],"wp:term":[{"taxonomy":"product_brand","embeddable":true,"href":"https:\/\/soul-ha.com\/index.php\/wp-json\/wp\/v2\/product_brand?post=19399"},{"taxonomy":"product_cat","embeddable":true,"href":"https:\/\/soul-ha.com\/index.php\/wp-json\/wp\/v2\/product_cat?post=19399"},{"taxonomy":"product_tag","embeddable":true,"href":"https:\/\/soul-ha.com\/index.php\/wp-json\/wp\/v2\/product_tag?post=19399"}],"curies":[{"name":"wp","href":"https:\/\/api.w.org\/{rel}","templated":true}]}}