{"id":19398,"date":"2022-06-02T10:49:46","date_gmt":"2022-06-02T15:49:46","guid":{"rendered":"https:\/\/soul-ha.com\/?post_type=product&#038;p=19398"},"modified":"2022-06-16T08:45:32","modified_gmt":"2022-06-16T13:45:32","slug":"claudia-stepensky-koplewicz-2","status":"publish","type":"product","link":"https:\/\/soul-ha.com\/index.php\/producto\/claudia-stepensky-koplewicz-2\/","title":{"rendered":"Claudia Stepensky Koplewicz"},"content":{"rendered":"","protected":false},"excerpt":{"rendered":"<p>Soy Psic\u00f3loga con especialidad en psicolog\u00eda Cl\u00ednica, cuento con la maestr\u00eda en terapia familiar por el Instituto Superior de Estudios para la Familia A.C.<\/p>\n<p>Me forme en Psicoterapia Corporal Core Energ\u00e9tica., reconocida por Core Energetics Institute de Nueva York.<\/p>\n<p>He trabajado como docente universitaria a nivel licenciatura y Maestr\u00eda desde hace m\u00e1s de 10 a\u00f1os.<\/p>\n<p>He desarrollado diversos talleres como Taller Sentir, Conectar y Sanar: Congreso de Mujer a Mujer, Empod\u00e9rate y Date Chance, Taller El Self del Terapeuta, entre otros.<\/p>\n","protected":false},"featured_media":2853,"comment_status":"open","ping_status":"closed","template":"","meta":{"om_disable_all_campaigns":false,"_monsterinsights_skip_tracking":false,"_monsterinsights_sitenote_active":false,"_monsterinsights_sitenote_note":"","_monsterinsights_sitenote_category":0},"product_brand":[],"product_cat":[124],"product_tag":[],"class_list":{"0":"post-19398","1":"product","2":"type-product","3":"status-publish","4":"has-post-thumbnail","6":"product_cat-terapeutas","7":"post","9":"first","10":"instock","11":"taxable","12":"shipping-taxable","13":"product-type-simple"},"aioseo_notices":[],"_links":{"self":[{"href":"https:\/\/soul-ha.com\/index.php\/wp-json\/wp\/v2\/product\/19398","targetHints":{"allow":["GET"]}}],"collection":[{"href":"https:\/\/soul-ha.com\/index.php\/wp-json\/wp\/v2\/product"}],"about":[{"href":"https:\/\/soul-ha.com\/index.php\/wp-json\/wp\/v2\/types\/product"}],"replies":[{"embeddable":true,"href":"https:\/\/soul-ha.com\/index.php\/wp-json\/wp\/v2\/comments?post=19398"}],"wp:featuredmedia":[{"embeddable":true,"href":"https:\/\/soul-ha.com\/index.php\/wp-json\/wp\/v2\/media\/2853"}],"wp:attachment":[{"href":"https:\/\/soul-ha.com\/index.php\/wp-json\/wp\/v2\/media?parent=19398"}],"wp:term":[{"taxonomy":"product_brand","embeddable":true,"href":"https:\/\/soul-ha.com\/index.php\/wp-json\/wp\/v2\/product_brand?post=19398"},{"taxonomy":"product_cat","embeddable":true,"href":"https:\/\/soul-ha.com\/index.php\/wp-json\/wp\/v2\/product_cat?post=19398"},{"taxonomy":"product_tag","embeddable":true,"href":"https:\/\/soul-ha.com\/index.php\/wp-json\/wp\/v2\/product_tag?post=19398"}],"curies":[{"name":"wp","href":"https:\/\/api.w.org\/{rel}","templated":true}]}}