{"id":19395,"date":"2022-06-02T10:15:16","date_gmt":"2022-06-02T15:15:16","guid":{"rendered":"https:\/\/soul-ha.com\/?post_type=product&#038;p=19395"},"modified":"2022-06-16T08:39:46","modified_gmt":"2022-06-16T13:39:46","slug":"priscila-gonzalez-mar-2","status":"publish","type":"product","link":"https:\/\/soul-ha.com\/index.php\/producto\/priscila-gonzalez-mar-2\/","title":{"rendered":"Priscila Gonz\u00e1lez Mar"},"content":{"rendered":"","protected":false},"excerpt":{"rendered":"<p>Soy Psic\u00f3loga por la Universidad An\u00e1huac. Cuento con la Especialidad en Antropolog\u00eda Filos\u00f3fica por la Universidad Panamericana y curs\u00e9 el programa de Desarrollo psicol\u00f3gico del adolescente y familia en la Universidad Austral de Buenos Aires Argentina.<\/p>\n<p>Cuento con m\u00e1s de 10 a\u00f1os de experiencia en consulta privada para ni\u00f1os, adolescentes y adultos.<\/p>\n<p>Colaboro creando e impartiendo talleres para ni\u00f1os, con enfoque terap\u00e9utico dentro de instituciones como APRENDO Y EDUCO en Monterrey, as\u00ed como dentro de la pr\u00e1ctica privada.<\/p>\n<p>Participo en varios medios masivos de comunicaci\u00f3n sobre temas de inter\u00e9s en psicolog\u00eda.<\/p>\n","protected":false},"featured_media":14116,"comment_status":"open","ping_status":"closed","template":"","meta":{"om_disable_all_campaigns":false,"_monsterinsights_skip_tracking":false,"_monsterinsights_sitenote_active":false,"_monsterinsights_sitenote_note":"","_monsterinsights_sitenote_category":0},"product_brand":[],"product_cat":[124],"product_tag":[],"class_list":{"0":"post-19395","1":"product","2":"type-product","3":"status-publish","4":"has-post-thumbnail","6":"product_cat-terapeutas","7":"post","9":"first","10":"instock","11":"taxable","12":"shipping-taxable","13":"product-type-simple"},"aioseo_notices":[],"_links":{"self":[{"href":"https:\/\/soul-ha.com\/index.php\/wp-json\/wp\/v2\/product\/19395","targetHints":{"allow":["GET"]}}],"collection":[{"href":"https:\/\/soul-ha.com\/index.php\/wp-json\/wp\/v2\/product"}],"about":[{"href":"https:\/\/soul-ha.com\/index.php\/wp-json\/wp\/v2\/types\/product"}],"replies":[{"embeddable":true,"href":"https:\/\/soul-ha.com\/index.php\/wp-json\/wp\/v2\/comments?post=19395"}],"wp:featuredmedia":[{"embeddable":true,"href":"https:\/\/soul-ha.com\/index.php\/wp-json\/wp\/v2\/media\/14116"}],"wp:attachment":[{"href":"https:\/\/soul-ha.com\/index.php\/wp-json\/wp\/v2\/media?parent=19395"}],"wp:term":[{"taxonomy":"product_brand","embeddable":true,"href":"https:\/\/soul-ha.com\/index.php\/wp-json\/wp\/v2\/product_brand?post=19395"},{"taxonomy":"product_cat","embeddable":true,"href":"https:\/\/soul-ha.com\/index.php\/wp-json\/wp\/v2\/product_cat?post=19395"},{"taxonomy":"product_tag","embeddable":true,"href":"https:\/\/soul-ha.com\/index.php\/wp-json\/wp\/v2\/product_tag?post=19395"}],"curies":[{"name":"wp","href":"https:\/\/api.w.org\/{rel}","templated":true}]}}