{"id":19393,"date":"2022-06-02T10:13:34","date_gmt":"2022-06-02T15:13:34","guid":{"rendered":"https:\/\/soul-ha.com\/?post_type=product&#038;p=19393"},"modified":"2024-02-16T15:56:30","modified_gmt":"2024-02-16T21:56:30","slug":"priscila-leites-3","status":"publish","type":"product","link":"https:\/\/soul-ha.com\/index.php\/producto\/priscila-leites-3\/","title":{"rendered":"Priscila Leites"},"content":{"rendered":"","protected":false},"excerpt":{"rendered":"<p>Soy licenciada en Psicolog\u00eda de la Universidad Iberoamericana, Maestra en Terapia Familiar por el Instituto Latinoamericano de Estudios de la Familia (ILEF). Cuento con la certificaci\u00f3n del Modelo Neufeld. Entendiendo la Ni\u00f1ez y Complejo de Separaci\u00f3n, as\u00ed como el Curso Certificaci\u00f3n Myers Briggs Type Indicator en P\u00f3rtland, Oregon y el Diplomado de t\u00e9cnicas espec\u00edficas para tratar parejas en terapia.<\/p>\n<p>Tengo m\u00e1s de 15 a\u00f1os de experiencia en atenci\u00f3n de familias y parejas en el sector escolar, p\u00fablico y privado.<\/p>\n<p>Colaboro en diversos foros y medios de comunicaci\u00f3n.<\/p>\n","protected":false},"featured_media":19394,"comment_status":"open","ping_status":"closed","template":"","meta":{"om_disable_all_campaigns":false,"_monsterinsights_skip_tracking":false,"_monsterinsights_sitenote_active":false,"_monsterinsights_sitenote_note":"","_monsterinsights_sitenote_category":0},"product_brand":[],"product_cat":[124],"product_tag":[],"class_list":{"0":"post-19393","1":"product","2":"type-product","3":"status-publish","4":"has-post-thumbnail","6":"product_cat-terapeutas","7":"post","9":"first","10":"instock","11":"taxable","12":"shipping-taxable","13":"product-type-simple"},"aioseo_notices":[],"_links":{"self":[{"href":"https:\/\/soul-ha.com\/index.php\/wp-json\/wp\/v2\/product\/19393","targetHints":{"allow":["GET"]}}],"collection":[{"href":"https:\/\/soul-ha.com\/index.php\/wp-json\/wp\/v2\/product"}],"about":[{"href":"https:\/\/soul-ha.com\/index.php\/wp-json\/wp\/v2\/types\/product"}],"replies":[{"embeddable":true,"href":"https:\/\/soul-ha.com\/index.php\/wp-json\/wp\/v2\/comments?post=19393"}],"wp:featuredmedia":[{"embeddable":true,"href":"https:\/\/soul-ha.com\/index.php\/wp-json\/wp\/v2\/media\/19394"}],"wp:attachment":[{"href":"https:\/\/soul-ha.com\/index.php\/wp-json\/wp\/v2\/media?parent=19393"}],"wp:term":[{"taxonomy":"product_brand","embeddable":true,"href":"https:\/\/soul-ha.com\/index.php\/wp-json\/wp\/v2\/product_brand?post=19393"},{"taxonomy":"product_cat","embeddable":true,"href":"https:\/\/soul-ha.com\/index.php\/wp-json\/wp\/v2\/product_cat?post=19393"},{"taxonomy":"product_tag","embeddable":true,"href":"https:\/\/soul-ha.com\/index.php\/wp-json\/wp\/v2\/product_tag?post=19393"}],"curies":[{"name":"wp","href":"https:\/\/api.w.org\/{rel}","templated":true}]}}