{"id":19387,"date":"2022-06-02T10:03:26","date_gmt":"2022-06-02T15:03:26","guid":{"rendered":"https:\/\/soul-ha.com\/?post_type=product&#038;p=19387"},"modified":"2022-09-06T12:19:22","modified_gmt":"2022-09-06T17:19:22","slug":"diana-martinez-rojas-2","status":"publish","type":"product","link":"https:\/\/soul-ha.com\/index.php\/producto\/diana-martinez-rojas-2\/","title":{"rendered":"Diana Mart\u00ednez Rojas"},"content":{"rendered":"","protected":false},"excerpt":{"rendered":"<p><span style=\"font-weight: 400;\">Soy Psicolog\u00eda Cl\u00ednica, con Maestr\u00eda en Psicoterapia, Psicodin\u00e1mica y Orientaci\u00f3n Psicol\u00f3gica por la Universidad de la Am\u00e9ricas y la Universidad Iberoamericana.<\/span><\/p>\n<p><span style=\"font-weight: 400;\">Me he especializado desde hace m\u00e1s de 10 a\u00f1os en el trabajo con ni\u00f1os y adolescentes con problemas de aprendizaje y\u00a0 padecimientos como Autismo, S\u00edndrome de Asperger y en adultos con depresi\u00f3n, ansiedad.<\/span><\/p>\n<p><span style=\"font-weight: 400;\">Soy docente en t\u00e9cnicas de precisi\u00f3n e integraci\u00f3n, certificada por la Universidad de las Am\u00e9ricas.<\/span><\/p>\n<p><span style=\"font-weight: 400;\">Cuento con la certificaci\u00f3n como Mental Health Facilitator, Certificaci\u00f3n creada por la NBCC \u2013 National Board of Certified Counselors.\u00a0\u00a0\u00a0<\/span><\/p>\n","protected":false},"featured_media":19388,"comment_status":"open","ping_status":"closed","template":"","meta":{"om_disable_all_campaigns":false,"_monsterinsights_skip_tracking":false,"_monsterinsights_sitenote_active":false,"_monsterinsights_sitenote_note":"","_monsterinsights_sitenote_category":0},"product_brand":[],"product_cat":[124],"product_tag":[],"class_list":{"0":"post-19387","1":"product","2":"type-product","3":"status-publish","4":"has-post-thumbnail","6":"product_cat-terapeutas","7":"post","9":"first","10":"instock","11":"taxable","12":"shipping-taxable","13":"product-type-simple"},"aioseo_notices":[],"_links":{"self":[{"href":"https:\/\/soul-ha.com\/index.php\/wp-json\/wp\/v2\/product\/19387","targetHints":{"allow":["GET"]}}],"collection":[{"href":"https:\/\/soul-ha.com\/index.php\/wp-json\/wp\/v2\/product"}],"about":[{"href":"https:\/\/soul-ha.com\/index.php\/wp-json\/wp\/v2\/types\/product"}],"replies":[{"embeddable":true,"href":"https:\/\/soul-ha.com\/index.php\/wp-json\/wp\/v2\/comments?post=19387"}],"wp:featuredmedia":[{"embeddable":true,"href":"https:\/\/soul-ha.com\/index.php\/wp-json\/wp\/v2\/media\/19388"}],"wp:attachment":[{"href":"https:\/\/soul-ha.com\/index.php\/wp-json\/wp\/v2\/media?parent=19387"}],"wp:term":[{"taxonomy":"product_brand","embeddable":true,"href":"https:\/\/soul-ha.com\/index.php\/wp-json\/wp\/v2\/product_brand?post=19387"},{"taxonomy":"product_cat","embeddable":true,"href":"https:\/\/soul-ha.com\/index.php\/wp-json\/wp\/v2\/product_cat?post=19387"},{"taxonomy":"product_tag","embeddable":true,"href":"https:\/\/soul-ha.com\/index.php\/wp-json\/wp\/v2\/product_tag?post=19387"}],"curies":[{"name":"wp","href":"https:\/\/api.w.org\/{rel}","templated":true}]}}