{"id":19009,"date":"2022-06-02T09:54:22","date_gmt":"2022-06-02T14:54:22","guid":{"rendered":"https:\/\/soul-ha.com\/?post_type=product&#038;p=19009"},"modified":"2022-06-02T19:07:59","modified_gmt":"2022-06-03T00:07:59","slug":"macarena-berrones-bastien","status":"publish","type":"product","link":"https:\/\/soul-ha.com\/index.php\/producto\/macarena-berrones-bastien\/","title":{"rendered":"Macarena Berrones Bastien"},"content":{"rendered":"","protected":false},"excerpt":{"rendered":"<p>Soy Psic\u00f3loga por la Universidad Del Valle de M\u00e9xico. Maestra en Terapia Cognitivo Conductual por el Instituto de Terapia Cognitivo Conductual.<\/p>\n<p>Certificada en Disciplina Positiva por el Positive Discipline Association<\/p>\n<p>Cuento con 12 a\u00f1os de experiencia dando terapia trabajado con ni\u00f1os, adolescentes y adultos.<\/p>\n<p>Participo en asesor\u00edas de crianza, pl\u00e1ticas y talleres para ni\u00f1os y padres de familia en Cl\u00ednicas y escuelas.<\/p>\n<p>Colabor\u00e9 en el departamento de psicopedagog\u00eda del Colegio Montesion.<\/p>\n<p>Soy una persona que est\u00e1 en constante movimiento y aprendizaje.<\/p>\n<p>Coincido en creer que: \u201cEn lugar de criar ni\u00f1os que crezcan bien -a pesar- de su infancia, criemos ni\u00f1os que crezcan \u201cextraordinariamente bien\u201d, debido a su infancia\u201d. L.R.Knost<\/p>\n","protected":false},"featured_media":19384,"comment_status":"open","ping_status":"closed","template":"","meta":{"om_disable_all_campaigns":false,"_monsterinsights_skip_tracking":false,"_monsterinsights_sitenote_active":false,"_monsterinsights_sitenote_note":"","_monsterinsights_sitenote_category":0},"product_brand":[],"product_cat":[124],"product_tag":[],"class_list":{"0":"post-19009","1":"product","2":"type-product","3":"status-publish","4":"has-post-thumbnail","6":"product_cat-terapeutas","7":"post","9":"first","10":"instock","11":"taxable","12":"shipping-taxable","13":"product-type-simple"},"aioseo_notices":[],"_links":{"self":[{"href":"https:\/\/soul-ha.com\/index.php\/wp-json\/wp\/v2\/product\/19009","targetHints":{"allow":["GET"]}}],"collection":[{"href":"https:\/\/soul-ha.com\/index.php\/wp-json\/wp\/v2\/product"}],"about":[{"href":"https:\/\/soul-ha.com\/index.php\/wp-json\/wp\/v2\/types\/product"}],"replies":[{"embeddable":true,"href":"https:\/\/soul-ha.com\/index.php\/wp-json\/wp\/v2\/comments?post=19009"}],"wp:featuredmedia":[{"embeddable":true,"href":"https:\/\/soul-ha.com\/index.php\/wp-json\/wp\/v2\/media\/19384"}],"wp:attachment":[{"href":"https:\/\/soul-ha.com\/index.php\/wp-json\/wp\/v2\/media?parent=19009"}],"wp:term":[{"taxonomy":"product_brand","embeddable":true,"href":"https:\/\/soul-ha.com\/index.php\/wp-json\/wp\/v2\/product_brand?post=19009"},{"taxonomy":"product_cat","embeddable":true,"href":"https:\/\/soul-ha.com\/index.php\/wp-json\/wp\/v2\/product_cat?post=19009"},{"taxonomy":"product_tag","embeddable":true,"href":"https:\/\/soul-ha.com\/index.php\/wp-json\/wp\/v2\/product_tag?post=19009"}],"curies":[{"name":"wp","href":"https:\/\/api.w.org\/{rel}","templated":true}]}}