{"id":14297,"date":"2022-03-05T19:37:06","date_gmt":"2022-03-06T01:37:06","guid":{"rendered":"https:\/\/soul-ha.com\/?post_type=product&#038;p=14297"},"modified":"2022-06-02T11:24:09","modified_gmt":"2022-06-02T16:24:09","slug":"claudia-stepensky-koplewicz","status":"publish","type":"product","link":"https:\/\/soul-ha.com\/index.php\/producto\/claudia-stepensky-koplewicz\/","title":{"rendered":"Claudia Stepensky Koplewicz"},"content":{"rendered":"","protected":false},"excerpt":{"rendered":"<p>Psic\u00f3loga con especialidad en Psicolog\u00eda Cl\u00ednica, cuenta con la Maestr\u00eda en terapia familiar por el Instituto Superior de Estudios para la Familia A.C.<\/p>\n<p>Se form\u00f3 en Psicoterapia Corporal Core Energ\u00e9tica., reconocida por Core Energetics Institute de Nueva York.<\/p>\n<p>Ha trabajado como docente universitaria a nivel licenciatura y Maestr\u00eda desde hace m\u00e1s de 10 a\u00f1os.<\/p>\n<p>[vc_separator type=&#8217;normal&#8217; position=&#8217;center&#8217; color=&#8221; thickness=&#8221; up=&#8221; down=&#8221;]<\/p>\n<h5><span style=\"color: #0acfa1;\">Algunos de sus Temas:<\/span><\/h5>\n<ul>\n<li>Sentir, Conectar y Sanar<\/li>\n<li>Empod\u00e9rate<\/li>\n<li>El Self del Terapeuta<\/li>\n<\/ul>\n<p>[vc_separator type=&#8217;normal&#8217; position=&#8217;center&#8217; color=&#8221; thickness=&#8221; up=&#8221; down=&#8221;]<\/p>\n<h5><span style=\"color: #0acfa1;\">Idioma: Espa\u00f1ol<\/span><\/h5>\n","protected":false},"featured_media":14109,"comment_status":"open","ping_status":"closed","template":"","meta":{"om_disable_all_campaigns":false,"_monsterinsights_skip_tracking":false,"_monsterinsights_sitenote_active":false,"_monsterinsights_sitenote_note":"","_monsterinsights_sitenote_category":0},"product_brand":[],"product_cat":[93],"product_tag":[],"class_list":{"0":"post-14297","1":"product","2":"type-product","3":"status-publish","4":"has-post-thumbnail","6":"product_cat-conferencistas","7":"post","9":"first","10":"instock","11":"featured","12":"taxable","13":"shipping-taxable","14":"product-type-simple"},"aioseo_notices":[],"_links":{"self":[{"href":"https:\/\/soul-ha.com\/index.php\/wp-json\/wp\/v2\/product\/14297","targetHints":{"allow":["GET"]}}],"collection":[{"href":"https:\/\/soul-ha.com\/index.php\/wp-json\/wp\/v2\/product"}],"about":[{"href":"https:\/\/soul-ha.com\/index.php\/wp-json\/wp\/v2\/types\/product"}],"replies":[{"embeddable":true,"href":"https:\/\/soul-ha.com\/index.php\/wp-json\/wp\/v2\/comments?post=14297"}],"wp:featuredmedia":[{"embeddable":true,"href":"https:\/\/soul-ha.com\/index.php\/wp-json\/wp\/v2\/media\/14109"}],"wp:attachment":[{"href":"https:\/\/soul-ha.com\/index.php\/wp-json\/wp\/v2\/media?parent=14297"}],"wp:term":[{"taxonomy":"product_brand","embeddable":true,"href":"https:\/\/soul-ha.com\/index.php\/wp-json\/wp\/v2\/product_brand?post=14297"},{"taxonomy":"product_cat","embeddable":true,"href":"https:\/\/soul-ha.com\/index.php\/wp-json\/wp\/v2\/product_cat?post=14297"},{"taxonomy":"product_tag","embeddable":true,"href":"https:\/\/soul-ha.com\/index.php\/wp-json\/wp\/v2\/product_tag?post=14297"}],"curies":[{"name":"wp","href":"https:\/\/api.w.org\/{rel}","templated":true}]}}