{"id":14295,"date":"2022-03-05T19:26:24","date_gmt":"2022-03-06T01:26:24","guid":{"rendered":"https:\/\/soul-ha.com\/?post_type=product&#038;p=14295"},"modified":"2022-07-22T09:43:50","modified_gmt":"2022-07-22T14:43:50","slug":"daniela-chavez-barajas","status":"publish","type":"product","link":"https:\/\/soul-ha.com\/index.php\/producto\/daniela-chavez-barajas\/","title":{"rendered":"Daniela Ch\u00e1vez Barajas"},"content":{"rendered":"","protected":false},"excerpt":{"rendered":"<p>Licenciada en qu\u00edmica de alimentos por la UNAM, cuenta con un Master Internacional en Nutrici\u00f3n y Diet\u00e9tica enfocado a Trastornos de Alimentaci\u00f3n y Enfermedades por la Universidad Favaloro, Buenos Aires. Curs\u00f3 el posgrado en Nutrici\u00f3n Infantil en la Asociaci\u00f3n Argentina de Dietistas y Nutricionistas.<\/p>\n<p>&nbsp;<\/p>\n<p>Obtuvo la a Maestr\u00eda en Gesti\u00f3n de Negocios de Alimentos y Bebidas con Menci\u00f3n Honor\u00edfica, en la Universidad Panamericana y el MBA por el IPADE en el 2019.<\/p>\n<p>&nbsp;<\/p>\n<p>Desde el 2009 colabora escribiendo en diferentes revistas y cap\u00edtulos de libros.<\/p>\n<p>&nbsp;<\/p>\n<p>Se enfoca en ofrecer los medios para cambiar la relaci\u00f3n que tienen las personas con los alimentos, quitando miedos, ense\u00f1ando c\u00f3mo lograr una dieta balanceada y variada; as\u00ed como, dar consejos y recetas para preparar platillos saludables. Se enfoca en cambios sostenibles y a largo plazo que contribuyan a una mejor salud.<\/p>\n<p>[vc_separator type=&#8217;normal&#8217; position=&#8217;center&#8217; color=&#8221; thickness=&#8221; up=&#8221; down=&#8221;]<\/p>\n<h5><span style=\"color: #0acfa1;\">Algunos de sus Temas:<\/span><\/h5>\n<ul>\n<li>Cocina Saludable<\/li>\n<li>Qu\u00edmica de alimentos<\/li>\n<li>Nutrici\u00f3n<\/li>\n<li>Nutrici\u00f3n de Deporte y actividad f\u00edsica<\/li>\n<li>Trastornos de Alimentaci\u00f3n.<\/li>\n<\/ul>\n<p>[vc_separator type=&#8217;normal&#8217; position=&#8217;center&#8217; color=&#8221; thickness=&#8221; up=&#8221; down=&#8221;]<\/p>\n<p>&nbsp;<\/p>\n<h5><span style=\"color: #0acfa1;\">Idioma: Espa\u00f1ol<\/span><\/h5>\n","protected":false},"featured_media":14160,"comment_status":"open","ping_status":"closed","template":"","meta":{"om_disable_all_campaigns":false,"_monsterinsights_skip_tracking":false,"_monsterinsights_sitenote_active":false,"_monsterinsights_sitenote_note":"","_monsterinsights_sitenote_category":0},"product_brand":[],"product_cat":[93],"product_tag":[],"class_list":{"0":"post-14295","1":"product","2":"type-product","3":"status-publish","4":"has-post-thumbnail","6":"product_cat-conferencistas","7":"post","9":"first","10":"instock","11":"featured","12":"taxable","13":"shipping-taxable","14":"product-type-simple"},"aioseo_notices":[],"_links":{"self":[{"href":"https:\/\/soul-ha.com\/index.php\/wp-json\/wp\/v2\/product\/14295","targetHints":{"allow":["GET"]}}],"collection":[{"href":"https:\/\/soul-ha.com\/index.php\/wp-json\/wp\/v2\/product"}],"about":[{"href":"https:\/\/soul-ha.com\/index.php\/wp-json\/wp\/v2\/types\/product"}],"replies":[{"embeddable":true,"href":"https:\/\/soul-ha.com\/index.php\/wp-json\/wp\/v2\/comments?post=14295"}],"wp:featuredmedia":[{"embeddable":true,"href":"https:\/\/soul-ha.com\/index.php\/wp-json\/wp\/v2\/media\/14160"}],"wp:attachment":[{"href":"https:\/\/soul-ha.com\/index.php\/wp-json\/wp\/v2\/media?parent=14295"}],"wp:term":[{"taxonomy":"product_brand","embeddable":true,"href":"https:\/\/soul-ha.com\/index.php\/wp-json\/wp\/v2\/product_brand?post=14295"},{"taxonomy":"product_cat","embeddable":true,"href":"https:\/\/soul-ha.com\/index.php\/wp-json\/wp\/v2\/product_cat?post=14295"},{"taxonomy":"product_tag","embeddable":true,"href":"https:\/\/soul-ha.com\/index.php\/wp-json\/wp\/v2\/product_tag?post=14295"}],"curies":[{"name":"wp","href":"https:\/\/api.w.org\/{rel}","templated":true}]}}