{"id":14293,"date":"2022-03-05T18:54:39","date_gmt":"2022-03-06T00:54:39","guid":{"rendered":"https:\/\/soul-ha.com\/?post_type=product&#038;p=14293"},"modified":"2022-06-02T11:26:33","modified_gmt":"2022-06-02T16:26:33","slug":"gabriela-herrero","status":"publish","type":"product","link":"https:\/\/soul-ha.com\/index.php\/producto\/gabriela-herrero\/","title":{"rendered":"Gabriela Herrero"},"content":{"rendered":"<p>[vc_video link=&#8217;https:\/\/www.youtube.com\/watch?v=PEAutBsuCY8&#8242;]<\/p>\n","protected":false},"excerpt":{"rendered":"<p>Pedagoga de la Universidad Panamericana, especialista en orientaci\u00f3n educativa vocacional y profesional, Maestrante de Orientaci\u00f3n Familiar en el Instituto Panamericano de ciencias de la educaci\u00f3n el cual tiene nexos con la Universidad de Navarra en Espa\u00f1a.<\/p>\n<p>&nbsp;<\/p>\n<p>Ha participado en diversos Congresos y Foros de educaci\u00f3n, as\u00ed como en programas de televisi\u00f3n \u201cdi\u00e1logos en confianza del canal 11 \u201cy \u201cADN 40\u201d.<\/p>\n<p>&nbsp;<\/p>\n<p>Actualmente es Directora del programa Orienta UP que tiene 16 a\u00f1os impartiendo diversos cursos, asesor\u00edas y talleres a alumnos y colegios de toda el Pa\u00eds.<\/p>\n<p>[vc_separator type=&#8217;normal&#8217; position=&#8217;center&#8217; color=&#8221; thickness=&#8221; up=&#8221; down=&#8221;]<\/p>\n<h5><span style=\"color: #0acfa1;\">Algunos de sus temas:<\/span><\/h5>\n<ul>\n<li>Orientaci\u00f3n vocacional y prevocacional<\/li>\n<li>H\u00e1bitos y estilos de aprendizaje<\/li>\n<\/ul>\n<p>[vc_separator type=&#8217;normal&#8217; position=&#8217;center&#8217; color=&#8221; thickness=&#8221; up=&#8221; down=&#8221;]<\/p>\n<h5><span style=\"color: #0acfa1;\">Idioma: Espa\u00f1ol<\/span><\/h5>\n","protected":false},"featured_media":14145,"comment_status":"open","ping_status":"closed","template":"","meta":{"om_disable_all_campaigns":false,"_monsterinsights_skip_tracking":false,"_monsterinsights_sitenote_active":false,"_monsterinsights_sitenote_note":"","_monsterinsights_sitenote_category":0},"product_brand":[],"product_cat":[93],"product_tag":[],"class_list":{"0":"post-14293","1":"product","2":"type-product","3":"status-publish","4":"has-post-thumbnail","6":"product_cat-conferencistas","7":"post","9":"first","10":"instock","11":"featured","12":"taxable","13":"shipping-taxable","14":"product-type-simple"},"aioseo_notices":[],"_links":{"self":[{"href":"https:\/\/soul-ha.com\/index.php\/wp-json\/wp\/v2\/product\/14293","targetHints":{"allow":["GET"]}}],"collection":[{"href":"https:\/\/soul-ha.com\/index.php\/wp-json\/wp\/v2\/product"}],"about":[{"href":"https:\/\/soul-ha.com\/index.php\/wp-json\/wp\/v2\/types\/product"}],"replies":[{"embeddable":true,"href":"https:\/\/soul-ha.com\/index.php\/wp-json\/wp\/v2\/comments?post=14293"}],"wp:featuredmedia":[{"embeddable":true,"href":"https:\/\/soul-ha.com\/index.php\/wp-json\/wp\/v2\/media\/14145"}],"wp:attachment":[{"href":"https:\/\/soul-ha.com\/index.php\/wp-json\/wp\/v2\/media?parent=14293"}],"wp:term":[{"taxonomy":"product_brand","embeddable":true,"href":"https:\/\/soul-ha.com\/index.php\/wp-json\/wp\/v2\/product_brand?post=14293"},{"taxonomy":"product_cat","embeddable":true,"href":"https:\/\/soul-ha.com\/index.php\/wp-json\/wp\/v2\/product_cat?post=14293"},{"taxonomy":"product_tag","embeddable":true,"href":"https:\/\/soul-ha.com\/index.php\/wp-json\/wp\/v2\/product_tag?post=14293"}],"curies":[{"name":"wp","href":"https:\/\/api.w.org\/{rel}","templated":true}]}}