{"id":14271,"date":"2022-03-05T18:40:18","date_gmt":"2022-03-06T00:40:18","guid":{"rendered":"https:\/\/soul-ha.com\/?post_type=product&#038;p=14271"},"modified":"2022-06-02T11:26:44","modified_gmt":"2022-06-02T16:26:44","slug":"karla-chavez","status":"publish","type":"product","link":"https:\/\/soul-ha.com\/index.php\/producto\/karla-chavez\/","title":{"rendered":"Karla Ch\u00e1vez"},"content":{"rendered":"<p>&nbsp;<\/p>\n<p>&nbsp;<\/p>\n","protected":false},"excerpt":{"rendered":"<p>Doctora en Investigaci\u00f3n psicol\u00f3gica de la Universidad Iberoamericana de donde tambi\u00e9n obtuvo el t\u00edtulo de Licenciatura en Psicolog\u00eda. Estudi\u00f3 la maestr\u00eda en Psicolog\u00eda Cl\u00ednica con subespecialidad en Personalidad y Psicopatolog\u00eda en la Universidad de Columbia, Nueva York. Colabor\u00f3\u00a0 en el \u00e1rea de la salud mental en el New York State Psychiatric Institute, McLean Hospital y Caritas Carney Hospital.<\/p>\n<p>&nbsp;<\/p>\n<p>Adem\u00e1s, se ha especializado en el desarrollo e investigaci\u00f3n de proyectos comunitarios en salud mental en zonas urbano marginales en la Ciudad de M\u00e9xico y Acapulco, Guerrero.<\/p>\n<p>&nbsp;<\/p>\n<p>Autora del libro Depresi\u00f3n: Manual de habilidades sociales.<\/p>\n<p>&nbsp;<\/p>\n<p>Actualmente trabaja como terapeuta privada, profesor y supervisora cl\u00ednica en la Ciudad de M\u00e9xico.<\/p>\n<p>&nbsp;<\/p>\n<p>Su \u00e1rea de especialidad se enfoca en los trastornos del estado de \u00e1nimo y de ansiedad desde los modelos basados en evidencia: Conductuales Contextuales e Interpersonales<\/p>\n<p><strong> [vc_separator type=&#8217;normal&#8217; position=&#8217;center&#8217; color=&#8221; thickness=&#8221; up=&#8221; down=&#8221;]<\/strong><\/p>\n<h5><span style=\"color: #0acfa1;\">Temas<\/span><\/h5>\n<ul>\n<li>Ansiedad<\/li>\n<li>Depresi\u00f3n<\/li>\n<li>Salud emocional<\/li>\n<\/ul>\n<p>[vc_separator type=&#8217;normal&#8217; position=&#8217;center&#8217; color=&#8221; thickness=&#8221; up=&#8221; down=&#8221;]<\/p>\n<h5><span style=\"color: #0acfa1;\">Idioma: Espa\u00f1ol<\/span><\/h5>\n","protected":false},"featured_media":14123,"comment_status":"open","ping_status":"closed","template":"","meta":{"om_disable_all_campaigns":false,"_monsterinsights_skip_tracking":false,"_monsterinsights_sitenote_active":false,"_monsterinsights_sitenote_note":"","_monsterinsights_sitenote_category":0},"product_brand":[],"product_cat":[93],"product_tag":[],"class_list":{"0":"post-14271","1":"product","2":"type-product","3":"status-publish","4":"has-post-thumbnail","6":"product_cat-conferencistas","7":"post","9":"first","10":"instock","11":"featured","12":"taxable","13":"shipping-taxable","14":"product-type-simple"},"aioseo_notices":[],"_links":{"self":[{"href":"https:\/\/soul-ha.com\/index.php\/wp-json\/wp\/v2\/product\/14271","targetHints":{"allow":["GET"]}}],"collection":[{"href":"https:\/\/soul-ha.com\/index.php\/wp-json\/wp\/v2\/product"}],"about":[{"href":"https:\/\/soul-ha.com\/index.php\/wp-json\/wp\/v2\/types\/product"}],"replies":[{"embeddable":true,"href":"https:\/\/soul-ha.com\/index.php\/wp-json\/wp\/v2\/comments?post=14271"}],"wp:featuredmedia":[{"embeddable":true,"href":"https:\/\/soul-ha.com\/index.php\/wp-json\/wp\/v2\/media\/14123"}],"wp:attachment":[{"href":"https:\/\/soul-ha.com\/index.php\/wp-json\/wp\/v2\/media?parent=14271"}],"wp:term":[{"taxonomy":"product_brand","embeddable":true,"href":"https:\/\/soul-ha.com\/index.php\/wp-json\/wp\/v2\/product_brand?post=14271"},{"taxonomy":"product_cat","embeddable":true,"href":"https:\/\/soul-ha.com\/index.php\/wp-json\/wp\/v2\/product_cat?post=14271"},{"taxonomy":"product_tag","embeddable":true,"href":"https:\/\/soul-ha.com\/index.php\/wp-json\/wp\/v2\/product_tag?post=14271"}],"curies":[{"name":"wp","href":"https:\/\/api.w.org\/{rel}","templated":true}]}}