{"id":14268,"date":"2022-03-05T18:13:40","date_gmt":"2022-03-06T00:13:40","guid":{"rendered":"https:\/\/soul-ha.com\/?post_type=product&#038;p=14268"},"modified":"2022-06-02T11:26:54","modified_gmt":"2022-06-02T16:26:54","slug":"priscila-gonzalez-mar","status":"publish","type":"product","link":"https:\/\/soul-ha.com\/index.php\/producto\/priscila-gonzalez-mar\/","title":{"rendered":"Priscila Gonz\u00e1lez Mar"},"content":{"rendered":"","protected":false},"excerpt":{"rendered":"<p>Psic\u00f3loga de la Universidad An\u00e1huac, se form\u00f3 en Antropolog\u00eda Filos\u00f3fica en la Universidad Panamericana y curs\u00f3 el programa de Desarrollo psicol\u00f3gico del adolescente y familia en la Universidad Austral de Buenos Aires Argentina.<\/p>\n<p>&nbsp;<\/p>\n<p>Cuenta con m\u00e1s de 10 a\u00f1os de experiencia en consulta privada para ni\u00f1os, adolescentes y adultos.<\/p>\n<p>&nbsp;<\/p>\n<p>Ha colaborado creando e impartiendo talleres para ni\u00f1os, con enfoque terap\u00e9utico dentro de instituciones como APRENDO Y EDUCO en Monterrey, en Escuela de padres y con diversas empresas y organizaciones.<\/p>\n<p>&nbsp;<\/p>\n<p>Ha participado en varios medios masivos de comunicaci\u00f3n sobre temas de inter\u00e9s en psicolog\u00eda.<\/p>\n<p>&nbsp;<\/p>\n<p>Actualmente atiende a sus pacientes desde su consultorio particular ubicado en la Ciudad de M\u00e9xico.<\/p>\n<p>[vc_separator type=&#8217;normal&#8217; position=&#8217;center&#8217; color=&#8221; thickness=&#8221; up=&#8221; down=&#8221;]<\/p>\n<h5><span style=\"color: #0acfa1;\">Algunos de sus Temas:<\/span><\/h5>\n<ul>\n<li>Desarrollo de h\u00e1bitos en ni\u00f1os y Adolescentes<\/li>\n<li>Inteligencia emocional en el trabajo<\/li>\n<\/ul>\n<h5>[vc_separator type=&#8217;normal&#8217; position=&#8217;center&#8217; color=&#8221; thickness=&#8221; up=&#8221; down=&#8221;]<\/h5>\n<h5><span style=\"color: #0acfa1;\">\u00a0Idioma: Espa\u00f1ol<\/span><\/h5>\n","protected":false},"featured_media":14116,"comment_status":"open","ping_status":"closed","template":"","meta":{"om_disable_all_campaigns":false,"_monsterinsights_skip_tracking":false,"_monsterinsights_sitenote_active":false,"_monsterinsights_sitenote_note":"","_monsterinsights_sitenote_category":0},"product_brand":[],"product_cat":[93],"product_tag":[],"class_list":{"0":"post-14268","1":"product","2":"type-product","3":"status-publish","4":"has-post-thumbnail","6":"product_cat-conferencistas","7":"post","9":"first","10":"instock","11":"featured","12":"taxable","13":"shipping-taxable","14":"product-type-simple"},"aioseo_notices":[],"_links":{"self":[{"href":"https:\/\/soul-ha.com\/index.php\/wp-json\/wp\/v2\/product\/14268","targetHints":{"allow":["GET"]}}],"collection":[{"href":"https:\/\/soul-ha.com\/index.php\/wp-json\/wp\/v2\/product"}],"about":[{"href":"https:\/\/soul-ha.com\/index.php\/wp-json\/wp\/v2\/types\/product"}],"replies":[{"embeddable":true,"href":"https:\/\/soul-ha.com\/index.php\/wp-json\/wp\/v2\/comments?post=14268"}],"wp:featuredmedia":[{"embeddable":true,"href":"https:\/\/soul-ha.com\/index.php\/wp-json\/wp\/v2\/media\/14116"}],"wp:attachment":[{"href":"https:\/\/soul-ha.com\/index.php\/wp-json\/wp\/v2\/media?parent=14268"}],"wp:term":[{"taxonomy":"product_brand","embeddable":true,"href":"https:\/\/soul-ha.com\/index.php\/wp-json\/wp\/v2\/product_brand?post=14268"},{"taxonomy":"product_cat","embeddable":true,"href":"https:\/\/soul-ha.com\/index.php\/wp-json\/wp\/v2\/product_cat?post=14268"},{"taxonomy":"product_tag","embeddable":true,"href":"https:\/\/soul-ha.com\/index.php\/wp-json\/wp\/v2\/product_tag?post=14268"}],"curies":[{"name":"wp","href":"https:\/\/api.w.org\/{rel}","templated":true}]}}