{"id":14227,"date":"2022-03-04T19:04:34","date_gmt":"2022-03-05T01:04:34","guid":{"rendered":"https:\/\/soul-ha.com\/?post_type=product&#038;p=14227"},"modified":"2024-02-16T16:18:32","modified_gmt":"2024-02-16T22:18:32","slug":"priscila","status":"publish","type":"product","link":"https:\/\/soul-ha.com\/index.php\/producto\/priscila\/","title":{"rendered":"Priscila Leites"},"content":{"rendered":"<p>[vc_video link=&#8217;https:\/\/youtu.be\/CLPxQeXR1rM&#8217;]<\/p>\n","protected":false},"excerpt":{"rendered":"<p>Licenciada en Psicolog\u00eda de la Universidad Iberoamericana, Maestra en Terapia Familiar por el Instituto Latinoamericano de Estudios de la Familia (ILEF).<\/p>\n<p>Cuenta con la certificaci\u00f3n del Modelo Neufeld. Entendiendo la Ni\u00f1ez y Complejo de Separaci\u00f3n, as\u00ed como el Curso Certificaci\u00f3n Myers Briggs Type Indicator en P\u00f3rtland, Oregon y el Diplomado de t\u00e9cnicas espec\u00edficas para tratar parejas en terapia.<\/p>\n<p>Tiene m\u00e1s de 15 a\u00f1os de experiencia en atenci\u00f3n de familias y parejas en el sector escolar, p\u00fablico y privado.<\/p>\n<p>Colabora en diversos foros y medios de comunicaci\u00f3n.<\/p>\n<p>[vc_separator type=&#8217;normal&#8217; position=&#8217;center&#8217; color=&#8221; thickness=&#8221; up=&#8221; down=&#8221;]<\/p>\n<h5><span style=\"color: #0acfa1;\">Algunos de sus temas:<\/span><\/h5>\n<ul>\n<li>Familia<\/li>\n<li>Comunicaci\u00f3n en Familia<\/li>\n<li>Pareja<\/li>\n<\/ul>\n<p>&nbsp;<\/p>\n<h5><span style=\"color: #0acfa1;\">Idioma:\u00a0 <\/span><span style=\"color: #0acfa1;\">Ingl\u00e9s , <\/span><span style=\"color: #0acfa1;\">Espa\u00f1ol<\/span><\/h5>\n<p>&nbsp;<\/p>\n<p>[vc_separator type=&#8217;normal&#8217; position=&#8217;center&#8217; color=&#8221; thickness=&#8221; up=&#8221; down=&#8221;]<\/p>\n<h5><\/h5>\n","protected":false},"featured_media":14152,"comment_status":"open","ping_status":"closed","template":"","meta":{"om_disable_all_campaigns":false,"_monsterinsights_skip_tracking":false,"_monsterinsights_sitenote_active":false,"_monsterinsights_sitenote_note":"","_monsterinsights_sitenote_category":0},"product_brand":[],"product_cat":[93],"product_tag":[],"class_list":{"0":"post-14227","1":"product","2":"type-product","3":"status-publish","4":"has-post-thumbnail","6":"product_cat-conferencistas","7":"post","9":"first","10":"instock","11":"featured","12":"taxable","13":"shipping-taxable","14":"product-type-simple"},"aioseo_notices":[],"_links":{"self":[{"href":"https:\/\/soul-ha.com\/index.php\/wp-json\/wp\/v2\/product\/14227","targetHints":{"allow":["GET"]}}],"collection":[{"href":"https:\/\/soul-ha.com\/index.php\/wp-json\/wp\/v2\/product"}],"about":[{"href":"https:\/\/soul-ha.com\/index.php\/wp-json\/wp\/v2\/types\/product"}],"replies":[{"embeddable":true,"href":"https:\/\/soul-ha.com\/index.php\/wp-json\/wp\/v2\/comments?post=14227"}],"wp:featuredmedia":[{"embeddable":true,"href":"https:\/\/soul-ha.com\/index.php\/wp-json\/wp\/v2\/media\/14152"}],"wp:attachment":[{"href":"https:\/\/soul-ha.com\/index.php\/wp-json\/wp\/v2\/media?parent=14227"}],"wp:term":[{"taxonomy":"product_brand","embeddable":true,"href":"https:\/\/soul-ha.com\/index.php\/wp-json\/wp\/v2\/product_brand?post=14227"},{"taxonomy":"product_cat","embeddable":true,"href":"https:\/\/soul-ha.com\/index.php\/wp-json\/wp\/v2\/product_cat?post=14227"},{"taxonomy":"product_tag","embeddable":true,"href":"https:\/\/soul-ha.com\/index.php\/wp-json\/wp\/v2\/product_tag?post=14227"}],"curies":[{"name":"wp","href":"https:\/\/api.w.org\/{rel}","templated":true}]}}