{"id":14089,"date":"2022-03-02T20:30:59","date_gmt":"2022-03-03T02:30:59","guid":{"rendered":"https:\/\/soul-ha.com\/?post_type=product&#038;p=14089"},"modified":"2024-02-17T12:06:50","modified_gmt":"2024-02-17T18:06:50","slug":"samantha-vasquez","status":"publish","type":"product","link":"https:\/\/soul-ha.com\/index.php\/producto\/samantha-vasquez\/","title":{"rendered":"Samantha V\u00e1squez"},"content":{"rendered":"<p>[vc_video link=&#8217;https:\/\/www.youtube.com\/watch?v=Z0ACBvXzC6A&#8217;]<\/p>\n","protected":false},"excerpt":{"rendered":"<p>Psicoterapeuta\u00a0psicodin\u00e1mica egresada de la Universidad Iberoamericana. Cuenta con m\u00e1s de 15 a\u00f1os de experiencia como terapeuta y conferencista.<\/p>\n<p>Recibi\u00f3 el premio como \u201cMejor Docente\u201d elegida a votaci\u00f3n por los alumnos.<\/p>\n<p>Actualmente, atiende\u00a0 pacientes desde su consultorio particular ubicado en la Ciudad de M\u00e9xico; as\u00ed mismo se encuentra cursando en un posgrado de Psicolog\u00eda positiva y Mindfulness.<\/p>\n<p><span style=\"color: #999999;\"> [vc_separator type=&#8217;normal&#8217; position=&#8217;center&#8217; color=&#8221; thickness=&#8221; up=&#8221; down=&#8221;]<\/span><\/p>\n<h5><span style=\"color: #0acfa1;\">Algunas de sus temas son:<\/span><\/h5>\n<ul>\n<li>Manejo de emociones<\/li>\n<li>Prevenci\u00f3n de salud mental en la escuela<\/li>\n<li>Mindfulness<\/li>\n<li>Resiliencia<\/li>\n<\/ul>\n<p>[vc_separator type=&#8217;normal&#8217; position=&#8217;center&#8217; color=&#8221; thickness=&#8221; up=&#8221; down=&#8221;]<\/p>\n<h5><span style=\"color: #0acfa1;\">Idioma: Ingl\u00e9s, Espa\u00f1ol<\/span><\/h5>\n","protected":false},"featured_media":13830,"comment_status":"open","ping_status":"closed","template":"","meta":{"om_disable_all_campaigns":false,"_monsterinsights_skip_tracking":false,"_monsterinsights_sitenote_active":false,"_monsterinsights_sitenote_note":"","_monsterinsights_sitenote_category":0},"product_brand":[],"product_cat":[93],"product_tag":[],"class_list":{"0":"post-14089","1":"product","2":"type-product","3":"status-publish","4":"has-post-thumbnail","6":"product_cat-conferencistas","7":"post","9":"first","10":"instock","11":"featured","12":"taxable","13":"shipping-taxable","14":"product-type-simple"},"aioseo_notices":[],"_links":{"self":[{"href":"https:\/\/soul-ha.com\/index.php\/wp-json\/wp\/v2\/product\/14089","targetHints":{"allow":["GET"]}}],"collection":[{"href":"https:\/\/soul-ha.com\/index.php\/wp-json\/wp\/v2\/product"}],"about":[{"href":"https:\/\/soul-ha.com\/index.php\/wp-json\/wp\/v2\/types\/product"}],"replies":[{"embeddable":true,"href":"https:\/\/soul-ha.com\/index.php\/wp-json\/wp\/v2\/comments?post=14089"}],"wp:featuredmedia":[{"embeddable":true,"href":"https:\/\/soul-ha.com\/index.php\/wp-json\/wp\/v2\/media\/13830"}],"wp:attachment":[{"href":"https:\/\/soul-ha.com\/index.php\/wp-json\/wp\/v2\/media?parent=14089"}],"wp:term":[{"taxonomy":"product_brand","embeddable":true,"href":"https:\/\/soul-ha.com\/index.php\/wp-json\/wp\/v2\/product_brand?post=14089"},{"taxonomy":"product_cat","embeddable":true,"href":"https:\/\/soul-ha.com\/index.php\/wp-json\/wp\/v2\/product_cat?post=14089"},{"taxonomy":"product_tag","embeddable":true,"href":"https:\/\/soul-ha.com\/index.php\/wp-json\/wp\/v2\/product_tag?post=14089"}],"curies":[{"name":"wp","href":"https:\/\/api.w.org\/{rel}","templated":true}]}}