{"id":14084,"date":"2022-03-02T20:14:31","date_gmt":"2022-03-03T02:14:31","guid":{"rendered":"https:\/\/soul-ha.com\/?post_type=product&#038;p=14084"},"modified":"2022-06-02T11:27:45","modified_gmt":"2022-06-02T16:27:45","slug":"eduardo-ramos","status":"publish","type":"product","link":"https:\/\/soul-ha.com\/index.php\/producto\/eduardo-ramos\/","title":{"rendered":"Eduardo Ramos"},"content":{"rendered":"<p>[vc_video link=&#8217;https:\/\/www.youtube.com\/watch?v=USv0Ikk-D1o&#8217;]<\/p>\n","protected":false},"excerpt":{"rendered":"<section class=\"elementor-section elementor-top-section elementor-element elementor-element-f462771 elementor-section-boxed elementor-section-height-default elementor-section-height-default parallax_section_no qode_elementor_container_no\" data-id=\"f462771\" data-element_type=\"section\">\n<div class=\"elementor-container elementor-column-gap-default\">\n<div class=\"elementor-column elementor-col-100 elementor-top-column elementor-element elementor-element-f52dfe9\" data-id=\"f52dfe9\" data-element_type=\"column\">\n<div class=\"elementor-widget-wrap elementor-element-populated\">\n<div class=\"elementor-element elementor-element-b14cc80 elementor-widget elementor-widget-text-editor\" data-id=\"b14cc80\" data-element_type=\"widget\" data-widget_type=\"text-editor.default\">\n<div class=\"elementor-widget-container\">\n<p>M\u00e9dico cirujano por la UNAM,\u00a0 Educador, consejero y terapeuta sexual,\u00a0 psicoterapeuta sist\u00e9mico<\/p>\n<p>&nbsp;<\/p>\n<p>Ha sido acad\u00e9mico de la Universidad intercontinental y la Universidad iberoamericana por 15 y 17 a\u00f1os respectivamente. Se ha dedicado a la psicoterapia sexual (disfunciones sexuales) de manera privada.<\/p>\n<p>&nbsp;<\/p>\n<p>Actualmente, brinda acompa\u00f1amiento terap\u00e9utico y m\u00e9dico a la comunidad LGBT\u2026<\/p>\n<\/div>\n<section class=\"elementor-section elementor-top-section elementor-element elementor-element-1e9797c elementor-section-boxed elementor-section-height-default elementor-section-height-default parallax_section_no qode_elementor_container_no\" data-id=\"1e9797c\" data-element_type=\"section\">\n<div class=\"elementor-container elementor-column-gap-default\">\n<div class=\"elementor-column elementor-col-100 elementor-top-column elementor-element elementor-element-f5ae045\" data-id=\"f5ae045\" data-element_type=\"column\">\n<div class=\"elementor-widget-wrap elementor-element-populated\">\n<div class=\"elementor-element elementor-element-68014ab elementor-widget elementor-widget-text-editor\" data-id=\"68014ab\" data-element_type=\"widget\" data-widget_type=\"text-editor.default\">\n<div><\/div>\n<div>[vc_separator type=&#8217;normal&#8217; position=&#8217;center&#8217; color=&#8221; thickness=&#8221; up=&#8221; down=&#8221;]<\/div>\n<div class=\"elementor-widget-container\">\n<h5><strong><span style=\"color: #0acfa1;\">Algunas de sus temas:<\/span><\/strong><\/h5>\n<ul>\n<li>Equidad familiar<\/li>\n<li>Educaci\u00f3n sexual<\/li>\n<li>Expresiones de la diversidad de genero<\/li>\n<\/ul>\n<\/div>\n<\/div>\n<\/div>\n<\/div>\n<\/div>\n<\/section>\n<section class=\"elementor-section elementor-top-section elementor-element elementor-element-da869ec elementor-section-boxed elementor-section-height-default elementor-section-height-default parallax_section_no qode_elementor_container_no\" data-id=\"da869ec\" data-element_type=\"section\">\n<div class=\"elementor-container elementor-column-gap-default\">\n<div class=\"elementor-column elementor-col-100 elementor-top-column elementor-element elementor-element-b8a167a\" data-id=\"b8a167a\" data-element_type=\"column\">\n<div><\/div>\n<div class=\"elementor-widget-wrap\">[vc_separator type=&#8217;normal&#8217; position=&#8217;center&#8217; color=&#8221; thickness=&#8221; up=&#8221; down=&#8221;]<\/div>\n<div><\/div>\n<\/div>\n<\/div>\n<\/section>\n<section class=\"elementor-section elementor-top-section elementor-element elementor-element-e8c6583 elementor-section-boxed elementor-section-height-default elementor-section-height-default parallax_section_no qode_elementor_container_no\" data-id=\"e8c6583\" data-element_type=\"section\">\n<div class=\"elementor-container elementor-column-gap-default\">\n<div class=\"elementor-column elementor-col-100 elementor-top-column elementor-element elementor-element-ebf0852\" data-id=\"ebf0852\" data-element_type=\"column\">\n<div class=\"elementor-widget-wrap elementor-element-populated\">\n<div class=\"elementor-element elementor-element-dbede35 elementor-widget elementor-widget-heading\" data-id=\"dbede35\" data-element_type=\"widget\" data-widget_type=\"heading.default\">\n<div><\/div>\n<h5 class=\"elementor-widget-container\"><strong><span style=\"color: #0acfa1;\">Idioma: Espa\u00f1ol<\/span><\/strong><\/h5>\n<\/div>\n<\/div>\n<\/div>\n<\/div>\n<\/section>\n<div class=\"elementor-widget-container\"><\/div>\n<p>&nbsp;<\/p>\n<\/div>\n<\/div>\n<\/div>\n<\/div>\n<\/section>\n","protected":false},"featured_media":13713,"comment_status":"open","ping_status":"closed","template":"","meta":{"om_disable_all_campaigns":false,"_monsterinsights_skip_tracking":false,"_monsterinsights_sitenote_active":false,"_monsterinsights_sitenote_note":"","_monsterinsights_sitenote_category":0},"product_brand":[],"product_cat":[93],"product_tag":[],"class_list":{"0":"post-14084","1":"product","2":"type-product","3":"status-publish","4":"has-post-thumbnail","6":"product_cat-conferencistas","7":"post","9":"first","10":"instock","11":"featured","12":"taxable","13":"shipping-taxable","14":"product-type-simple"},"aioseo_notices":[],"_links":{"self":[{"href":"https:\/\/soul-ha.com\/index.php\/wp-json\/wp\/v2\/product\/14084","targetHints":{"allow":["GET"]}}],"collection":[{"href":"https:\/\/soul-ha.com\/index.php\/wp-json\/wp\/v2\/product"}],"about":[{"href":"https:\/\/soul-ha.com\/index.php\/wp-json\/wp\/v2\/types\/product"}],"replies":[{"embeddable":true,"href":"https:\/\/soul-ha.com\/index.php\/wp-json\/wp\/v2\/comments?post=14084"}],"wp:featuredmedia":[{"embeddable":true,"href":"https:\/\/soul-ha.com\/index.php\/wp-json\/wp\/v2\/media\/13713"}],"wp:attachment":[{"href":"https:\/\/soul-ha.com\/index.php\/wp-json\/wp\/v2\/media?parent=14084"}],"wp:term":[{"taxonomy":"product_brand","embeddable":true,"href":"https:\/\/soul-ha.com\/index.php\/wp-json\/wp\/v2\/product_brand?post=14084"},{"taxonomy":"product_cat","embeddable":true,"href":"https:\/\/soul-ha.com\/index.php\/wp-json\/wp\/v2\/product_cat?post=14084"},{"taxonomy":"product_tag","embeddable":true,"href":"https:\/\/soul-ha.com\/index.php\/wp-json\/wp\/v2\/product_tag?post=14084"}],"curies":[{"name":"wp","href":"https:\/\/api.w.org\/{rel}","templated":true}]}}