{"id":14083,"date":"2022-03-02T20:05:54","date_gmt":"2022-03-03T02:05:54","guid":{"rendered":"https:\/\/soul-ha.com\/?post_type=product&#038;p=14083"},"modified":"2022-06-02T11:27:51","modified_gmt":"2022-06-02T16:27:51","slug":"fernanda-campos-2","status":"publish","type":"product","link":"https:\/\/soul-ha.com\/index.php\/producto\/fernanda-campos-2\/","title":{"rendered":"Fernanda Campos"},"content":{"rendered":"<p>[vc_video link=&#8217;https:\/\/www.youtube.com\/watch?v=i4zNVA3vTT8&amp;t=19s&#8217;]<\/p>\n","protected":false},"excerpt":{"rendered":"<p>Psic\u00f3loga egresada de la Universidad del Valle de M\u00e9xico, especialista en terapia de juego y Psicoterapia emocional. Cuenta con el diplomada en psicoterapia Gestalt, crianza de hijos, t\u00e9cnicas de terapia de juego.<\/p>\n<p>&nbsp;<\/p>\n<p>Con m\u00e1s de 17 a\u00f1os trabajando en temas de crianza. Fernanda desarroll\u00f3 el programa de educaci\u00f3n para padres que se ha impartido en la Ciudad y Estado de M\u00e9xico, as\u00ed como en Puebla presencialmente y ahora tambi\u00e9n en l\u00ednea a trav\u00e9s de diversas plataformas.<\/p>\n<p>&nbsp;<\/p>\n<p>Hace 12 a\u00f1os fund\u00f3 Psicoterapia Integral, un espacio dedicado a la salud emocional de ni\u00f1os, adolescentes, adultos y familias.<\/p>\n<p>&nbsp;<\/p>\n<p>Es conferencista y articulista en temas relacionados a la crianza y desarrollo profesional.<\/p>\n<p>[vc_separator type=&#8217;normal&#8217; position=&#8217;center&#8217; color=&#8221; thickness=&#8221; up=&#8221; down=&#8221;]<\/p>\n<h5><span style=\"color: #0acfa1;\">Algunas de sus temas:<\/span><\/h5>\n<ul>\n<li>Crianza<\/li>\n<li>Escuela de padres<\/li>\n<li>Desarrollo emocional<\/li>\n<\/ul>\n<p>[vc_separator type=&#8217;normal&#8217; position=&#8217;center&#8217; color=&#8221; thickness=&#8221; up=&#8221; down=&#8221;]<\/p>\n<h5><span style=\"color: #0acfa1;\">Idioma: Espa\u00f1ol<\/span><\/h5>\n","protected":false},"featured_media":13737,"comment_status":"open","ping_status":"closed","template":"","meta":{"om_disable_all_campaigns":false,"_monsterinsights_skip_tracking":false,"_monsterinsights_sitenote_active":false,"_monsterinsights_sitenote_note":"","_monsterinsights_sitenote_category":0},"product_brand":[],"product_cat":[93],"product_tag":[],"class_list":{"0":"post-14083","1":"product","2":"type-product","3":"status-publish","4":"has-post-thumbnail","6":"product_cat-conferencistas","7":"post","9":"first","10":"instock","11":"featured","12":"taxable","13":"shipping-taxable","14":"product-type-simple"},"aioseo_notices":[],"_links":{"self":[{"href":"https:\/\/soul-ha.com\/index.php\/wp-json\/wp\/v2\/product\/14083","targetHints":{"allow":["GET"]}}],"collection":[{"href":"https:\/\/soul-ha.com\/index.php\/wp-json\/wp\/v2\/product"}],"about":[{"href":"https:\/\/soul-ha.com\/index.php\/wp-json\/wp\/v2\/types\/product"}],"replies":[{"embeddable":true,"href":"https:\/\/soul-ha.com\/index.php\/wp-json\/wp\/v2\/comments?post=14083"}],"wp:featuredmedia":[{"embeddable":true,"href":"https:\/\/soul-ha.com\/index.php\/wp-json\/wp\/v2\/media\/13737"}],"wp:attachment":[{"href":"https:\/\/soul-ha.com\/index.php\/wp-json\/wp\/v2\/media?parent=14083"}],"wp:term":[{"taxonomy":"product_brand","embeddable":true,"href":"https:\/\/soul-ha.com\/index.php\/wp-json\/wp\/v2\/product_brand?post=14083"},{"taxonomy":"product_cat","embeddable":true,"href":"https:\/\/soul-ha.com\/index.php\/wp-json\/wp\/v2\/product_cat?post=14083"},{"taxonomy":"product_tag","embeddable":true,"href":"https:\/\/soul-ha.com\/index.php\/wp-json\/wp\/v2\/product_tag?post=14083"}],"curies":[{"name":"wp","href":"https:\/\/api.w.org\/{rel}","templated":true}]}}