{"id":14076,"date":"2022-03-02T19:29:11","date_gmt":"2022-03-03T01:29:11","guid":{"rendered":"https:\/\/soul-ha.com\/?post_type=product&#038;p=14076"},"modified":"2022-06-02T11:28:12","modified_gmt":"2022-06-02T16:28:12","slug":"sofia-ramirez","status":"publish","type":"product","link":"https:\/\/soul-ha.com\/index.php\/producto\/sofia-ramirez\/","title":{"rendered":"Sof\u00eda Ram\u00edrez"},"content":{"rendered":"<p>[vc_video link=&#8217;https:\/\/www.youtube.com\/watch?v=4nF2wh0LffM&#8217;]<\/p>\n","protected":false},"excerpt":{"rendered":"<section class=\"elementor-section elementor-top-section elementor-element elementor-element-f462771 elementor-section-boxed elementor-section-height-default elementor-section-height-default parallax_section_no qode_elementor_container_no\" data-id=\"f462771\" data-element_type=\"section\">\n<div class=\"elementor-container elementor-column-gap-default\">\n<div class=\"elementor-column elementor-col-100 elementor-top-column elementor-element elementor-element-f52dfe9\" data-id=\"f52dfe9\" data-element_type=\"column\">\n<div class=\"elementor-widget-wrap elementor-element-populated\">\n<div class=\"elementor-element elementor-element-b14cc80 elementor-widget elementor-widget-text-editor\" data-id=\"b14cc80\" data-element_type=\"widget\" data-widget_type=\"text-editor.default\">\n<div class=\"elementor-widget-container\">\n<p>Maestra en econom\u00eda por el ITAM, fue Directora Adjunta de Investigaci\u00f3n Aplicada en Mexicanos Contra la Corrupci\u00f3n y la Impunidad, donde se especializ\u00f3 en la agenda anticorrupci\u00f3n, a favor de la transparencia y la rendici\u00f3n de cuentas.<\/p>\n<p>&nbsp;<\/p>\n<\/div>\n<p style=\"text-align: center;\"><strong><em><span style=\"color: #1ee8c3;\">Convencida de optar por hacer las cosas bien.\u00a0 Sof\u00eda trabaja por cerrar las brechas salariales y garantizar oportunidades para todas las personas por igualdad de genero, los derechos de las minor\u00edas y por construir un mejor entorno.<\/span><\/em><\/strong><\/p>\n<p>&nbsp;<\/p>\n<\/div>\n<\/div>\n<\/div>\n<\/div>\n<\/section>\n<section class=\"elementor-section elementor-top-section elementor-element elementor-element-62b2caf elementor-section-boxed elementor-section-height-default elementor-section-height-default parallax_section_no qode_elementor_container_no\" data-id=\"62b2caf\" data-element_type=\"section\">\n<div class=\"elementor-container elementor-column-gap-default\">\n<div class=\"elementor-column elementor-col-100 elementor-top-column elementor-element elementor-element-e12f063\" data-id=\"e12f063\" data-element_type=\"column\">\n<div class=\"elementor-widget-wrap elementor-element-populated\">\n<div class=\"elementor-element elementor-element-c71c403 elementor-widget elementor-widget-heading\" data-id=\"c71c403\" data-element_type=\"widget\" data-widget_type=\"heading.default\">\n<section class=\"elementor-section elementor-top-section elementor-element elementor-element-838370e elementor-section-boxed elementor-section-height-default elementor-section-height-default parallax_section_no qode_elementor_container_no\" data-id=\"838370e\" data-element_type=\"section\">\n<div class=\"elementor-container elementor-column-gap-default\">\n<div class=\"elementor-column elementor-col-100 elementor-top-column elementor-element elementor-element-9a72c95\" data-id=\"9a72c95\" data-element_type=\"column\">\n<div class=\"elementor-widget-wrap elementor-element-populated\">\n<div class=\"elementor-element elementor-element-44039c5 elementor-widget elementor-widget-text-editor\" data-id=\"44039c5\" data-element_type=\"widget\" data-widget_type=\"text-editor.default\">\n<div class=\"elementor-widget-container\">\n<div>\n<div>\n<p>Ha asesorado al PREP en procesos electorales locales y federales y ha participado en proyectos de investigaci\u00f3n y emprendimiento p\u00fablico con diversas instituciones como el Colmex, el ITAM y el Instituto Nacional de Estudios Superiores de Monterrey. Fue ministra representante del CISEN en la embajada de M\u00e9xico en Washington D.C., directora general de la secretar\u00eda t\u00e9cnica del Consejo de Seguridad Nacional y coordinadora de asesores de la Subsecretar\u00eda de Poblaci\u00f3n y Migraci\u00f3n en SEGOB.<\/p>\n<p>&nbsp;<\/p>\n<\/div>\n<\/div>\n<div>\n<div>\n<p>Sof\u00eda tiene participaciones peri\u00f3dicas en distintos medios de comunicaci\u00f3n, donde realiza an\u00e1lisis sobre temas econ\u00f3micos, pol\u00edticos y sociales. Desde octubre 2020 es Directora General de M\u00e9xico, \u00bfC\u00f3mo vamos?<\/p>\n<\/div>\n<\/div>\n<\/div>\n<p>[vc_separator type=&#8217;normal&#8217; position=&#8217;center&#8217; color=&#8221; thickness=&#8221; up=&#8221; down=&#8221;]<\/p>\n<\/div>\n<\/div>\n<\/div>\n<\/div>\n<\/section>\n<section class=\"elementor-section elementor-top-section elementor-element elementor-element-1e9797c elementor-section-boxed elementor-section-height-default elementor-section-height-default parallax_section_no qode_elementor_container_no\" data-id=\"1e9797c\" data-element_type=\"section\">\n<div class=\"elementor-container elementor-column-gap-default\">\n<div class=\"elementor-column elementor-col-100 elementor-top-column elementor-element elementor-element-f5ae045\" data-id=\"f5ae045\" data-element_type=\"column\">\n<div class=\"elementor-widget-wrap elementor-element-populated\">\n<div class=\"elementor-element elementor-element-68014ab elementor-widget elementor-widget-text-editor\" data-id=\"68014ab\" data-element_type=\"widget\" data-widget_type=\"text-editor.default\">\n<div class=\"elementor-widget-container\">\n<p><span style=\"color: #3ccfa1;\">Algunos de sus temas:<\/span><\/p>\n<ul>\n<li>Brechas salariales<\/li>\n<li>Igualdad de genero<\/li>\n<li>Derechos de las minor\u00edas<\/li>\n<li>Econom\u00eda y desarrollo<\/li>\n<\/ul>\n<\/div>\n<\/div>\n<\/div>\n<\/div>\n<\/div>\n<\/section>\n<section class=\"elementor-section elementor-top-section elementor-element elementor-element-da869ec elementor-section-boxed elementor-section-height-default elementor-section-height-default parallax_section_no qode_elementor_container_no\" data-id=\"da869ec\" data-element_type=\"section\">\n<div class=\"elementor-container elementor-column-gap-default\">\n<div class=\"elementor-column elementor-col-100 elementor-top-column elementor-element elementor-element-b8a167a\" data-id=\"b8a167a\" data-element_type=\"column\">\n<div class=\"elementor-widget-wrap\">[vc_separator type=&#8217;normal&#8217; position=&#8217;center&#8217; color=&#8221; thickness=&#8221; up=&#8221; down=&#8221;]<\/div>\n<\/div>\n<\/div>\n<\/section>\n<section class=\"elementor-section elementor-top-section elementor-element elementor-element-e8c6583 elementor-section-boxed elementor-section-height-default elementor-section-height-default parallax_section_no qode_elementor_container_no\" data-id=\"e8c6583\" data-element_type=\"section\">\n<div class=\"elementor-container elementor-column-gap-default\">\n<div class=\"elementor-column elementor-col-100 elementor-top-column elementor-element elementor-element-ebf0852\" data-id=\"ebf0852\" data-element_type=\"column\">\n<div class=\"elementor-widget-wrap elementor-element-populated\">\n<div class=\"elementor-element elementor-element-dbede35 elementor-widget elementor-widget-heading\" data-id=\"dbede35\" data-element_type=\"widget\" data-widget_type=\"heading.default\">\n<div class=\"elementor-widget-container\">\n<h5 class=\"elementor-heading-title elementor-size-default\"><span style=\"color: #3ccfa1;\">Idioma: Espa\u00f1ol &amp; Ingl\u00e9s<\/span><\/h5>\n<\/div>\n<\/div>\n<\/div>\n<\/div>\n<\/div>\n<\/section>\n<\/div>\n<\/div>\n<\/div>\n<\/div>\n<\/section>\n","protected":false},"featured_media":13703,"comment_status":"open","ping_status":"closed","template":"","meta":{"om_disable_all_campaigns":false,"_monsterinsights_skip_tracking":false,"_monsterinsights_sitenote_active":false,"_monsterinsights_sitenote_note":"","_monsterinsights_sitenote_category":0},"product_brand":[],"product_cat":[93],"product_tag":[],"class_list":{"0":"post-14076","1":"product","2":"type-product","3":"status-publish","4":"has-post-thumbnail","6":"product_cat-conferencistas","7":"post","9":"first","10":"instock","11":"featured","12":"taxable","13":"shipping-taxable","14":"product-type-simple"},"aioseo_notices":[],"_links":{"self":[{"href":"https:\/\/soul-ha.com\/index.php\/wp-json\/wp\/v2\/product\/14076","targetHints":{"allow":["GET"]}}],"collection":[{"href":"https:\/\/soul-ha.com\/index.php\/wp-json\/wp\/v2\/product"}],"about":[{"href":"https:\/\/soul-ha.com\/index.php\/wp-json\/wp\/v2\/types\/product"}],"replies":[{"embeddable":true,"href":"https:\/\/soul-ha.com\/index.php\/wp-json\/wp\/v2\/comments?post=14076"}],"wp:featuredmedia":[{"embeddable":true,"href":"https:\/\/soul-ha.com\/index.php\/wp-json\/wp\/v2\/media\/13703"}],"wp:attachment":[{"href":"https:\/\/soul-ha.com\/index.php\/wp-json\/wp\/v2\/media?parent=14076"}],"wp:term":[{"taxonomy":"product_brand","embeddable":true,"href":"https:\/\/soul-ha.com\/index.php\/wp-json\/wp\/v2\/product_brand?post=14076"},{"taxonomy":"product_cat","embeddable":true,"href":"https:\/\/soul-ha.com\/index.php\/wp-json\/wp\/v2\/product_cat?post=14076"},{"taxonomy":"product_tag","embeddable":true,"href":"https:\/\/soul-ha.com\/index.php\/wp-json\/wp\/v2\/product_tag?post=14076"}],"curies":[{"name":"wp","href":"https:\/\/api.w.org\/{rel}","templated":true}]}}