{"id":14074,"date":"2022-03-02T19:18:58","date_gmt":"2022-03-03T01:18:58","guid":{"rendered":"https:\/\/soul-ha.com\/?post_type=product&#038;p=14074"},"modified":"2022-06-02T11:28:21","modified_gmt":"2022-06-02T16:28:21","slug":"hector-sampieri","status":"publish","type":"product","link":"https:\/\/soul-ha.com\/index.php\/producto\/hector-sampieri\/","title":{"rendered":"H\u00e9ctor Sampieri"},"content":{"rendered":"<p>[vc_video link=&#8217;https:\/\/www.youtube.com\/watch?v=oYlBU3tbuVI&amp;t=102s&#8217;]<\/p>\n","protected":false},"excerpt":{"rendered":"<section class=\"elementor-section elementor-top-section elementor-element elementor-element-f462771 elementor-section-boxed elementor-section-height-default elementor-section-height-default parallax_section_no qode_elementor_container_no\" data-id=\"f462771\" data-element_type=\"section\">\n<div class=\"elementor-container elementor-column-gap-default\">\n<div class=\"elementor-column elementor-col-100 elementor-top-column elementor-element elementor-element-f52dfe9\" data-id=\"f52dfe9\" data-element_type=\"column\">\n<div class=\"elementor-widget-wrap elementor-element-populated\">\n<div class=\"elementor-element elementor-element-b14cc80 elementor-widget elementor-widget-text-editor\" data-id=\"b14cc80\" data-element_type=\"widget\" data-widget_type=\"text-editor.default\">\n<div class=\"elementor-widget-container\">\n<p>Egresado de la Licenciatura en Ciencias de la Familia, impartida en M\u00e9xico por el Pontificio Instituto Teol\u00f3gico Juan Pablo II para las Ciencias del Matrimonio y la Familia dentro de la Universidad An\u00e1huac.<\/p>\n<\/div>\n<\/div>\n<\/div>\n<\/div>\n<\/div>\n<\/section>\n<section class=\"elementor-section elementor-top-section elementor-element elementor-element-656c41d elementor-section-boxed elementor-section-height-default elementor-section-height-default parallax_section_no qode_elementor_container_no\" data-id=\"656c41d\" data-element_type=\"section\">\n<div class=\"elementor-container elementor-column-gap-default\">\n<div class=\"elementor-column elementor-col-100 elementor-top-column elementor-element elementor-element-af01101\" data-id=\"af01101\" data-element_type=\"column\">\n<div class=\"elementor-widget-wrap elementor-element-populated\">\n<div class=\"elementor-element elementor-element-496afcd elementor-widget elementor-widget-text-editor\" data-id=\"496afcd\" data-element_type=\"widget\" data-widget_type=\"text-editor.default\">\n<div class=\"elementor-widget-container\">\n<p>H\u00e9ctor ha impartido conferencias, cursos, clases y capacitaciones desde hace m\u00e1s de 25 a\u00f1os.\u00a0 Se ha presentado ante m\u00e1s de un mill\u00f3n de personas, y ha compartido\u00a0 mensajes relacionados a la educaci\u00f3n, la familia, la cultura, los valores; m\u00e1s recientemente me he concentrado en los temas de comunicaci\u00f3n, liderazgo, management y\u00a0 productividad.<\/p>\n<\/div>\n<p>&nbsp;<\/p>\n<p>Es colaborador activo de diversas organizaciones de la sociedad civil, y\u00a0 profesor universitario en diversas instituciones de educaci\u00f3n superior.<\/p>\n<p>&nbsp;<\/p>\n<p>Se desempe\u00f1o actualmente como coach personal y ejecutivo, mentor virtual y conferencista.<\/p>\n<p>&nbsp;<\/p>\n<p>A partir de enero 2020,\u00a0 es Director del Plantel Ciudad de M\u00e9xico del Pontificio Instituto Teol\u00f3gico Juan Pablo II para las ciencias del Matrimonio y la Familia.<\/p>\n<p>&nbsp;<\/p>\n<p>Se considera un habitante del mundo digital y dirige el proyecto www.hazyaprende.com,\u00a0 con el cual apoya el desarrollo personal y profesional mediante temas de comunicaci\u00f3n, liderazgo, productividad y management personal.<\/p>\n<p>&nbsp;<\/p>\n<p>Autor del libro \u201cLiderazgo Transformador\u201d.<\/p>\n<p>&nbsp;<\/p>\n<p>Es productor y conductor del podcast \u201cHaz y Aprende\u201d, sobre temas de liderazgo y comunicaci\u00f3n, y tambi\u00e9n el primer podcast especializado en Coaching en Am\u00e9rica Latina, denominado Coaching Lab M\u00e9xico.<\/p>\n<p>Escribe quincenalmente en Vida Nueva Digital, el Blog \u201cProfesionales del acompa\u00f1amiento\u201d.<\/p>\n<p><strong> [vc_separator type=&#8217;normal&#8217; position=&#8217;center&#8217; color=&#8221; thickness=&#8221; up=&#8221; down=&#8221;]<\/strong><\/p>\n<h5><span style=\"color: #0acfa1;\">Algunos de sus temas:<\/span><\/h5>\n<ul>\n<li>Liderazgo<\/li>\n<li>Trabajo y familia<\/li>\n<li>Comunicaci\u00f3n Eficaz<\/li>\n<li>Autocoaching<\/li>\n<li>Life Coaching<\/li>\n<\/ul>\n<p><strong>[vc_separator type=&#8217;normal&#8217; position=&#8217;center&#8217; color=&#8221; thickness=&#8221; up=&#8221; down=&#8221;]\u00a0<\/strong><\/p>\n<h5><span style=\"color: #0acfa1;\">Idioma: Espa\u00f1ol<\/span><\/h5>\n<\/div>\n<\/div>\n<\/div>\n<\/div>\n<\/section>\n","protected":false},"featured_media":13601,"comment_status":"open","ping_status":"closed","template":"","meta":{"om_disable_all_campaigns":false,"_monsterinsights_skip_tracking":false,"_monsterinsights_sitenote_active":false,"_monsterinsights_sitenote_note":"","_monsterinsights_sitenote_category":0},"product_brand":[],"product_cat":[93],"product_tag":[],"class_list":{"0":"post-14074","1":"product","2":"type-product","3":"status-publish","4":"has-post-thumbnail","6":"product_cat-conferencistas","7":"post","9":"first","10":"instock","11":"featured","12":"taxable","13":"shipping-taxable","14":"product-type-simple"},"aioseo_notices":[],"_links":{"self":[{"href":"https:\/\/soul-ha.com\/index.php\/wp-json\/wp\/v2\/product\/14074","targetHints":{"allow":["GET"]}}],"collection":[{"href":"https:\/\/soul-ha.com\/index.php\/wp-json\/wp\/v2\/product"}],"about":[{"href":"https:\/\/soul-ha.com\/index.php\/wp-json\/wp\/v2\/types\/product"}],"replies":[{"embeddable":true,"href":"https:\/\/soul-ha.com\/index.php\/wp-json\/wp\/v2\/comments?post=14074"}],"wp:featuredmedia":[{"embeddable":true,"href":"https:\/\/soul-ha.com\/index.php\/wp-json\/wp\/v2\/media\/13601"}],"wp:attachment":[{"href":"https:\/\/soul-ha.com\/index.php\/wp-json\/wp\/v2\/media?parent=14074"}],"wp:term":[{"taxonomy":"product_brand","embeddable":true,"href":"https:\/\/soul-ha.com\/index.php\/wp-json\/wp\/v2\/product_brand?post=14074"},{"taxonomy":"product_cat","embeddable":true,"href":"https:\/\/soul-ha.com\/index.php\/wp-json\/wp\/v2\/product_cat?post=14074"},{"taxonomy":"product_tag","embeddable":true,"href":"https:\/\/soul-ha.com\/index.php\/wp-json\/wp\/v2\/product_tag?post=14074"}],"curies":[{"name":"wp","href":"https:\/\/api.w.org\/{rel}","templated":true}]}}