{"id":14072,"date":"2022-03-02T18:55:48","date_gmt":"2022-03-03T00:55:48","guid":{"rendered":"https:\/\/soul-ha.com\/?post_type=product&#038;p=14072"},"modified":"2022-06-02T11:28:28","modified_gmt":"2022-06-02T16:28:28","slug":"fritz-thompson-2","status":"publish","type":"product","link":"https:\/\/soul-ha.com\/index.php\/producto\/fritz-thompson-2\/","title":{"rendered":"Fritz Thompson"},"content":{"rendered":"<p>[vc_video link=&#8217;https:\/\/www.youtube.com\/watch?v=mduPOO9Hp0o&#8217;]<\/p>\n","protected":false},"excerpt":{"rendered":"<p>Ingeniero Mec\u00e1nico y Licenciado en Econom\u00eda por la Universidad de Texas y Maestro en Administraci\u00f3n de Empresas por la UDLA y en Alta Direcci\u00f3n por el IPADE; su mayor aprendizaje se lo dio el destino tras un tr\u00e1gico 24 de abril del 2001\u2026<\/p>\n<p>Apasionado de la vida, est\u00e1 convencido de que cualquier p\u00e9rdida se puede recuperar, y que cualquier sue\u00f1o se puede conquistar, como siempre dice:<\/p>\n<p style=\"text-align: center;\"><strong><span style=\"color: #0ce8c7;\"><i>\u201cSi t\u00fa haces tu parte, las estrellas se alinean, el cielo se abre y sucede lo impensable\u201d<\/i><\/span><\/strong><\/p>\n<p>&nbsp;<\/p>\n<p>Cuenta con colaboraciones en prensa, radio y televisi\u00f3n, donde ha compartido micr\u00f3fonos con Carmen Aristegui, OV7, Susana Zabaleta, Martha Debayle, Ricardo Rocha, Sergio Sarmiento, Alejandro Cacho y Julieta Lujambio entre otros; y es autor de los libros\u00a0\u201cPrefiero Empujar mi Vida\u201d, \u201cSucedi\u00f3 en un Instante\u201d\u00a0y &#8220;\u00bfQue no puedo qu\u00e9?&#8221;.<\/p>\n<h5>[vc_separator type=&#8217;normal&#8217; position=&#8217;center&#8217; color=&#8221; thickness=&#8221; up=&#8221; down=&#8221;]<\/h5>\n<h5><span style=\"color: #0acfa1;\">Temas:<\/span><\/h5>\n<ul>\n<li>Resiliencia<\/li>\n<\/ul>\n<p>[vc_separator type=&#8217;normal&#8217; position=&#8217;center&#8217; color=&#8221; thickness=&#8221; up=&#8221; down=&#8221;]<\/p>\n<h5><span style=\"color: #0acfa1;\">Idioma: Espa\u00f1ol<\/span><\/h5>\n<p>&nbsp;<\/p>\n<p>&nbsp;<\/p>\n<p>&nbsp;<\/p>\n","protected":false},"featured_media":14309,"comment_status":"open","ping_status":"closed","template":"","meta":{"om_disable_all_campaigns":false,"_monsterinsights_skip_tracking":false,"_monsterinsights_sitenote_active":false,"_monsterinsights_sitenote_note":"","_monsterinsights_sitenote_category":0},"product_brand":[],"product_cat":[93],"product_tag":[],"class_list":{"0":"post-14072","1":"product","2":"type-product","3":"status-publish","4":"has-post-thumbnail","6":"product_cat-conferencistas","7":"post","9":"first","10":"instock","11":"featured","12":"taxable","13":"shipping-taxable","14":"product-type-simple"},"aioseo_notices":[],"_links":{"self":[{"href":"https:\/\/soul-ha.com\/index.php\/wp-json\/wp\/v2\/product\/14072","targetHints":{"allow":["GET"]}}],"collection":[{"href":"https:\/\/soul-ha.com\/index.php\/wp-json\/wp\/v2\/product"}],"about":[{"href":"https:\/\/soul-ha.com\/index.php\/wp-json\/wp\/v2\/types\/product"}],"replies":[{"embeddable":true,"href":"https:\/\/soul-ha.com\/index.php\/wp-json\/wp\/v2\/comments?post=14072"}],"wp:featuredmedia":[{"embeddable":true,"href":"https:\/\/soul-ha.com\/index.php\/wp-json\/wp\/v2\/media\/14309"}],"wp:attachment":[{"href":"https:\/\/soul-ha.com\/index.php\/wp-json\/wp\/v2\/media?parent=14072"}],"wp:term":[{"taxonomy":"product_brand","embeddable":true,"href":"https:\/\/soul-ha.com\/index.php\/wp-json\/wp\/v2\/product_brand?post=14072"},{"taxonomy":"product_cat","embeddable":true,"href":"https:\/\/soul-ha.com\/index.php\/wp-json\/wp\/v2\/product_cat?post=14072"},{"taxonomy":"product_tag","embeddable":true,"href":"https:\/\/soul-ha.com\/index.php\/wp-json\/wp\/v2\/product_tag?post=14072"}],"curies":[{"name":"wp","href":"https:\/\/api.w.org\/{rel}","templated":true}]}}