{"id":14071,"date":"2022-03-02T18:50:08","date_gmt":"2022-03-03T00:50:08","guid":{"rendered":"https:\/\/soul-ha.com\/?post_type=product&#038;p=14071"},"modified":"2022-06-02T11:28:36","modified_gmt":"2022-06-02T16:28:36","slug":"jose-villela","status":"publish","type":"product","link":"https:\/\/soul-ha.com\/index.php\/producto\/jose-villela\/","title":{"rendered":"Jos\u00e9 Villela"},"content":{"rendered":"<p>[vc_video link=&#8217;https:\/\/www.youtube.com\/watch?v=V2M2mbOA-nk&#8217;]<\/p>\n","protected":false},"excerpt":{"rendered":"<p>M\u00e9dico especializado en psiquiatr\u00eda, conferencista, catedr\u00e1tico y atleta del Comit\u00e9 Paral\u00edmpico Mexicano. Tras un accidente vehicular en enero de 2010, Jos\u00e9 sufri\u00f3 una lesi\u00f3n medular, perdiendo la movilidad en las piernas y parcialmente en los brazos. A pesar de un diagn\u00f3stico poco prometedor y tras un arduo proceso de rehabilitaci\u00f3n, Jos\u00e9 continu\u00f3 con su carrera profesional como m\u00e9dico e incursion\u00f3 como conferencista, escritor y deportista paral\u00edmpico.<\/p>\n<p>&nbsp;<\/p>\n<p>Desde 2010 a la fecha, Jos\u00e9 ha impartido m\u00e1s de 400 conferencias en M\u00e9xico, Estados Unidos, Panam\u00e1 y Espa\u00f1a sobre su testimonio de vida, el sentido de la adversidad y los problemas cotidianos, la resiliencia y la concientizaci\u00f3n social sobre las personas con discapacidad. Como parte de su experiencia como conferencista, destaca su participaci\u00f3n en la edici\u00f3n del a\u00f1o 2012 del evento \u201cTEDx DF\u201d.<\/p>\n<p>&nbsp;<\/p>\n<p>En 2017 Jos\u00e9 se incorpor\u00f3 como nadador de alto rendimiento al Comit\u00e9 Paral\u00edmpico Mexicano bajo tutela del Prof. Jos\u00e9 Ulises Men\u00e9ndez, obteniendo la clasificaci\u00f3n internacional en la categor\u00eda S2 en octubre de 2018. Ha representado a M\u00e9xico con \u00e9xito en eventos internacionales como la World Paraswimming World Series Indian\u00e1polis en 2018 y 2019; los Abiertos Nacionales de Colombia, Barranquilla 2018; el Internationale Deutsche Meisterschaften, Berl\u00edn 2019 y los VI Juegos Parapanamericanos, Lima 2019.<\/p>\n<p>&nbsp;<\/p>\n<p>Desde noviembre de 2019, Jos\u00e9 se incorpor\u00f3 al equipo de atletismo campo en la prueba de lanzamiento de clava en la categor\u00eda F51, bajo las instrucciones del Prof. Iv\u00e1n Rodr\u00edguez.<\/p>\n<h5>[vc_separator type=&#8217;normal&#8217; position=&#8217;center&#8217; color=&#8221; thickness=&#8221; up=&#8221; down=&#8221;]<\/h5>\n<h5><\/h5>\n<h5><span style=\"color: #0acfa1;\">Algunos de sus temas:<\/span><\/h5>\n<ul>\n<li>Testimonio personal: \u201cLa alegr\u00eda ante la adversidad\u201d<\/li>\n<li>Salud mental y COVID-19<\/li>\n<li>Desarrollando la resiliencia<\/li>\n<li>Construyendo mi bienestar<\/li>\n<\/ul>\n<h5>[vc_separator type=&#8217;normal&#8217; position=&#8217;center&#8217; color=&#8221; thickness=&#8221; up=&#8221; down=&#8221;]<\/h5>\n<h5><span style=\"color: #0acfa1;\">Idioma: Espa\u00f1ol<\/span><\/h5>\n<p>&nbsp;<\/p>\n<p>&nbsp;<\/p>\n","protected":false},"featured_media":13553,"comment_status":"open","ping_status":"closed","template":"","meta":{"om_disable_all_campaigns":false,"_monsterinsights_skip_tracking":false,"_monsterinsights_sitenote_active":false,"_monsterinsights_sitenote_note":"","_monsterinsights_sitenote_category":0},"product_brand":[],"product_cat":[93],"product_tag":[],"class_list":{"0":"post-14071","1":"product","2":"type-product","3":"status-publish","4":"has-post-thumbnail","6":"product_cat-conferencistas","7":"post","9":"first","10":"instock","11":"featured","12":"taxable","13":"shipping-taxable","14":"product-type-simple"},"aioseo_notices":[],"_links":{"self":[{"href":"https:\/\/soul-ha.com\/index.php\/wp-json\/wp\/v2\/product\/14071","targetHints":{"allow":["GET"]}}],"collection":[{"href":"https:\/\/soul-ha.com\/index.php\/wp-json\/wp\/v2\/product"}],"about":[{"href":"https:\/\/soul-ha.com\/index.php\/wp-json\/wp\/v2\/types\/product"}],"replies":[{"embeddable":true,"href":"https:\/\/soul-ha.com\/index.php\/wp-json\/wp\/v2\/comments?post=14071"}],"wp:featuredmedia":[{"embeddable":true,"href":"https:\/\/soul-ha.com\/index.php\/wp-json\/wp\/v2\/media\/13553"}],"wp:attachment":[{"href":"https:\/\/soul-ha.com\/index.php\/wp-json\/wp\/v2\/media?parent=14071"}],"wp:term":[{"taxonomy":"product_brand","embeddable":true,"href":"https:\/\/soul-ha.com\/index.php\/wp-json\/wp\/v2\/product_brand?post=14071"},{"taxonomy":"product_cat","embeddable":true,"href":"https:\/\/soul-ha.com\/index.php\/wp-json\/wp\/v2\/product_cat?post=14071"},{"taxonomy":"product_tag","embeddable":true,"href":"https:\/\/soul-ha.com\/index.php\/wp-json\/wp\/v2\/product_tag?post=14071"}],"curies":[{"name":"wp","href":"https:\/\/api.w.org\/{rel}","templated":true}]}}