{"id":14068,"date":"2022-03-02T17:01:49","date_gmt":"2022-03-02T23:01:49","guid":{"rendered":"https:\/\/soul-ha.com\/?post_type=product&#038;p=14068"},"modified":"2022-05-31T00:03:06","modified_gmt":"2022-05-31T05:03:06","slug":"regina-barbero","status":"publish","type":"product","link":"https:\/\/soul-ha.com\/index.php\/producto\/regina-barbero\/","title":{"rendered":"Regina Barbero"},"content":{"rendered":"<p>[vc_video link=&#8217;https:\/\/www.youtube.com\/watch?v=o-DNtdTVoQk&amp;t=49s&#8217;]<\/p>\n","protected":false},"excerpt":{"rendered":"<div class=\"elementor-element elementor-element-b14cc80 elementor-widget elementor-widget-text-editor\" data-id=\"b14cc80\" data-element_type=\"widget\" data-widget_type=\"text-editor.default\">\n<div class=\"elementor-widget-container\">\n<p>Maestra en Direcci\u00f3n del Capital Humano y licenciada en Pedagog\u00eda por la Universidad Panamericana. Consejera en adicciones por el Centro de Estudios Superiores Monte F\u00e9nix. Coach por m\u00e1s de 11 a\u00f1os. Se ha dedicado a la formaci\u00f3n de profesionistas, l\u00edderes y padres de familia en temas de desarrollo humano y prevenci\u00f3n de adicciones. Ha colaborado como conferencista y consultora en m\u00e1s de 60 instituciones, en M\u00e9xico y Latinoam\u00e9rica.<\/p>\n<p>&nbsp;<\/p>\n<p style=\"text-align: center;\"><em><strong><span style=\"color: #3ccf9b;\">&#8220;Estoy convencida que la base para la prevenci\u00f3n de adicciones es una paternidad consciente y amorosa&#8221;.<\/span><\/strong><\/em><\/p>\n<\/div>\n<\/div>\n<p>&nbsp;<\/p>\n<p>[vc_separator type=&#8217;normal&#8217; position=&#8217;center&#8217; color=&#8221; thickness=&#8221; up=&#8221; down=&#8221;]<\/p>\n<h5><span style=\"color: #0acfa1;\">Algunos de sus Temas:<\/span><\/h5>\n<ul>\n<li>\u00bfQu\u00e9 nos hace felices?<\/li>\n<li>Balance Vida y Trabajo, el estr\u00e9s como tu aliado<\/li>\n<li>Emociones a tu favor, claves para desarrollar mi inteligencia emocional<\/li>\n<li>El s\u00edndrome del impostor, por qu\u00e9 tenemos miedo al \u00e9xito<\/li>\n<li>Manejo del tiempo y gesti\u00f3n personal<\/li>\n<li>Manejo de estr\u00e9s y trabajo bajo presi\u00f3n<\/li>\n<li>C\u00f3mo ser el pap\u00e1 o mam\u00e1 que tus hijos necesitan<\/li>\n<li>Presentaciones poderosas<\/li>\n<\/ul>\n<p>Adicciones<\/p>\n<ul>\n<li>Atrapados en la tecnolog\u00eda<\/li>\n<li>Prevenci\u00f3n de adicciones desde la infancia<\/li>\n<li>Qu\u00e9 hacer ante la adicci\u00f3n de un hijo<\/li>\n<li>Con qu\u00e9 llena mi hijo adolescente sus vac\u00edos<\/li>\n<\/ul>\n<h5>[vc_separator type=&#8217;normal&#8217; position=&#8217;center&#8217; color=&#8221; thickness=&#8221; up=&#8221; down=&#8221;]<\/h5>\n<h5><span style=\"color: #0acfa1;\">Idioma: Espa\u00f1ol<\/span><\/h5>\n","protected":false},"featured_media":12703,"comment_status":"open","ping_status":"closed","template":"","meta":{"om_disable_all_campaigns":false,"_monsterinsights_skip_tracking":false,"_monsterinsights_sitenote_active":false,"_monsterinsights_sitenote_note":"","_monsterinsights_sitenote_category":0},"product_brand":[],"product_cat":[93],"product_tag":[],"class_list":{"0":"post-14068","1":"product","2":"type-product","3":"status-publish","4":"has-post-thumbnail","6":"product_cat-conferencistas","7":"post","9":"first","10":"instock","11":"featured","12":"virtual","13":"taxable","14":"product-type-simple"},"aioseo_notices":[],"_links":{"self":[{"href":"https:\/\/soul-ha.com\/index.php\/wp-json\/wp\/v2\/product\/14068","targetHints":{"allow":["GET"]}}],"collection":[{"href":"https:\/\/soul-ha.com\/index.php\/wp-json\/wp\/v2\/product"}],"about":[{"href":"https:\/\/soul-ha.com\/index.php\/wp-json\/wp\/v2\/types\/product"}],"replies":[{"embeddable":true,"href":"https:\/\/soul-ha.com\/index.php\/wp-json\/wp\/v2\/comments?post=14068"}],"wp:featuredmedia":[{"embeddable":true,"href":"https:\/\/soul-ha.com\/index.php\/wp-json\/wp\/v2\/media\/12703"}],"wp:attachment":[{"href":"https:\/\/soul-ha.com\/index.php\/wp-json\/wp\/v2\/media?parent=14068"}],"wp:term":[{"taxonomy":"product_brand","embeddable":true,"href":"https:\/\/soul-ha.com\/index.php\/wp-json\/wp\/v2\/product_brand?post=14068"},{"taxonomy":"product_cat","embeddable":true,"href":"https:\/\/soul-ha.com\/index.php\/wp-json\/wp\/v2\/product_cat?post=14068"},{"taxonomy":"product_tag","embeddable":true,"href":"https:\/\/soul-ha.com\/index.php\/wp-json\/wp\/v2\/product_tag?post=14068"}],"curies":[{"name":"wp","href":"https:\/\/api.w.org\/{rel}","templated":true}]}}