{"id":6728,"date":"2021-08-24T11:45:03","date_gmt":"2021-08-24T16:45:03","guid":{"rendered":"https:\/\/soul-ha.com\/?page_id=6728"},"modified":"2021-08-24T12:31:14","modified_gmt":"2021-08-24T17:31:14","slug":"taller","status":"publish","type":"page","link":"https:\/\/soul-ha.com\/index.php\/taller\/","title":{"rendered":"TALLER"},"content":{"rendered":"\t\t<div data-elementor-type=\"wp-page\" data-elementor-id=\"6728\" class=\"elementor elementor-6728\" data-elementor-post-type=\"page\">\n\t\t\t\t\t\t<section class=\"elementor-section elementor-top-section elementor-element elementor-element-619b507 elementor-section-full_width elementor-section-height-default elementor-section-height-default parallax_section_no qode_elementor_container_no\" data-id=\"619b507\" data-element_type=\"section\" data-e-type=\"section\">\n\t\t\t\t\t\t<div class=\"elementor-container elementor-column-gap-default\">\n\t\t\t\t\t<div class=\"elementor-column elementor-col-100 elementor-top-column elementor-element elementor-element-6ba502b\" data-id=\"6ba502b\" data-element_type=\"column\" data-e-type=\"column\">\n\t\t\t<div class=\"elementor-widget-wrap\">\n\t\t\t\t\t\t\t<\/div>\n\t\t<\/div>\n\t\t\t\t\t<\/div>\n\t\t<\/section>\n\t\t\t\t<section class=\"elementor-section elementor-top-section elementor-element elementor-element-b96af22 elementor-section-boxed elementor-section-height-default elementor-section-height-default parallax_section_no qode_elementor_container_no\" data-id=\"b96af22\" data-element_type=\"section\" data-e-type=\"section\" data-settings=\"{&quot;shape_divider_bottom&quot;:&quot;waves&quot;,&quot;background_background&quot;:&quot;classic&quot;}\">\n\t\t\t\t\t\t\t<div class=\"elementor-background-overlay\"><\/div>\n\t\t\t\t\t\t<div class=\"elementor-shape elementor-shape-bottom\" aria-hidden=\"true\" data-negative=\"false\">\n\t\t\t<svg xmlns=\"http:\/\/www.w3.org\/2000\/svg\" viewBox=\"0 0 1000 100\" preserveAspectRatio=\"none\">\n\t<path class=\"elementor-shape-fill\" d=\"M421.9,6.5c22.6-2.5,51.5,0.4,75.5,5.3c23.6,4.9,70.9,23.5,100.5,35.7c75.8,32.2,133.7,44.5,192.6,49.7\n\tc23.6,2.1,48.7,3.5,103.4-2.5c54.7-6,106.2-25.6,106.2-25.6V0H0v30.3c0,0,72,32.6,158.4,30.5c39.2-0.7,92.8-6.7,134-22.4\n\tc21.2-8.1,52.2-18.2,79.7-24.2C399.3,7.9,411.6,7.5,421.9,6.5z\"\/>\n<\/svg>\t\t<\/div>\n\t\t\t\t\t<div class=\"elementor-container elementor-column-gap-default\">\n\t\t\t\t\t<div class=\"elementor-column elementor-col-100 elementor-top-column elementor-element elementor-element-eadf129\" data-id=\"eadf129\" data-element_type=\"column\" data-e-type=\"column\">\n\t\t\t<div class=\"elementor-widget-wrap elementor-element-populated\">\n\t\t\t\t\t\t<div class=\"elementor-element elementor-element-b090939 elementor-widget elementor-widget-spacer\" data-id=\"b090939\" data-element_type=\"widget\" data-e-type=\"widget\" data-widget_type=\"spacer.default\">\n\t\t\t\t\t\t\t<div class=\"elementor-spacer\">\n\t\t\t<div class=\"elementor-spacer-inner\"><\/div>\n\t\t<\/div>\n\t\t\t\t\t\t<\/div>\n\t\t\t\t<div class=\"elementor-element elementor-element-91662f8 elementor-widget elementor-widget-heading\" data-id=\"91662f8\" data-element_type=\"widget\" data-e-type=\"widget\" data-widget_type=\"heading.default\">\n\t\t\t\t\t<h2 class=\"elementor-heading-title elementor-size-default\">taller<\/h2>\t\t\t\t<\/div>\n\t\t\t\t<div class=\"elementor-element elementor-element-bda46e6 elementor-widget elementor-widget-heading\" data-id=\"bda46e6\" data-element_type=\"widget\" data-e-type=\"widget\" data-widget_type=\"heading.default\">\n\t\t\t\t\t<h2 class=\"elementor-heading-title elementor-size-default\">Herramientas estrat\u00e9gicas para docentes ante el nuevo modelo educativo<\/h2>\t\t\t\t<\/div>\n\t\t\t\t<div class=\"elementor-element elementor-element-ad71c2c elementor-widget elementor-widget-spacer\" data-id=\"ad71c2c\" data-element_type=\"widget\" data-e-type=\"widget\" data-widget_type=\"spacer.default\">\n\t\t\t\t\t\t\t<div class=\"elementor-spacer\">\n\t\t\t<div class=\"elementor-spacer-inner\"><\/div>\n\t\t<\/div>\n\t\t\t\t\t\t<\/div>\n\t\t\t\t<div class=\"elementor-element elementor-element-ffaa7c4 elementor-widget elementor-widget-image\" data-id=\"ffaa7c4\" data-element_type=\"widget\" data-e-type=\"widget\" data-widget_type=\"image.default\">\n\t\t\t\t\t\t\t\t\t\t\t\t\t\t\t<img fetchpriority=\"high\" decoding=\"async\" width=\"500\" height=\"500\" src=\"https:\/\/soul-ha.com\/wp-content\/uploads\/2021\/08\/poster-taller-500x500.jpg\" class=\"attachment-portfolio_masonry_regular size-portfolio_masonry_regular wp-image-6733\" alt=\"\" srcset=\"https:\/\/soul-ha.com\/wp-content\/uploads\/2021\/08\/poster-taller-500x500.jpg 500w, https:\/\/soul-ha.com\/wp-content\/uploads\/2021\/08\/poster-taller-300x300.jpg 300w, https:\/\/soul-ha.com\/wp-content\/uploads\/2021\/08\/poster-taller-100x100.jpg 100w, https:\/\/soul-ha.com\/wp-content\/uploads\/2021\/08\/poster-taller-150x150.jpg 150w, https:\/\/soul-ha.com\/wp-content\/uploads\/2021\/08\/poster-taller-12x12.jpg 12w, https:\/\/soul-ha.com\/wp-content\/uploads\/2021\/08\/poster-taller-570x570.jpg 570w, https:\/\/soul-ha.com\/wp-content\/uploads\/2021\/08\/poster-taller-1000x1000.jpg 1000w\" sizes=\"(max-width: 500px) 100vw, 500px\" \/>\t\t\t\t\t\t\t\t\t\t\t\t\t\t\t<\/div>\n\t\t\t\t<div class=\"elementor-element elementor-element-39ddba3 elementor-widget elementor-widget-text-editor\" data-id=\"39ddba3\" data-element_type=\"widget\" data-e-type=\"widget\" data-widget_type=\"text-editor.default\">\n\t\t\t\t\t\t\t\t\t<p><span style=\"font-weight: 400;\">Como docentes hoy el reto se transforma, debemos lograr generar a la distancia en nuestros educandos autodisciplina, autocontrol, autodirecci\u00f3n, autonom\u00eda, entre otras. La innovaci\u00f3n educativa debe ser parte de nuestra formaci\u00f3n docente, la reestructuraci\u00f3n de nuestras sesiones tradicionales se convierte en un imperativo.\u00a0<\/span><\/p><p>\u00a0<\/p><p><span style=\"font-weight: 400;\">Este taller tiene como premisa darte herramientas como docente para trascender del proceso de instrucci\u00f3n tradicional a un\u00a0esquema de educaci\u00f3n en una modalidad h\u00edbrida y online. Aqu\u00ed encontrar\u00e1s de manera pr\u00e1ctica y muy \u00e1gil herramientas concretas y accesibles para poner en pr\u00e1ctica en tu clase, para desarrollar soft skill en ti y tus alumnos.\u00a0Te daremos elementos que te permitan evaluar las herramientas tecnol\u00f3gicas\u00a0actuales y futuras desde el punto de vista de accesibilidad\u00a0y adaptabilidad.<\/span><\/p><p>\u00a0<\/p><p><span style=\"font-weight: 400;\">La educaci\u00f3n debe estar de la mano de la innovaci\u00f3n, pero no ajena a la persona, formemos alumnos resilientes y comprometidos. <strong>Nada trasciende m\u00e1s a una persona que un profesor comprometido.<\/strong><\/span><\/p>\t\t\t\t\t\t\t\t<\/div>\n\t\t\t\t<div class=\"elementor-element elementor-element-e4da0db elementor-align-center elementor-widget elementor-widget-button\" data-id=\"e4da0db\" data-element_type=\"widget\" data-e-type=\"widget\" data-widget_type=\"button.default\">\n\t\t\t\t\t\t\t\t\t\t<a class=\"elementor-button elementor-button-link elementor-size-xl\" href=\"https:\/\/soulhealthadvisor.sabiorealm.com\/product\/taller-para-profesores-2021\" target=\"_blank\">\n\t\t\t\t\t\t<span class=\"elementor-button-content-wrapper\">\n\t\t\t\t\t\t\t\t\t<span class=\"elementor-button-text\">\u00a1INSCR\u00cdBETE AHORA!<\/span>\n\t\t\t\t\t<\/span>\n\t\t\t\t\t<\/a>\n\t\t\t\t\t\t\t\t<\/div>\n\t\t\t\t<section class=\"elementor-section elementor-inner-section elementor-element elementor-element-29416ac elementor-section-boxed elementor-section-height-default elementor-section-height-default parallax_section_no qode_elementor_container_no\" data-id=\"29416ac\" data-element_type=\"section\" data-e-type=\"section\">\n\t\t\t\t\t\t<div class=\"elementor-container elementor-column-gap-default\">\n\t\t\t\t\t<div class=\"elementor-column elementor-col-33 elementor-inner-column elementor-element elementor-element-2212e31\" data-id=\"2212e31\" data-element_type=\"column\" data-e-type=\"column\">\n\t\t\t<div class=\"elementor-widget-wrap elementor-element-populated\">\n\t\t\t\t\t\t<div class=\"elementor-element elementor-element-fa92ddf elementor-widget elementor-widget-video\" data-id=\"fa92ddf\" data-element_type=\"widget\" data-e-type=\"widget\" data-settings=\"{&quot;video_type&quot;:&quot;hosted&quot;,&quot;mute&quot;:&quot;yes&quot;,&quot;controls&quot;:&quot;yes&quot;}\" data-widget_type=\"video.default\">\n\t\t\t\t\t\t\t<div class=\"e-hosted-video elementor-wrapper elementor-open-inline\">\n\t\t\t\t\t<video class=\"elementor-video\" src=\"https:\/\/soul-ha.com\/wp-content\/uploads\/2021\/08\/SAM.mp4\" controls=\"\" preload=\"metadata\" muted=\"muted\" controlsList=\"nodownload\"><\/video>\n\t\t\t\t<\/div>\n\t\t\t\t\t\t<\/div>\n\t\t\t\t\t<\/div>\n\t\t<\/div>\n\t\t\t\t<div class=\"elementor-column elementor-col-33 elementor-inner-column elementor-element elementor-element-594feaa\" data-id=\"594feaa\" data-element_type=\"column\" data-e-type=\"column\">\n\t\t\t<div class=\"elementor-widget-wrap elementor-element-populated\">\n\t\t\t\t\t\t<div class=\"elementor-element elementor-element-e766130 elementor-widget elementor-widget-video\" data-id=\"e766130\" data-element_type=\"widget\" data-e-type=\"widget\" data-settings=\"{&quot;video_type&quot;:&quot;hosted&quot;,&quot;mute&quot;:&quot;yes&quot;,&quot;controls&quot;:&quot;yes&quot;}\" data-widget_type=\"video.default\">\n\t\t\t\t\t\t\t<div class=\"e-hosted-video elementor-wrapper elementor-open-inline\">\n\t\t\t\t\t<video class=\"elementor-video\" src=\"https:\/\/soul-ha.com\/wp-content\/uploads\/2021\/08\/MALU.mp4\" controls=\"\" preload=\"metadata\" muted=\"muted\" controlsList=\"nodownload\"><\/video>\n\t\t\t\t<\/div>\n\t\t\t\t\t\t<\/div>\n\t\t\t\t\t<\/div>\n\t\t<\/div>\n\t\t\t\t<div class=\"elementor-column elementor-col-33 elementor-inner-column elementor-element elementor-element-7d8c7e5\" data-id=\"7d8c7e5\" data-element_type=\"column\" data-e-type=\"column\">\n\t\t\t<div class=\"elementor-widget-wrap elementor-element-populated\">\n\t\t\t\t\t\t<div class=\"elementor-element elementor-element-5fdc8d0 elementor-widget elementor-widget-video\" data-id=\"5fdc8d0\" data-element_type=\"widget\" data-e-type=\"widget\" data-settings=\"{&quot;video_type&quot;:&quot;hosted&quot;,&quot;mute&quot;:&quot;yes&quot;,&quot;controls&quot;:&quot;yes&quot;}\" data-widget_type=\"video.default\">\n\t\t\t\t\t\t\t<div class=\"e-hosted-video elementor-wrapper elementor-open-inline\">\n\t\t\t\t\t<video class=\"elementor-video\" src=\"https:\/\/soul-ha.com\/wp-content\/uploads\/2021\/08\/pris-taller-para-docentes-2021.mp4\" controls=\"\" preload=\"metadata\" muted=\"muted\" controlsList=\"nodownload\"><\/video>\n\t\t\t\t<\/div>\n\t\t\t\t\t\t<\/div>\n\t\t\t\t\t<\/div>\n\t\t<\/div>\n\t\t\t\t\t<\/div>\n\t\t<\/section>\n\t\t\t\t<div class=\"elementor-element elementor-element-4d82f18 elementor-widget elementor-widget-spacer\" data-id=\"4d82f18\" data-element_type=\"widget\" data-e-type=\"widget\" data-widget_type=\"spacer.default\">\n\t\t\t\t\t\t\t<div class=\"elementor-spacer\">\n\t\t\t<div class=\"elementor-spacer-inner\"><\/div>\n\t\t<\/div>\n\t\t\t\t\t\t<\/div>\n\t\t\t\t\t<\/div>\n\t\t<\/div>\n\t\t\t\t\t<\/div>\n\t\t<\/section>\n\t\t\t\t<section class=\"elementor-section elementor-top-section elementor-element elementor-element-4f2a397 elementor-section-boxed elementor-section-height-default elementor-section-height-default parallax_section_no qode_elementor_container_no\" data-id=\"4f2a397\" data-element_type=\"section\" data-e-type=\"section\" data-settings=\"{&quot;background_background&quot;:&quot;classic&quot;}\">\n\t\t\t\t\t\t<div class=\"elementor-container elementor-column-gap-default\">\n\t\t\t\t\t<div class=\"elementor-column elementor-col-100 elementor-top-column elementor-element elementor-element-c434f34\" data-id=\"c434f34\" data-element_type=\"column\" data-e-type=\"column\">\n\t\t\t<div class=\"elementor-widget-wrap elementor-element-populated\">\n\t\t\t\t\t\t<div class=\"elementor-element elementor-element-ce36a19 elementor-widget elementor-widget-spacer\" data-id=\"ce36a19\" data-element_type=\"widget\" data-e-type=\"widget\" data-widget_type=\"spacer.default\">\n\t\t\t\t\t\t\t<div class=\"elementor-spacer\">\n\t\t\t<div class=\"elementor-spacer-inner\"><\/div>\n\t\t<\/div>\n\t\t\t\t\t\t<\/div>\n\t\t\t\t<div class=\"elementor-element elementor-element-6ce17eb elementor-widget elementor-widget-heading\" data-id=\"6ce17eb\" data-element_type=\"widget\" data-e-type=\"widget\" data-widget_type=\"heading.default\">\n\t\t\t\t\t<h3 class=\"elementor-heading-title elementor-size-default\">temario<\/h3>\t\t\t\t<\/div>\n\t\t\t\t<div class=\"elementor-element elementor-element-c223530 elementor-widget elementor-widget-text-editor\" data-id=\"c223530\" data-element_type=\"widget\" data-e-type=\"widget\" data-widget_type=\"text-editor.default\">\n\t\t\t\t\t\t\t\t\t<p>1. \u00bfC\u00f3mo sobrevivir al nuevo modelo educativo virtual? Conectados y enredados<\/p>\t\t\t\t\t\t\t\t<\/div>\n\t\t\t\t<div class=\"elementor-element elementor-element-809afed elementor-widget elementor-widget-text-editor\" data-id=\"809afed\" data-element_type=\"widget\" data-e-type=\"widget\" data-widget_type=\"text-editor.default\">\n\t\t\t\t\t\t\t\t\t<p><strong>II.1 Fases del cambio<\/strong><\/p><p><strong>II.2 Mi postura frente al cambio\u00a0<\/strong><\/p><p><strong>II.3 Qu\u00e9 tengo que transformar en mi para adaptarme<\/strong><\/p><p><strong>II.4 Educaci\u00f3n dentro y fuera del aula<\/strong><\/p><p><strong>II.5 C\u00f3mo ser mi mejor versi\u00f3n para mis alumnos\u00a0<\/strong><\/p><p><strong>II.6 Innovar para trascender<\/strong><\/p>\t\t\t\t\t\t\t\t<\/div>\n\t\t\t\t<div class=\"elementor-element elementor-element-b08cc75 elementor-widget elementor-widget-text-editor\" data-id=\"b08cc75\" data-element_type=\"widget\" data-e-type=\"widget\" data-widget_type=\"text-editor.default\">\n\t\t\t\t\t\t\t\t\t<p>2. El paradigma del aula<\/p>\t\t\t\t\t\t\t\t<\/div>\n\t\t\t\t<div class=\"elementor-element elementor-element-6008f08 elementor-widget elementor-widget-text-editor\" data-id=\"6008f08\" data-element_type=\"widget\" data-e-type=\"widget\" data-widget_type=\"text-editor.default\">\n\t\t\t\t\t\t\t\t\t<p><strong>I.1 C\u00f3mo hemos cambiado -la educaci\u00f3n y la virtualidad<\/strong><\/p><p><strong>I.2 \u00bfC\u00f3mo lograr ser un gran profesor virtual?<\/strong><\/p><p><strong>I.3 Logremos estudiantes virtuales exitosos<\/strong><\/p><p><strong>I.4 Los 5 errores de la educaci\u00f3n virtual\u00a0<\/strong><\/p>\t\t\t\t\t\t\t\t<\/div>\n\t\t\t\t<div class=\"elementor-element elementor-element-6551493 elementor-widget elementor-widget-text-editor\" data-id=\"6551493\" data-element_type=\"widget\" data-e-type=\"widget\" data-widget_type=\"text-editor.default\">\n\t\t\t\t\t\t\t\t\t<p><span style=\"font-weight: 400;\"><strong>3. Herramientas tecnol\u00f3gicas para la educaci\u00f3n h\u00edbrida I y I<\/strong>I<\/span><\/p>\t\t\t\t\t\t\t\t<\/div>\n\t\t\t\t<div class=\"elementor-element elementor-element-05124d3 elementor-widget elementor-widget-text-editor\" data-id=\"05124d3\" data-element_type=\"widget\" data-e-type=\"widget\" data-widget_type=\"text-editor.default\">\n\t\t\t\t\t\t\t\t\t<p><strong>III.1 Ventajas de las herramientas educativas aplicables a una modalidad h\u00edbrida<\/strong><\/p><p><span style=\"font-weight: 400;\">\u00a0\u00a0\u00a0\u00a0\u00a0III.1.1 Tips generales<\/span><\/p><p><span style=\"font-weight: 400;\">\u00a0\u00a0\u00a0\u00a0\u00a0III.1.2 Estrategias educativas para la modalidad h\u00edbrida<\/span><\/p><p><span style=\"font-weight: 400;\">\u00a0\u00a0\u00a0\u00a0\u00a0III.1.3 Interacci\u00f3n<\/span><\/p><ul><li style=\"list-style-type: none;\"><ul><li style=\"list-style-type: none;\"><ul><li style=\"list-style-type: none;\"><ul><li><span style=\"font-weight: 400;\">Mentimeter<\/span><\/li><li><span style=\"font-weight: 400;\">Peardeck\u00a0<\/span><\/li><\/ul><\/li><\/ul><\/li><\/ul><\/li><\/ul><p><span style=\"font-weight: 400;\">\u00a0\u00a0\u00a0\u00a0\u00a0\u00a0III.1. 4 Participaci\u00f3n<\/span><\/p><ul><li style=\"list-style-type: none;\"><ul><li style=\"list-style-type: none;\"><ul><li style=\"list-style-type: none;\"><ul><li style=\"font-weight: 400;\" aria-level=\"1\"><span style=\"font-weight: 400;\">Jamboard<\/span><\/li><li style=\"font-weight: 400;\" aria-level=\"1\"><span style=\"font-weight: 400;\">Spatial Chat\u00a0<\/span><\/li><\/ul><\/li><\/ul><\/li><\/ul><\/li><\/ul><p><strong>III.2 Herramientas pr\u00e1cticas y al alcance de todos<\/strong><\/p><p><span style=\"font-weight: 400;\">\u00a0\u00a0\u00a0\u00a0\u00a0III.2.1 Presentaciones\u00a0<\/span><\/p><ul><li style=\"list-style-type: none;\"><ul><li style=\"list-style-type: none;\"><ul><li style=\"list-style-type: none;\"><ul><li style=\"font-weight: 400;\" aria-level=\"1\"><span style=\"font-weight: 400;\">Genially\u00a0<\/span><\/li><\/ul><\/li><\/ul><\/li><\/ul><\/li><\/ul><ul><li style=\"list-style-type: none;\"><ul><li style=\"list-style-type: none;\"><ul><li style=\"list-style-type: none;\"><ul><li style=\"font-weight: 400;\" aria-level=\"1\"><span style=\"font-weight: 400;\">Otra cara del Powerpoint\u00a0<\/span><\/li><\/ul><\/li><\/ul><\/li><\/ul><\/li><\/ul><p><span style=\"font-weight: 400;\">\u00a0\u00a0\u00a0\u00a0\u00a0III.2.2 Aprendizaje l\u00fadico<\/span><\/p><ul><li style=\"list-style-type: none;\"><ul><li style=\"list-style-type: none;\"><ul><li style=\"list-style-type: none;\"><ul><li style=\"font-weight: 400;\" aria-level=\"1\"><span style=\"font-weight: 400;\">Quizizz<\/span><\/li><\/ul><\/li><\/ul><\/li><\/ul><\/li><\/ul>\t\t\t\t\t\t\t\t<\/div>\n\t\t\t\t<div class=\"elementor-element elementor-element-b90c0cd elementor-widget elementor-widget-text-editor\" data-id=\"b90c0cd\" data-element_type=\"widget\" data-e-type=\"widget\" data-widget_type=\"text-editor.default\">\n\t\t\t\t\t\t\t\t\t4. El ABC del regreso a clases\t\t\t\t\t\t\t\t<\/div>\n\t\t\t\t<div class=\"elementor-element elementor-element-de429db elementor-widget elementor-widget-text-editor\" data-id=\"de429db\" data-element_type=\"widget\" data-e-type=\"widget\" data-widget_type=\"text-editor.default\">\n\t\t\t\t\t\t\t\t\t<p><strong>IV.1 Or\u00edgenes del mindfulness<\/strong><\/p><p><strong>IV.2 Atenci\u00f3n plena en el \u00e1mbito educativo<\/strong><\/p><p><strong>IV.3 Modelo ABC<\/strong><\/p><p><strong>IV:4 Ejercicios pr\u00e1cticos<\/strong><\/p>\t\t\t\t\t\t\t\t<\/div>\n\t\t\t\t<div class=\"elementor-element elementor-element-1f4ebbb elementor-widget elementor-widget-text-editor\" data-id=\"1f4ebbb\" data-element_type=\"widget\" data-e-type=\"widget\" data-widget_type=\"text-editor.default\">\n\t\t\t\t\t\t\t\t\t5. Signos de alerta en los alumnos y canalizaci\u00f3n oportuna\t\t\t\t\t\t\t\t<\/div>\n\t\t\t\t<div class=\"elementor-element elementor-element-cebf347 elementor-widget elementor-widget-text-editor\" data-id=\"cebf347\" data-element_type=\"widget\" data-e-type=\"widget\" data-widget_type=\"text-editor.default\">\n\t\t\t\t\t\t\t\t\t<p><strong>V.1 Signos y s\u00edntomas de los trastornos de ansiedad<\/strong><\/p><p><strong>V.2 Factores de riesgo<\/strong><\/p><p><strong>V.3 Detecci\u00f3n y prevenci\u00f3n<\/strong><\/p><p><strong>V.4 Signos y s\u00edntomas de los trastornos depresivos<\/strong><\/p><p><strong>V.5 Factores de riesgo<\/strong><\/p><p><strong>V.6 Detecci\u00f3n y prevenci\u00f3n<\/strong><\/p>\t\t\t\t\t\t\t\t<\/div>\n\t\t\t\t\t<\/div>\n\t\t<\/div>\n\t\t\t\t\t<\/div>\n\t\t<\/section>\n\t\t\t\t<section class=\"elementor-section elementor-top-section elementor-element elementor-element-56eafa2 elementor-section-boxed elementor-section-height-default elementor-section-height-default parallax_section_no qode_elementor_container_no\" data-id=\"56eafa2\" data-element_type=\"section\" data-e-type=\"section\" data-settings=\"{&quot;background_background&quot;:&quot;classic&quot;}\">\n\t\t\t\t\t\t<div class=\"elementor-container elementor-column-gap-default\">\n\t\t\t\t\t<div class=\"elementor-column elementor-col-100 elementor-top-column elementor-element elementor-element-715c9c7\" data-id=\"715c9c7\" data-element_type=\"column\" data-e-type=\"column\">\n\t\t\t<div class=\"elementor-widget-wrap elementor-element-populated\">\n\t\t\t\t\t\t<div class=\"elementor-element elementor-element-07371b1 elementor-align-center elementor-widget elementor-widget-button\" data-id=\"07371b1\" data-element_type=\"widget\" data-e-type=\"widget\" data-widget_type=\"button.default\">\n\t\t\t\t\t\t\t\t\t\t<a class=\"elementor-button elementor-button-link elementor-size-xl\" href=\"https:\/\/soulhealthadvisor.sabiorealm.com\/product\/taller-para-profesores-2021\" target=\"_blank\">\n\t\t\t\t\t\t<span class=\"elementor-button-content-wrapper\">\n\t\t\t\t\t\t\t\t\t<span class=\"elementor-button-text\">\u00a1INSCR\u00cdBETE AHORA!<\/span>\n\t\t\t\t\t<\/span>\n\t\t\t\t\t<\/a>\n\t\t\t\t\t\t\t\t<\/div>\n\t\t\t\t<div class=\"elementor-element elementor-element-e70e62c elementor-widget elementor-widget-text-editor\" data-id=\"e70e62c\" data-element_type=\"widget\" data-e-type=\"widget\" data-widget_type=\"text-editor.default\">\n\t\t\t\t\t\t\t\t\t<p>Si tienes alguna duda o comentario, no dejes de contactarnos a <a href=\"mailto:contacto@soul-ha.com\">contacto@soul-ha.com<\/a><\/p>\t\t\t\t\t\t\t\t<\/div>\n\t\t\t\t<div class=\"elementor-element elementor-element-7350c3d elementor-widget elementor-widget-spacer\" data-id=\"7350c3d\" data-element_type=\"widget\" data-e-type=\"widget\" data-widget_type=\"spacer.default\">\n\t\t\t\t\t\t\t<div class=\"elementor-spacer\">\n\t\t\t<div class=\"elementor-spacer-inner\"><\/div>\n\t\t<\/div>\n\t\t\t\t\t\t<\/div>\n\t\t\t\t\t<\/div>\n\t\t<\/div>\n\t\t\t\t\t<\/div>\n\t\t<\/section>\n\t\t\t\t<\/div>\n\t\t","protected":false},"excerpt":{"rendered":"<p>taller Herramientas estrat\u00e9gicas para docentes ante el nuevo modelo educativo Como docentes hoy el reto se transforma, debemos lograr generar&#8230;<\/p>\n","protected":false},"author":1,"featured_media":0,"parent":0,"menu_order":0,"comment_status":"closed","ping_status":"closed","template":"full_width.php","meta":{"om_disable_all_campaigns":false,"_monsterinsights_skip_tracking":false,"_monsterinsights_sitenote_active":false,"_monsterinsights_sitenote_note":"","_monsterinsights_sitenote_category":0,"footnotes":""},"class_list":["post-6728","page","type-page","status-publish","hentry"],"aioseo_notices":[],"_links":{"self":[{"href":"https:\/\/soul-ha.com\/index.php\/wp-json\/wp\/v2\/pages\/6728","targetHints":{"allow":["GET"]}}],"collection":[{"href":"https:\/\/soul-ha.com\/index.php\/wp-json\/wp\/v2\/pages"}],"about":[{"href":"https:\/\/soul-ha.com\/index.php\/wp-json\/wp\/v2\/types\/page"}],"author":[{"embeddable":true,"href":"https:\/\/soul-ha.com\/index.php\/wp-json\/wp\/v2\/users\/1"}],"replies":[{"embeddable":true,"href":"https:\/\/soul-ha.com\/index.php\/wp-json\/wp\/v2\/comments?post=6728"}],"version-history":[{"count":11,"href":"https:\/\/soul-ha.com\/index.php\/wp-json\/wp\/v2\/pages\/6728\/revisions"}],"predecessor-version":[{"id":17470,"href":"https:\/\/soul-ha.com\/index.php\/wp-json\/wp\/v2\/pages\/6728\/revisions\/17470"}],"wp:attachment":[{"href":"https:\/\/soul-ha.com\/index.php\/wp-json\/wp\/v2\/media?parent=6728"}],"curies":[{"name":"wp","href":"https:\/\/api.w.org\/{rel}","templated":true}]}}