{"id":43465,"date":"2025-01-06T10:14:02","date_gmt":"2025-01-06T16:14:02","guid":{"rendered":"https:\/\/soul-ha.com\/?page_id=43465"},"modified":"2025-01-06T10:21:47","modified_gmt":"2025-01-06T16:21:47","slug":"codigo-de-etica","status":"publish","type":"page","link":"https:\/\/soul-ha.com\/index.php\/codigo-de-etica\/","title":{"rendered":"C\u00f3digo de \u00c9tica"},"content":{"rendered":"\t\t<div data-elementor-type=\"wp-page\" data-elementor-id=\"43465\" class=\"elementor elementor-43465\" data-elementor-post-type=\"page\">\n\t\t\t\t<div class=\"elementor-element elementor-element-80a8d0e e-flex e-con-boxed e-con e-parent\" data-id=\"80a8d0e\" data-element_type=\"container\" data-e-type=\"container\">\n\t\t\t\t\t<div class=\"e-con-inner\">\n\t\t\t\t<div class=\"elementor-element elementor-element-0f02141 elementor-widget elementor-widget-heading\" data-id=\"0f02141\" data-element_type=\"widget\" data-e-type=\"widget\" data-widget_type=\"heading.default\">\n\t\t\t\t\t<h2 class=\"elementor-heading-title elementor-size-default\">C\u00f3digo de \u00c9tica<\/h2>\t\t\t\t<\/div>\n\t\t\t\t\t<\/div>\n\t\t\t\t<\/div>\n\t\t<div class=\"elementor-element elementor-element-70eea9f e-flex e-con-boxed e-con e-parent\" data-id=\"70eea9f\" data-element_type=\"container\" data-e-type=\"container\">\n\t\t\t\t\t<div class=\"e-con-inner\">\n\t\t\t\t<div class=\"elementor-element elementor-element-f4abbf2 elementor-widget elementor-widget-text-editor\" data-id=\"f4abbf2\" data-element_type=\"widget\" data-e-type=\"widget\" data-widget_type=\"text-editor.default\">\n\t\t\t\t\t\t\t\t\t<p><strong>1. Compromiso con el bienestar de las personas<\/strong><\/p><p>El bienestar de las personas es nuestra principal responsabilidad. Todas las decisiones cl\u00ednicas, educativas, comerciales y administrativas est\u00e1n enfocadas a garantizar la seguridad, la integridad, la salud y desarrollo de las personas que se acercan a nuestros diferentes servicios.<\/p><p>Tenemos como centro a la persona, respetamos la autonom\u00eda, dignidad y los derechos de las personas, las decisiones en la atenci\u00f3n a la salud emocional y mental se toman en colaboraci\u00f3n con cada una de las personas, con estricto respeto a sus valores, creencias y preferencias.<\/p><p>Para Soul Health Advisor la Confidencialidad, es prioritaria, la privacidad de la informaci\u00f3n personal ser\u00e1 protegida rigurosamente, de acuerdo con las leyes y regulaciones vigentes, as\u00ed como las normas de protecci\u00f3n de datos personales.<\/p><p><strong>2. Competencia profesional<\/strong><\/p><p>Para lograr el mejor desarrollo de nuestras funciones contamos con actualizaci\u00f3n continua de todos los profesionales de la salud tanto en conocimientos, habilidades y nuevas tecnolog\u00edas de educaci\u00f3n y formaci\u00f3n.<\/p><p>L\u00edmites de competencia, nuestros profesionales ofrecen \u00fanicamente servicios para los cuales est\u00e1n debidamente formados, capacitados y cualificados. Cuando los servicios que se requieran no son de la espacialidad del profesional de la salud deber\u00e1 ser derivado a otros especialistas previo consentimiento de la empresa, cliente o paciente.<\/p><p><strong>3. Integridad y honestidad<\/strong><\/p><p>Los profesionales de la salud y el personal de Sou Health Advisor deben mantener una conducta honesta y transparente en sus interacciones con los pacientes, colegas, y otras partes interesadas.<\/p><p>Informaci\u00f3n veraz, todos los reportes que se entreguen a nuestros clientes deber\u00e1n tener informaci\u00f3n clara y concreta y con estricto apego a la confidencialidad.<\/p><p>Prevenci\u00f3n de conflictos de inter\u00e9s, Los colaboradores de Soul Health Advisor evitar\u00e1n cualquier situaci\u00f3n en la que sus intereses personales o financieros puedan entrar en conflicto con los intereses de nuestros clientes, pacientes o socios.<\/p><p><strong>4. Respeto y dignidad<\/strong><\/p><p>No discriminaci\u00f3n, los servicios de Soul Health Advisor est\u00e1n abiertos a toda empresa, grupo social, colectivo y persona que as\u00ed lo requieran. Toda persona debe ser tratada de manera justa y equitativa, sin discriminaci\u00f3n por motivos de raza, g\u00e9nero, orientaci\u00f3n sexual, religi\u00f3n, condici\u00f3n econ\u00f3mica o discapacidad.<\/p><p>Las interacciones con toda persona deben ser respetuosa y en su caso compasiva, garantizando en todo momento el trato digno que merecen la persona.<\/p><p><strong>5. Confidencialidad y privacidad<\/strong><\/p><p>Toda la informaci\u00f3n que las empresas y personas entreguen a Soul Health Advisor, ya sea oral, electr\u00f3nica, escrita, virtual o por cualquier medio es y deber\u00e1 ser tratada como absoluta confidencialidad y solo compartida con otros profesionales cundo sea estrictamente necesario ya sea para la atenci\u00f3n psicol\u00f3gica o\u00a0 medica, por una condici\u00f3n de peligro a la vida o en caso de autorizaci\u00f3n expresa del paciente.<\/p><p>Soul Health Advisor cumple todas las leyes y regulaciones locales e internacionales sobre la confidencialidad de la informaci\u00f3n, como la Ley HIPAA (en EE.UU.) u otras normativas aplicables.<\/p><p><strong>6. Relaciones con otros profesionales de la salud y otras profesiones<\/strong><\/p><p>Nuestra red de educadores, terapeutas y profesionales de la salud debe estar alineados con los principios \u00c9ticos de Soul Health Advisor, deben valorar las contribuciones de cada uno y evitar cualquier conducta que promueva la rivalidad o deslealtad.<\/p><p>Los conflictos interpersonales o profesionales deber\u00e1n ser gestionados de manera \u00e9tica, abierta y constructiva, priorizando siempre el bienestar de los clientes, empresas y personas usuarios de los servicios de Soul Health Advisor.<\/p><p><strong>7. Responsabilidad social<\/strong><\/p><p>Soul Health Advisor \u00a0tiene la responsabilidad de contribuir al bienestar de la comunidad, promoviendo la prevenci\u00f3n la salud metal y emocional y fomentando la educaci\u00f3n y el desarrollo.<\/p><p>En Soul Health Advisor trabajamos para reducir las barreras al acceso a los servicios de salud mental y emocional como estigma, precio y tiempo. Asimismo buscamos ofrecer \u00a0atenci\u00f3n a poblaciones vulnerables y marginadas.<\/p><p><strong>8. Pr\u00e1cticas \u00e9ticas en la investigaci\u00f3n<\/strong><\/p><p>En Soul Health Advisor buscamos promover la investigaci\u00f3n \u00e9tica en salud mental, obteniendo el consentimiento informado de los participantes y garantizando su bienestar a lo largo del estudio.<\/p><p>Los resultados de investigaciones ser\u00e1n publicados y compartidos con la comunidad cient\u00edfica de manera responsable y veraz, respetando los principios \u00e9ticos de la divulgaci\u00f3n.<\/p><p>\u00a0<\/p><p>Este c\u00f3digo de \u00e9tica sirve como una gu\u00eda para garantizar que los servicio de Soul Health Advisor \u00a0operan con los m\u00e1s altos est\u00e1ndares \u00e9ticos y profesionales, protegiendo el bienestar de las personas manteniendo la integridad y la confidencialidad.<\/p><p>\u00a0<\/p><p>\u00a0<\/p><p>Alma Ortiz Rom\u00e1n<\/p><p>CEO SOUL HEALTH ADVISOR<\/p>\t\t\t\t\t\t\t\t<\/div>\n\t\t\t\t\t<\/div>\n\t\t\t\t<\/div>\n\t\t\t\t<\/div>\n\t\t","protected":false},"excerpt":{"rendered":"<p>C\u00f3digo de \u00c9tica 1. Compromiso con el bienestar de las personas El bienestar de las personas es nuestra principal responsabilidad&#8230;.<\/p>\n","protected":false},"author":1,"featured_media":0,"parent":0,"menu_order":0,"comment_status":"closed","ping_status":"closed","template":"","meta":{"om_disable_all_campaigns":false,"_monsterinsights_skip_tracking":false,"_monsterinsights_sitenote_active":false,"_monsterinsights_sitenote_note":"","_monsterinsights_sitenote_category":0,"footnotes":""},"class_list":["post-43465","page","type-page","status-publish","hentry"],"aioseo_notices":[],"_links":{"self":[{"href":"https:\/\/soul-ha.com\/index.php\/wp-json\/wp\/v2\/pages\/43465","targetHints":{"allow":["GET"]}}],"collection":[{"href":"https:\/\/soul-ha.com\/index.php\/wp-json\/wp\/v2\/pages"}],"about":[{"href":"https:\/\/soul-ha.com\/index.php\/wp-json\/wp\/v2\/types\/page"}],"author":[{"embeddable":true,"href":"https:\/\/soul-ha.com\/index.php\/wp-json\/wp\/v2\/users\/1"}],"replies":[{"embeddable":true,"href":"https:\/\/soul-ha.com\/index.php\/wp-json\/wp\/v2\/comments?post=43465"}],"version-history":[{"count":5,"href":"https:\/\/soul-ha.com\/index.php\/wp-json\/wp\/v2\/pages\/43465\/revisions"}],"predecessor-version":[{"id":43470,"href":"https:\/\/soul-ha.com\/index.php\/wp-json\/wp\/v2\/pages\/43465\/revisions\/43470"}],"wp:attachment":[{"href":"https:\/\/soul-ha.com\/index.php\/wp-json\/wp\/v2\/media?parent=43465"}],"curies":[{"name":"wp","href":"https:\/\/api.w.org\/{rel}","templated":true}]}}