{"id":43189,"date":"2024-11-01T17:58:39","date_gmt":"2024-11-01T23:58:39","guid":{"rendered":"https:\/\/soul-ha.com\/?page_id=43189"},"modified":"2025-02-06T20:00:22","modified_gmt":"2025-02-07T02:00:22","slug":"recursos","status":"publish","type":"page","link":"https:\/\/soul-ha.com\/index.php\/recursos\/","title":{"rendered":"RECURSOS"},"content":{"rendered":"\t\t<div data-elementor-type=\"wp-page\" data-elementor-id=\"43189\" class=\"elementor elementor-43189\" data-elementor-post-type=\"page\">\n\t\t\t\t\t\t<section class=\"elementor-section elementor-top-section elementor-element elementor-element-5006a6a elementor-section-full_width elementor-section-stretched elementor-section-height-full elementor-section-items-top elementor-section-height-default parallax_section_no qode_elementor_container_no\" data-id=\"5006a6a\" data-element_type=\"section\" data-e-type=\"section\" data-settings=\"{&quot;stretch_section&quot;:&quot;section-stretched&quot;,&quot;background_background&quot;:&quot;classic&quot;}\">\n\t\t\t\t\t\t<div class=\"elementor-container elementor-column-gap-no\">\n\t\t\t\t\t<div class=\"elementor-column elementor-col-100 elementor-top-column elementor-element elementor-element-b60d54e\" data-id=\"b60d54e\" data-element_type=\"column\" data-e-type=\"column\">\n\t\t\t<div class=\"elementor-widget-wrap elementor-element-populated\">\n\t\t\t\t\t\t<div class=\"elementor-element elementor-element-64f32af elementor-widget elementor-widget-image\" data-id=\"64f32af\" data-element_type=\"widget\" data-e-type=\"widget\" data-widget_type=\"image.default\">\n\t\t\t\t\t\t\t\t\t\t\t\t<figure class=\"wp-caption\">\n\t\t\t\t\t\t\t\t\t\t<img fetchpriority=\"high\" decoding=\"async\" width=\"1366\" height=\"768\" src=\"https:\/\/soul-ha.com\/wp-content\/uploads\/2024\/11\/Westmire-Wired.png\" class=\"attachment-full size-full wp-image-43135\" alt=\"\" srcset=\"https:\/\/soul-ha.com\/wp-content\/uploads\/2024\/11\/Westmire-Wired.png 1366w, https:\/\/soul-ha.com\/wp-content\/uploads\/2024\/11\/Westmire-Wired-300x169.png 300w, https:\/\/soul-ha.com\/wp-content\/uploads\/2024\/11\/Westmire-Wired-1024x576.png 1024w, https:\/\/soul-ha.com\/wp-content\/uploads\/2024\/11\/Westmire-Wired-768x432.png 768w, https:\/\/soul-ha.com\/wp-content\/uploads\/2024\/11\/Westmire-Wired-100x56.png 100w, https:\/\/soul-ha.com\/wp-content\/uploads\/2024\/11\/Westmire-Wired-18x10.png 18w, https:\/\/soul-ha.com\/wp-content\/uploads\/2024\/11\/Westmire-Wired-700x394.png 700w, https:\/\/soul-ha.com\/wp-content\/uploads\/2024\/11\/Westmire-Wired-539x303.png 539w, https:\/\/soul-ha.com\/wp-content\/uploads\/2024\/11\/Westmire-Wired-600x337.png 600w\" sizes=\"(max-width: 1366px) 100vw, 1366px\" \/>\t\t\t\t\t\t\t\t\t\t\t<figcaption class=\"widget-image-caption wp-caption-text\"><\/figcaption>\n\t\t\t\t\t\t\t\t\t\t<\/figure>\n\t\t\t\t\t\t\t\t\t<\/div>\n\t\t\t\t<div class=\"elementor-element elementor-element-3245966 elementor-absolute elementor-widget__width-initial elementor-widget-mobile__width-initial elementor-widget elementor-widget-heading\" data-id=\"3245966\" data-element_type=\"widget\" data-e-type=\"widget\" data-settings=\"{&quot;_position&quot;:&quot;absolute&quot;}\" data-widget_type=\"heading.default\">\n\t\t\t\t\t<h1 class=\"elementor-heading-title elementor-size-default\">RECURSOS<\/h1>\t\t\t\t<\/div>\n\t\t\t\t\t<\/div>\n\t\t<\/div>\n\t\t\t\t\t<\/div>\n\t\t<\/section>\n\t\t<div class=\"elementor-element elementor-element-16c45f6 e-flex e-con-boxed e-con e-parent\" data-id=\"16c45f6\" data-element_type=\"container\" data-e-type=\"container\">\n\t\t\t\t\t<div class=\"e-con-inner\">\n\t\t\t\t<div class=\"elementor-element elementor-element-29aa660 elementor-widget elementor-widget-spacer\" data-id=\"29aa660\" data-element_type=\"widget\" data-e-type=\"widget\" data-widget_type=\"spacer.default\">\n\t\t\t\t\t\t\t<div class=\"elementor-spacer\">\n\t\t\t<div class=\"elementor-spacer-inner\"><\/div>\n\t\t<\/div>\n\t\t\t\t\t\t<\/div>\n\t\t\t\t\t<\/div>\n\t\t\t\t<\/div>\n\t\t<div class=\"elementor-element elementor-element-cea57a4 e-flex e-con-boxed e-con e-parent\" data-id=\"cea57a4\" data-element_type=\"container\" data-e-type=\"container\">\n\t\t\t\t\t<div class=\"e-con-inner\">\n\t\t\t\t<div class=\"elementor-element elementor-element-439f298 elementor-widget elementor-widget-text-editor\" data-id=\"439f298\" data-element_type=\"widget\" data-e-type=\"widget\" data-widget_type=\"text-editor.default\">\n\t\t\t\t\t\t\t\t\t<p style=\"text-align: center;\">\u00a0<\/p><p style=\"text-align: center;\">\u00a0<\/p><p style=\"text-align: center;\">Bienvenid@ a nuestra p\u00e1gina de recursos, donde encontrar\u00e1s una selecci\u00f3n de herramientas, gu\u00edas y materiales dise\u00f1ados para ayudarte a alcanzar tus objetivos. Ya sea que est\u00e9s buscando mejorar tu salud emocional o encontrar herramientas para tu equipo de trabajo, o simplemente obtener informaci\u00f3n \u00fatil, estos recursos te ofrecen soporte en cada paso del camino.<\/p>\t\t\t\t\t\t\t\t<\/div>\n\t\t\t\t\t<\/div>\n\t\t\t\t<\/div>\n\t\t<div class=\"elementor-element elementor-element-9e115ac e-flex e-con-boxed e-con e-parent\" data-id=\"9e115ac\" data-element_type=\"container\" data-e-type=\"container\">\n\t\t\t\t\t<div class=\"e-con-inner\">\n\t\t\t\t<div class=\"elementor-element elementor-element-b648673 elementor-widget elementor-widget-text-editor\" data-id=\"b648673\" data-element_type=\"widget\" data-e-type=\"widget\" data-widget_type=\"text-editor.default\">\n\t\t\t\t\t\t\t\t\t<p style=\"text-align: center;\">En un mundo lleno de distracciones, ansiedad\u00a0 y estr\u00e9s, aqu\u00ed\u00a0 encontrar\u00e1s momentos de paz y conexi\u00f3n interior. Te ofrecemos un espacio donde puedes explorar el poder transformador y el desarrollo personal a trav\u00e9s de recursos de alta calidad, meditaciones guiadas y cursos dise\u00f1ados para ayudarte a vivir con m\u00e1s consciencia, calma y prop\u00f3sito.<\/p>\t\t\t\t\t\t\t\t<\/div>\n\t\t\t\t\t<\/div>\n\t\t\t\t<\/div>\n\t\t<div class=\"elementor-element elementor-element-0d3770d e-flex e-con-boxed e-con e-parent\" data-id=\"0d3770d\" data-element_type=\"container\" data-e-type=\"container\">\n\t\t\t\t\t<div class=\"e-con-inner\">\n\t\t\t\t<div class=\"elementor-element elementor-element-57e8aab elementor-widget elementor-widget-text-editor\" data-id=\"57e8aab\" data-element_type=\"widget\" data-e-type=\"widget\" data-widget_type=\"text-editor.default\">\n\t\t\t\t\t\t\t\t\t<p>En nuestro Blog<\/p>\t\t\t\t\t\t\t\t<\/div>\n\t\t\t\t\t<\/div>\n\t\t\t\t<\/div>\n\t\t<div class=\"elementor-element elementor-element-ecf6e90 e-flex e-con-boxed e-con e-parent\" data-id=\"ecf6e90\" data-element_type=\"container\" data-e-type=\"container\">\n\t\t\t\t\t<div class=\"e-con-inner\">\n\t\t\t\t<div class=\"elementor-element elementor-element-a56ace8 elementor-widget elementor-widget-text-editor\" data-id=\"a56ace8\" data-element_type=\"widget\" data-e-type=\"widget\" data-widget_type=\"text-editor.default\">\n\t\t\t\t\t\t\t\t\t<p>Encontrar\u00e1s una constante inspiraci\u00f3n y conocimiento sobre temas de bienestar, mindfulness, crecimiento personal y desarrollo. Cada art\u00edculo est\u00e1 creado para ayudarte a descubrir nuevas perspectivas, pr\u00e1cticas y h\u00e1bitos que te permitan enriquecer tu vida cotidiana y enfrentar desaf\u00edos con mayor resiliencia. Sum\u00e9rgete en art\u00edculos sobre:<\/p><ul><li>Mindfulness y meditaci\u00f3n<\/li><li>T\u00e9cnicas para reducir el estr\u00e9s y la ansiedad<\/li><li>Desarrollo personal y empoderamiento<\/li><li>Salud mental y emocional<\/li><li>Y mucho m\u00e1s\u2026<\/li><\/ul>\t\t\t\t\t\t\t\t<\/div>\n\t\t\t\t\t<\/div>\n\t\t\t\t<\/div>\n\t\t<div class=\"elementor-element elementor-element-20b480e e-flex e-con-boxed e-con e-parent\" data-id=\"20b480e\" data-element_type=\"container\" data-e-type=\"container\">\n\t\t\t\t\t<div class=\"e-con-inner\">\n\t\t\t\t<div class=\"elementor-element elementor-element-31fa1d6 elementor-widget elementor-widget-spacer\" data-id=\"31fa1d6\" data-element_type=\"widget\" data-e-type=\"widget\" data-widget_type=\"spacer.default\">\n\t\t\t\t\t\t\t<div class=\"elementor-spacer\">\n\t\t\t<div class=\"elementor-spacer-inner\"><\/div>\n\t\t<\/div>\n\t\t\t\t\t\t<\/div>\n\t\t\t\t\t<\/div>\n\t\t\t\t<\/div>\n\t\t<div class=\"elementor-element elementor-element-f84fb56 e-flex e-con-boxed e-con e-parent\" data-id=\"f84fb56\" data-element_type=\"container\" data-e-type=\"container\">\n\t\t\t\t\t<div class=\"e-con-inner\">\n\t\t\t\t<div class=\"elementor-element elementor-element-a7feb1e elementor-widget elementor-widget-text-editor\" data-id=\"a7feb1e\" data-element_type=\"widget\" data-e-type=\"widget\" data-widget_type=\"text-editor.default\">\n\t\t\t\t\t\t\t\t\t<p>En nuestras Meditaciones <strong>Guiadas<\/strong><\/p>\t\t\t\t\t\t\t\t<\/div>\n\t\t\t\t\t<\/div>\n\t\t\t\t<\/div>\n\t\t<div class=\"elementor-element elementor-element-85bf52b e-flex e-con-boxed e-con e-parent\" data-id=\"85bf52b\" data-element_type=\"container\" data-e-type=\"container\">\n\t\t\t\t\t<div class=\"e-con-inner\">\n\t\t\t\t<div class=\"elementor-element elementor-element-e8954d5 elementor-widget elementor-widget-text-editor\" data-id=\"e8954d5\" data-element_type=\"widget\" data-e-type=\"widget\" data-widget_type=\"text-editor.default\">\n\t\t\t\t\t\t\t\t\t<p>Encuentra calma y claridad a trav\u00e9s de nuestras meditaciones guiadas. Con una amplia variedad de temas,\u00a0 aqu\u00ed podr\u00e1s escoger la pr\u00e1ctica que mejor se adapte a tus necesidades. Ya sea que busques relajaci\u00f3n, enfoque mental, o conectar con tu interior, nuestras meditaciones est\u00e1n dise\u00f1adas para llevarte en un viaje profundo y reconfortante.<\/p>\t\t\t\t\t\t\t\t<\/div>\n\t\t\t\t\t<\/div>\n\t\t\t\t<\/div>\n\t\t<div class=\"elementor-element elementor-element-8bef095 e-flex e-con-boxed e-con e-parent\" data-id=\"8bef095\" data-element_type=\"container\" data-e-type=\"container\">\n\t\t\t\t\t<div class=\"e-con-inner\">\n\t\t<div class=\"elementor-element elementor-element-2d156b7 e-con-full e-flex e-con e-child\" data-id=\"2d156b7\" data-element_type=\"container\" data-e-type=\"container\">\n\t\t\t\t<div class=\"elementor-element elementor-element-43a0e4f elementor-widget elementor-widget-image\" data-id=\"43a0e4f\" data-element_type=\"widget\" data-e-type=\"widget\" data-widget_type=\"image.default\">\n\t\t\t\t\t\t\t\t\t\t\t\t\t\t\t\t<a href=\"https:\/\/soul-ha.com\/index.php\/blog\/\">\n\t\t\t\t\t\t\t<img decoding=\"async\" width=\"1024\" height=\"1024\" src=\"https:\/\/soul-ha.com\/wp-content\/uploads\/2024\/11\/BLOG-2-1024x1024.jpg\" class=\"attachment-large size-large wp-image-43241\" alt=\"\" srcset=\"https:\/\/soul-ha.com\/wp-content\/uploads\/2024\/11\/BLOG-2-1024x1024.jpg 1024w, https:\/\/soul-ha.com\/wp-content\/uploads\/2024\/11\/BLOG-2-300x300.jpg 300w, https:\/\/soul-ha.com\/wp-content\/uploads\/2024\/11\/BLOG-2-150x150.jpg 150w, https:\/\/soul-ha.com\/wp-content\/uploads\/2024\/11\/BLOG-2-768x768.jpg 768w, https:\/\/soul-ha.com\/wp-content\/uploads\/2024\/11\/BLOG-2-100x100.jpg 100w, https:\/\/soul-ha.com\/wp-content\/uploads\/2024\/11\/BLOG-2-12x12.jpg 12w, https:\/\/soul-ha.com\/wp-content\/uploads\/2024\/11\/BLOG-2-570x570.jpg 570w, https:\/\/soul-ha.com\/wp-content\/uploads\/2024\/11\/BLOG-2-500x500.jpg 500w, https:\/\/soul-ha.com\/wp-content\/uploads\/2024\/11\/BLOG-2-1000x1000.jpg 1000w, https:\/\/soul-ha.com\/wp-content\/uploads\/2024\/11\/BLOG-2-700x700.jpg 700w, https:\/\/soul-ha.com\/wp-content\/uploads\/2024\/11\/BLOG-2-600x600.jpg 600w, https:\/\/soul-ha.com\/wp-content\/uploads\/2024\/11\/BLOG-2.jpg 1080w\" sizes=\"(max-width: 1024px) 100vw, 1024px\" \/>\t\t\t\t\t\t\t\t<\/a>\n\t\t\t\t\t\t\t\t\t\t\t\t\t\t\t<\/div>\n\t\t\t\t<div class=\"elementor-element elementor-element-f952436 elementor-align-center elementor-widget elementor-widget-button\" data-id=\"f952436\" data-element_type=\"widget\" data-e-type=\"widget\" data-widget_type=\"button.default\">\n\t\t\t\t\t\t\t\t\t\t<a class=\"elementor-button elementor-button-link elementor-size-sm\" href=\"https:\/\/soul-ha.com\/index.php\/blog\/\">\n\t\t\t\t\t\t<span class=\"elementor-button-content-wrapper\">\n\t\t\t\t\t\t\t\t\t<span class=\"elementor-button-text\">BLOG<\/span>\n\t\t\t\t\t<\/span>\n\t\t\t\t\t<\/a>\n\t\t\t\t\t\t\t\t<\/div>\n\t\t\t\t<\/div>\n\t\t<div class=\"elementor-element elementor-element-40c8cdc e-con-full e-flex e-con e-child\" data-id=\"40c8cdc\" data-element_type=\"container\" data-e-type=\"container\">\n\t\t\t\t<\/div>\n\t\t<div class=\"elementor-element elementor-element-b04089b e-con-full e-flex e-con e-child\" data-id=\"b04089b\" data-element_type=\"container\" data-e-type=\"container\">\n\t\t\t\t<div class=\"elementor-element elementor-element-815a314 elementor-widget elementor-widget-image\" data-id=\"815a314\" data-element_type=\"widget\" data-e-type=\"widget\" data-widget_type=\"image.default\">\n\t\t\t\t\t\t\t\t\t\t\t\t\t\t\t\t<a href=\"https:\/\/soul-ha.com\/index.php\/medita\/\">\n\t\t\t\t\t\t\t<img decoding=\"async\" width=\"1024\" height=\"1024\" src=\"https:\/\/soul-ha.com\/wp-content\/uploads\/2024\/11\/BLOG-1-1024x1024.jpg\" class=\"attachment-large size-large wp-image-43239\" alt=\"\" srcset=\"https:\/\/soul-ha.com\/wp-content\/uploads\/2024\/11\/BLOG-1-1024x1024.jpg 1024w, https:\/\/soul-ha.com\/wp-content\/uploads\/2024\/11\/BLOG-1-300x300.jpg 300w, https:\/\/soul-ha.com\/wp-content\/uploads\/2024\/11\/BLOG-1-150x150.jpg 150w, https:\/\/soul-ha.com\/wp-content\/uploads\/2024\/11\/BLOG-1-768x768.jpg 768w, https:\/\/soul-ha.com\/wp-content\/uploads\/2024\/11\/BLOG-1-100x100.jpg 100w, https:\/\/soul-ha.com\/wp-content\/uploads\/2024\/11\/BLOG-1-12x12.jpg 12w, https:\/\/soul-ha.com\/wp-content\/uploads\/2024\/11\/BLOG-1-570x570.jpg 570w, https:\/\/soul-ha.com\/wp-content\/uploads\/2024\/11\/BLOG-1-500x500.jpg 500w, https:\/\/soul-ha.com\/wp-content\/uploads\/2024\/11\/BLOG-1-1000x1000.jpg 1000w, https:\/\/soul-ha.com\/wp-content\/uploads\/2024\/11\/BLOG-1-700x700.jpg 700w, https:\/\/soul-ha.com\/wp-content\/uploads\/2024\/11\/BLOG-1-600x600.jpg 600w, https:\/\/soul-ha.com\/wp-content\/uploads\/2024\/11\/BLOG-1.jpg 1080w\" sizes=\"(max-width: 1024px) 100vw, 1024px\" \/>\t\t\t\t\t\t\t\t<\/a>\n\t\t\t\t\t\t\t\t\t\t\t\t\t\t\t<\/div>\n\t\t\t\t<div class=\"elementor-element elementor-element-2c8084c elementor-align-center elementor-widget elementor-widget-button\" data-id=\"2c8084c\" data-element_type=\"widget\" data-e-type=\"widget\" data-widget_type=\"button.default\">\n\t\t\t\t\t\t\t\t\t\t<a class=\"elementor-button elementor-button-link elementor-size-sm\" href=\"https:\/\/soul-ha.com\/index.php\/medita\/\">\n\t\t\t\t\t\t<span class=\"elementor-button-content-wrapper\">\n\t\t\t\t\t\t\t\t\t<span class=\"elementor-button-text\">MEDITA<\/span>\n\t\t\t\t\t<\/span>\n\t\t\t\t\t<\/a>\n\t\t\t\t\t\t\t\t<\/div>\n\t\t\t\t<\/div>\n\t\t\t\t\t<\/div>\n\t\t\t\t<\/div>\n\t\t<div class=\"elementor-element elementor-element-a0e8731 e-flex e-con-boxed e-con e-parent\" data-id=\"a0e8731\" data-element_type=\"container\" data-e-type=\"container\">\n\t\t\t\t\t<div class=\"e-con-inner\">\n\t\t\t\t<div class=\"elementor-element elementor-element-47c573d elementor-widget elementor-widget-spacer\" data-id=\"47c573d\" data-element_type=\"widget\" data-e-type=\"widget\" data-widget_type=\"spacer.default\">\n\t\t\t\t\t\t\t<div class=\"elementor-spacer\">\n\t\t\t<div class=\"elementor-spacer-inner\"><\/div>\n\t\t<\/div>\n\t\t\t\t\t\t<\/div>\n\t\t\t\t\t<\/div>\n\t\t\t\t<\/div>\n\t\t<div class=\"elementor-element elementor-element-df4de5d e-flex e-con-boxed e-con e-parent\" data-id=\"df4de5d\" data-element_type=\"container\" data-e-type=\"container\">\n\t\t\t\t\t<div class=\"e-con-inner\">\n\t\t\t\t<div class=\"elementor-element elementor-element-2d5b058 elementor-widget__width-initial elementor-widget elementor-widget-text-editor\" data-id=\"2d5b058\" data-element_type=\"widget\" data-e-type=\"widget\" data-widget_type=\"text-editor.default\">\n\t\t\t\t\t\t\t\t\t<h2><strong><span style=\"color: #55dca0;\">\u00bfPor Qu\u00e9 usar Nuestros Recursos?<\/span><\/strong><\/h2><p>Todos nuestros recursos han sido creados y seleccionados con el objetivo de ofrecerte contenido de alta calidad, actualizado y relevante. Queremos ayudarte a encontrar la informaci\u00f3n que necesitas sin complicaciones, y facilitarte las herramientas para que logres tu salud emocional<\/p>\t\t\t\t\t\t\t\t<\/div>\n\t\t\t\t<div class=\"elementor-element elementor-element-9f02320 elementor-widget elementor-widget-text-editor\" data-id=\"9f02320\" data-element_type=\"widget\" data-e-type=\"widget\" data-widget_type=\"text-editor.default\">\n\t\t\t\t\t\t\t\t\t<h2><strong><span style=\"color: #55d4a0;\">\u00bfNecesitas Ayuda?<\/span><\/strong><\/h2><p>Si tienes preguntas sobre alguno de nuestros recursos o necesitas orientaci\u00f3n sobre cu\u00e1l es el mejor para ti, no dudes en ponerte en <a href=\"https:\/\/soul-ha.com\/index.php\/contacto\/\">CONTACTO<\/a> con nosotros. Estamos aqu\u00ed para ayudarte.<\/p>\t\t\t\t\t\t\t\t<\/div>\n\t\t\t\t\t<\/div>\n\t\t\t\t<\/div>\n\t\t<div class=\"elementor-element elementor-element-0a35010 e-flex e-con-boxed e-con e-parent\" data-id=\"0a35010\" data-element_type=\"container\" data-e-type=\"container\">\n\t\t\t\t\t<div class=\"e-con-inner\">\n\t\t\t\t<div class=\"elementor-element elementor-element-673b7da elementor-widget elementor-widget-text-editor\" data-id=\"673b7da\" data-element_type=\"widget\" data-e-type=\"widget\" data-widget_type=\"text-editor.default\">\n\t\t\t\t\t\t\t\t\t<p style=\"text-align: center;\"><strong>Si est\u00e1s experimentando una emergencia de SALUD MENTAL comun\u00edcate al 911\u00a0 o a SAPTEL 52 59 81 21<\/strong><\/p>\t\t\t\t\t\t\t\t<\/div>\n\t\t\t\t\t<\/div>\n\t\t\t\t<\/div>\n\t\t\t\t<\/div>\n\t\t","protected":false},"excerpt":{"rendered":"<p>RECURSOS \u00a0 \u00a0 Bienvenid@ a nuestra p\u00e1gina de recursos, donde encontrar\u00e1s una selecci\u00f3n de herramientas, gu\u00edas y materiales dise\u00f1ados para&#8230;<\/p>\n","protected":false},"author":1,"featured_media":0,"parent":0,"menu_order":0,"comment_status":"open","ping_status":"closed","template":"elementor_header_footer","meta":{"om_disable_all_campaigns":false,"_monsterinsights_skip_tracking":false,"_monsterinsights_sitenote_active":false,"_monsterinsights_sitenote_note":"","_monsterinsights_sitenote_category":0,"footnotes":""},"class_list":["post-43189","page","type-page","status-publish","hentry"],"aioseo_notices":[],"_links":{"self":[{"href":"https:\/\/soul-ha.com\/index.php\/wp-json\/wp\/v2\/pages\/43189","targetHints":{"allow":["GET"]}}],"collection":[{"href":"https:\/\/soul-ha.com\/index.php\/wp-json\/wp\/v2\/pages"}],"about":[{"href":"https:\/\/soul-ha.com\/index.php\/wp-json\/wp\/v2\/types\/page"}],"author":[{"embeddable":true,"href":"https:\/\/soul-ha.com\/index.php\/wp-json\/wp\/v2\/users\/1"}],"replies":[{"embeddable":true,"href":"https:\/\/soul-ha.com\/index.php\/wp-json\/wp\/v2\/comments?post=43189"}],"version-history":[{"count":124,"href":"https:\/\/soul-ha.com\/index.php\/wp-json\/wp\/v2\/pages\/43189\/revisions"}],"predecessor-version":[{"id":43569,"href":"https:\/\/soul-ha.com\/index.php\/wp-json\/wp\/v2\/pages\/43189\/revisions\/43569"}],"wp:attachment":[{"href":"https:\/\/soul-ha.com\/index.php\/wp-json\/wp\/v2\/media?parent=43189"}],"curies":[{"name":"wp","href":"https:\/\/api.w.org\/{rel}","templated":true}]}}