{"id":3,"date":"2021-03-12T04:59:53","date_gmt":"2021-03-12T10:59:53","guid":{"rendered":"https:\/\/soul-ha.com\/?page_id=3"},"modified":"2021-06-12T23:06:56","modified_gmt":"2021-06-13T04:06:56","slug":"aviso","status":"publish","type":"page","link":"https:\/\/soul-ha.com\/index.php\/aviso\/","title":{"rendered":"Aviso de Privacidad"},"content":{"rendered":"\t\t<div data-elementor-type=\"wp-page\" data-elementor-id=\"3\" class=\"elementor elementor-3\" data-elementor-post-type=\"page\">\n\t\t\t\t\t\t<section class=\"elementor-section elementor-top-section elementor-element elementor-element-729de1e1 elementor-section-boxed elementor-section-height-default elementor-section-height-default parallax_section_no qode_elementor_container_no\" data-id=\"729de1e1\" data-element_type=\"section\" data-e-type=\"section\">\n\t\t\t\t\t\t<div class=\"elementor-container elementor-column-gap-default\">\n\t\t\t\t\t<div class=\"elementor-column elementor-col-100 elementor-top-column elementor-element elementor-element-1817fb3d\" data-id=\"1817fb3d\" data-element_type=\"column\" data-e-type=\"column\">\n\t\t\t<div class=\"elementor-widget-wrap elementor-element-populated\">\n\t\t\t\t\t\t<div class=\"elementor-element elementor-element-f100d1d elementor-widget elementor-widget-heading\" data-id=\"f100d1d\" data-element_type=\"widget\" data-e-type=\"widget\" data-widget_type=\"heading.default\">\n\t\t\t\t\t<h1 class=\"elementor-heading-title elementor-size-default\">Aviso de Privacidad<\/h1>\t\t\t\t<\/div>\n\t\t\t\t<div class=\"elementor-element elementor-element-48137193 elementor-widget elementor-widget-text-editor\" data-id=\"48137193\" data-element_type=\"widget\" data-e-type=\"widget\" data-widget_type=\"text-editor.default\">\n\t\t\t\t\t\t\t\t\t<p><\/p>\n<p class=\"p1\"><b>SoulHA Personal Support, SAS de C.V.<\/b> o <b>Soul Health Advisor, <\/b>con domicilio en <b>Rodr\u00edguez Saro 252 int. 702, Col. Acacias del Valle, Alcald\u00eda Benito Ju\u00e1rez C.P. 03240, M\u00e9xico, Ciudad M\u00e9xico, <\/b>utilizar\u00e1 sus datos personales recabados para realizar una ficha de su estado emocional y mantener la comunicaci\u00f3n con un especialista en salud emocional o mental, psic\u00f3logo, psicopedagogo o psiquiatra autorizado y previamente seleccionado por usted. Para mayor informaci\u00f3n acerca del tratamiento y de los derechos que puede hacer valer, usted puede acceder al aviso de privacidad integral a trav\u00e9s de https:\/\/soul-ha.com\/avisodeprivacidad<\/p>\n<p><\/p>\t\t\t\t\t\t\t\t<\/div>\n\t\t\t\t\t<\/div>\n\t\t<\/div>\n\t\t\t\t\t<\/div>\n\t\t<\/section>\n\t\t\t\t<\/div>\n\t\t","protected":false},"excerpt":{"rendered":"<p>Aviso de Privacidad SoulHA Personal Support, SAS de C.V. o Soul Health Advisor, con domicilio en Rodr\u00edguez Saro 252 int&#8230;.<\/p>\n","protected":false},"author":1,"featured_media":0,"parent":0,"menu_order":0,"comment_status":"closed","ping_status":"closed","template":"","meta":{"om_disable_all_campaigns":false,"_monsterinsights_skip_tracking":false,"_monsterinsights_sitenote_active":false,"_monsterinsights_sitenote_note":"","_monsterinsights_sitenote_category":0,"footnotes":""},"class_list":["post-3","page","type-page","status-publish","hentry"],"aioseo_notices":[],"_links":{"self":[{"href":"https:\/\/soul-ha.com\/index.php\/wp-json\/wp\/v2\/pages\/3","targetHints":{"allow":["GET"]}}],"collection":[{"href":"https:\/\/soul-ha.com\/index.php\/wp-json\/wp\/v2\/pages"}],"about":[{"href":"https:\/\/soul-ha.com\/index.php\/wp-json\/wp\/v2\/types\/page"}],"author":[{"embeddable":true,"href":"https:\/\/soul-ha.com\/index.php\/wp-json\/wp\/v2\/users\/1"}],"replies":[{"embeddable":true,"href":"https:\/\/soul-ha.com\/index.php\/wp-json\/wp\/v2\/comments?post=3"}],"version-history":[{"count":15,"href":"https:\/\/soul-ha.com\/index.php\/wp-json\/wp\/v2\/pages\/3\/revisions"}],"predecessor-version":[{"id":2826,"href":"https:\/\/soul-ha.com\/index.php\/wp-json\/wp\/v2\/pages\/3\/revisions\/2826"}],"wp:attachment":[{"href":"https:\/\/soul-ha.com\/index.php\/wp-json\/wp\/v2\/media?parent=3"}],"curies":[{"name":"wp","href":"https:\/\/api.w.org\/{rel}","templated":true}]}}