{"id":23404,"date":"2022-07-27T17:19:02","date_gmt":"2022-07-27T22:19:02","guid":{"rendered":"https:\/\/soul-ha.com\/?page_id=23404"},"modified":"2022-07-27T17:34:48","modified_gmt":"2022-07-27T22:34:48","slug":"terminos-y-condiciones-2","status":"publish","type":"page","link":"https:\/\/soul-ha.com\/index.php\/terminos-y-condiciones-2\/","title":{"rendered":"T\u00e9rminos y condiciones"},"content":{"rendered":"\t\t<div data-elementor-type=\"wp-page\" data-elementor-id=\"23404\" class=\"elementor elementor-23404\" data-elementor-post-type=\"page\">\n\t\t\t\t\t\t<section class=\"elementor-section elementor-top-section elementor-element elementor-element-8d18454 elementor-section-boxed elementor-section-height-default elementor-section-height-default parallax_section_no qode_elementor_container_no\" data-id=\"8d18454\" data-element_type=\"section\" data-e-type=\"section\">\n\t\t\t\t\t\t<div class=\"elementor-container elementor-column-gap-default\">\n\t\t\t\t\t<div class=\"elementor-column elementor-col-100 elementor-top-column elementor-element elementor-element-0bc9c48\" data-id=\"0bc9c48\" data-element_type=\"column\" data-e-type=\"column\">\n\t\t\t<div class=\"elementor-widget-wrap elementor-element-populated\">\n\t\t\t\t\t\t<div class=\"elementor-element elementor-element-9175bb1 elementor-widget elementor-widget-heading\" data-id=\"9175bb1\" data-element_type=\"widget\" data-e-type=\"widget\" data-widget_type=\"heading.default\">\n\t\t\t\t\t<h2 class=\"elementor-heading-title elementor-size-xl\">T\u00e9rminos y condiciones<\/h2>\t\t\t\t<\/div>\n\t\t\t\t\t<\/div>\n\t\t<\/div>\n\t\t\t\t\t<\/div>\n\t\t<\/section>\n\t\t\t\t<section class=\"elementor-section elementor-top-section elementor-element elementor-element-de322d4 elementor-section-boxed elementor-section-height-default elementor-section-height-default parallax_section_no qode_elementor_container_no\" data-id=\"de322d4\" data-element_type=\"section\" data-e-type=\"section\">\n\t\t\t\t\t\t<div class=\"elementor-container elementor-column-gap-default\">\n\t\t\t\t\t<div class=\"elementor-column elementor-col-100 elementor-top-column elementor-element elementor-element-7816659\" data-id=\"7816659\" data-element_type=\"column\" data-e-type=\"column\">\n\t\t\t<div class=\"elementor-widget-wrap elementor-element-populated\">\n\t\t\t\t\t\t<div class=\"elementor-element elementor-element-58f8f78 elementor-widget elementor-widget-text-editor\" data-id=\"58f8f78\" data-element_type=\"widget\" data-e-type=\"widget\" data-widget_type=\"text-editor.default\">\n\t\t\t\t\t\t\t\t\t<p><span style=\"font-weight: 400;\">Este contrato describe los t\u00e9rminos y condiciones generales (en adelante \u00fanicamente \u201cTERMINOS Y CONDICIONES\u201d) aplicables al uso de los contenidos, producto y servicios ofrecidos a trav\u00e9s del sito <\/span><a href=\"https:\/\/soul-ha.com\/\"><span style=\"font-weight: 400;\">https:\/\/soul-ha.com\/<\/span><\/a><span style=\"font-weight: 400;\"> (en adelante, \u201cSITIO WEB\u201d) y nuestra aplicaci\u00f3n para dispositivos m\u00f3viles (en adelante, \u201cLA APP\u201d), del cual el titular es SoulHA Personal Support (en adelante, \u201cTITULAR\u201d). Cualquier persona que desee acceder o hacer uso del sitio o los servicios que en \u00e9l se ofrecen, podr\u00e1 hacerlo sujet\u00e1ndose a los presentes T\u00c9RMINOS Y CONDICIONES, as\u00ed como a pol\u00edticas y principios incorporados al presente documento. Por favor lea atentamente estos T\u00c9RMINOS Y CONDICIONES porque determinan las condiciones de uso de nuestros servicios. En todo caso, cualquier persona que no acepte los presentes t\u00e9rminos y condiciones, deber\u00e1 abstenerse de utilizar el SITIO WEB \u00a0Y LA APP y\/o adquirir productos y servicios que en su caso sean ofrecidos.<\/span><\/p><p>\u00a0<\/p><ul><li aria-level=\"1\"><b>DEL OBJETO.<\/b><\/li><\/ul><p><span style=\"font-weight: 400;\">El objeto de los presentes T\u00c9RMINOS Y CONDICIONES es regular el acceso y la utilizaci\u00f3n del SITIO WEB y \u00a0LA APP, entendiendo por \u00e9ste cualquier tipo de contenido, producto o servicio que se encuentre a disposici\u00f3n del p\u00fablico en general dentro del dominio <\/span><a href=\"https:\/\/soul-ha.com\/\"><span style=\"font-weight: 400;\">https:\/\/soul-ha.com\/<\/span><\/a><span style=\"font-weight: 400;\">.<\/span><\/p><p><span style=\"font-weight: 400;\">EL TITULAR se reserva la facultad de modificar en cualquier momento y sin previo aviso, la presentaci\u00f3n, los contenidos, la funcionalidad, los productos, los servicios y la configuraci\u00f3n que pudiera estar contenida en el SITIO WEB; en este sentido, el USUARIO reconoce y acepta que SoulHA Personal Support en cualquier momento podr\u00e1 interrumpir, desactivar o cancelar cualquiera de los elementos que conforman el SITIO WEB Y LA APP\u00a0 o el acceso a los mismos.<\/span><\/p><p><span style=\"font-weight: 400;\">El acceso al SITIO WEB por parte del USUARIO tiene car\u00e1cter libre y, por regla general es gratuito sin que el USUARIO tenga que proporcionar una contraprestaci\u00f3n para poder disfrutar de ello, salvo en lo referente al costo de la conexi\u00f3n a internet suministrada por el proveedor de este tipo de servicios que hubiera contratado el mismo USUARIO.\u00a0<\/span><\/p><p><span style=\"font-weight: 400;\">El acceso a parte de los contenidos y servicios del SITIO WEB Y LA APP podr\u00e1 realizarse previa suscripci\u00f3n o registro previo del USUARIO.<\/span><\/p><p><span style=\"font-weight: 400;\">EL SITIO WEB se encuentra dirigido exclusivamente a personas que cuenten con la mayor\u00eda de edad (mayores de 18 a\u00f1os); en este sentido SoulHA Personal Support declina cualquier responsabilidad por incumplimiento de este requisito.<\/span><\/p><p><span style=\"font-weight: 400;\">EL SITIO WEB est\u00e1 dirigido principalmente a USUARIOS residentes en la Rep\u00fablica Mexicana, por lo cual SoulHA Personal Support no asegura que el SITIO WEB cumpla total o parcialmente con la legislaci\u00f3n de otros pa\u00edses, de forma que, si el USUARIO reside o tiene su domicilio establecido en otro pa\u00eds y decide acceder o utilizar el SITIO WEB y LA APP \u00a0lo har\u00e1 bajo su propia responsabilidad y deber\u00e1 asegurarse de que tal acceso y navegaci\u00f3n cumple con la legislaci\u00f3n locales que les es aplicable, no asumiendo SoulHA Personal Support ninguna responsabilidad que se pueda derivar de dicho acto.<\/span><\/p><p><span style=\"font-weight: 400;\">Se hace del conocimiento del USUARIO que el TITULAR podr\u00e1 administrar o gestionar el SITIO WEB y LA APP de manera directa o a trav\u00e9s de un tercero, lo cual no modifica en ning\u00fan sentido lo establecido en los presentes T\u00c9RMINOS Y CONDICIONES.<\/span><\/p><p>\u00a0<\/p><ul><li aria-level=\"1\"><b>DEL USUARIO<\/b><\/li><\/ul><p><span style=\"font-weight: 400;\">El acceso o utilizaci\u00f3n del SITIO WEB y LA APP, as\u00ed como de los recursos habilitados para interactuar entre los USUARIOS, o entre el USUARIO y el TITULAR tales como medios para realizar publicaciones o comentarios, confiere la condici\u00f3n de USUARIO del SITIO WEB, por lo que quedar\u00e1 sujeto a los presentes T\u00c9RMINOS Y CONDICIONES, as\u00ed como a sus ulteriores modificaciones, sin prejuicios de la aplicaci\u00f3n de la legislaci\u00f3n aplicable, por tanto, se tendr\u00e1n por aceptados desde el momento en el que se accede al SITIO WEB y LA APP. Dada las relevancia de lo anterior, se recomienda al USUARIO revisar las actualizaciones que se realice de los presentes T\u00c9RMINOS Y CONDICIONES.<\/span><\/p><p><span style=\"font-weight: 400;\">Es responsabilidad del USUARIO utilizar el SITIO WEB y LA APP de acuerdo a la forma en la que fueron dise\u00f1ados, en este sentido queda prohibido la utilizaci\u00f3n de cualquier tipo de software que automatice la intenci\u00f3n o descarga de los contenidos o servicios proporcionados a trav\u00e9s\u00a0 del SITIO WEB y LA APP. Adem\u00e1s, el USUARIO se compromete a utilizar la informaci\u00f3n, contenidos o servicios ofrecidos a trav\u00e9s del SITIO WEB y LA APP de manera l\u00edcita, sin contravenir lo dispuesto en los presentes T\u00c9RMINOS y CONDICIONES, la moral o el orden p\u00fablico, y se abstendr\u00e1 de realizar cualquier acto de pueda suponer una afectaci\u00f3n a los derechos de terceros, o perjudique de alg\u00fan modo el funcionamiento del SITIO WEB y LA APP.<\/span><\/p><p><span style=\"font-weight: 400;\">Asimismo, el usuario se compromete a proporcionar informaci\u00f3n l\u00edcita y veraz en los formularios habilitados en el\u00a0 SITIO WEB y LA APP, en los cuales el usuario tenga que proporcionar ciertos datos o informaci\u00f3n para el acceso a alg\u00fan contenido, producto o servicio ofrecido por el propio SITIO WEB y LA APP. En todo caso, el USUARIO notificar\u00e1 de forma inmediata al TITULAR acerca de cualquier hecho que permita suponer el uso indebido de la informaci\u00f3n registrada en dichos formularios, tales como, robo, extrav\u00edo o acceso no autorizada a cuentas y\/o contrase\u00f1as, con el fin de proceder a su inmediata cancelaci\u00f3n.\u00a0<\/span><\/p><p><span style=\"font-weight: 400;\">SoulHA Personal Support se reserva el derecho de retirar todos aquellos comentarios y aportaciones que vulneren la ley, el respeto a la dignidad de las persona, que sean discriminatorios, atenten \u00a0contra los derechos de terceros o el orden p\u00fablico, o bien, que a su juicio no resulten adecuados para su publicaci\u00f3n.<\/span><\/p><p><span style=\"font-weight: 400;\">En cualquier caso, SoulHA Personal Support no ser\u00e1 responsable de las opiniones vertidas por los USUARIOS a trav\u00e9s de comentarios o publicaciones que estos realicen.<\/span><\/p><p><span style=\"font-weight: 400;\">El s\u00f3lo acceso al SITIO WEB y LA APP no supone el establecimiento de ning\u00fan tipo de relaci\u00f3n entre el TITULAR y el USUARIO.<\/span><\/p><p><span style=\"font-weight: 400;\">Al tratarse de un SITIO WEB y LA APP dirigido exclusivamente a personas que cuenten con la mayor\u00eda de edad, el USUARIO manifiesta ser mayor de edad y disponer de la capacidad jur\u00eddica necesaria para sujetarse a los presentes T\u00c9RMINOS Y CONDICIONES.<\/span><\/p><p>\u00a0<\/p><ul><li aria-level=\"1\"><b>DEL ACCESO Y NAVEGACI\u00d3N EN EL SITIO WEB Y LA APP.<\/b><\/li><\/ul><p><span style=\"font-weight: 400;\">EL TITULAR, no garantiza de ning\u00fan modo la continuidad y disponibilidad de los contenidos, productos o servicios ofrecidos a trav\u00e9s del SITIO WEB Y LA APP, no obstante, el TITULAR llevar\u00e1 a cabo las acciones que de acuerdo a sus posibilidades le permit\u00edan mantener el buen funcionamiento del SITIO WEB Y LA APP, sin que esto suponga alguna responsabilidad de parte de SoulHA Personal Support.<\/span><\/p><p><span style=\"font-weight: 400;\">De igual forma SoulHA Personal Support no ser\u00e1 responsable ni garantiza que el contenido o software al que pueda accederse a trav\u00e9s del SITIO WEB Y LA APP, se encuentre libre de errores, software malicioso, o que pueda causar alg\u00fan da\u00f1o a nivel de software o hardware en el equipo a trav\u00e9s del cual el USUARIO accede al SITIO WEB.<\/span><\/p><p><span style=\"font-weight: 400;\">EL TITULAR tampoco se hace responsable de los da\u00f1os que pudiesen ocasionarse por un uso inadecuado del SITIO WEB Y LA APP. En ning\u00fan caso SoulHA Personal Support ser\u00e1 responsable por las p\u00e9rdidas, da\u00f1os o perjuicios de cualquier tipo que surjan por el solo acceso o utilizaci\u00f3n del SITIO WEB Y LA APP.<\/span><\/p><p>\u00a0<\/p><ul><li aria-level=\"1\"><b>POL\u00cdTICA DE PRIVACIDAD Y PROTECCI\u00d3N DE DATOS.<\/b><\/li><\/ul><p><span style=\"font-weight: 400;\">De conformidad con lo establecido en la Ley Federal de Protecci\u00f3n de datos personales en posesi\u00f3n de particulares, el TITULAR se compromete a adoptar las medidas necesarias que est\u00e9n a su alcance para asegurar la privacidad de los datos personales recabados de formas que se garantice su seguridad, se evite su alteraci\u00f3n, p\u00e9rdida o tratamiento no autorizado.<\/span><\/p><p><span style=\"font-weight: 400;\">Adem\u00e1s, a efecto de dar cumplimiento a lo establecido en la Ley Federal del Protecci\u00f3n de Datos Personales en Posesi\u00f3n de Particulares, todo dato personal que sea recabado a trav\u00e9s del SITIO WEB y LA APP, ser\u00e1 tratado de conformidad con los principios de licitud, calidad, finalidad, lealtad y responsabilidad. Todo tratamiento de datos personales quedar\u00e1 sujeto al consentimiento de su titular. En todo caso, la utilizaci\u00f3n de datos financieros requerir\u00e1n de autorizaci\u00f3n expresa de sus titulares, no obstante, esta podr\u00e1 darse a trav\u00e9s del propio SITIO WEB y LA APP utilizando los mecanismos habilitados para tal efecto, y en todo caso se dar\u00e1 la mayor diligencia y cuidado a este tipo de datos. Lo mismo ocurrir\u00e1 en el caso de datos personales sensibles, considerando por esto aquellos que debido a una utilizaci\u00f3n indebida puedan dar origen a discriminaci\u00f3n o su divulgaci\u00f3n conlleva un riesgo para el titular.<\/span><\/p><p><span style=\"font-weight: 400;\">En todo momento se procurar\u00e1 que los datos personales contenidos en las bases de datos o archivos que en su caso se utilicen, sean pertinentes, correctos y actualizados para los fines para los cuales fueron recabados.<\/span><\/p><p><span style=\"font-weight: 400;\">\u00a0<\/span><\/p><p><span style=\"font-weight: 400;\">El tratamiento de datos personales se limitar\u00e1 al cumplimiento de las finalidades prevista en el Aviso de Privacidad el cual se encontrar\u00e1n disponible en la siguiente direcci\u00f3n electr\u00f3nica <\/span><a href=\"https:\/\/soul-ha.com\/avisodeprivacidad\"><span style=\"font-weight: 400;\">https:\/\/soul-ha.com\/avisodeprivacidad<\/span><\/a><span style=\"font-weight: 400;\">.<\/span><\/p><p><span style=\"font-weight: 400;\">\u00a0<\/span><\/p><p><span style=\"font-weight: 400;\">EL SITIO WEB\u00a0 podr\u00e1 incluir hiperv\u00ednculos o enlaces que permitan acceder a p\u00e1ginas web de terceros distintos de SoulHA Personal Support. Los titulares de dicho sitios web dispondr\u00e1n de sus propias pol\u00edticas de privacidad y protecci\u00f3n de datos, por lo cual SoulHA Personal Support no asumen ning\u00fan tipo de responsabilidad por los datos que sean facilitados por el USUARIO a trav\u00e9s de cualquier sitio web distinto a <\/span><a href=\"https:\/\/soul-ha.com\/\"><span style=\"font-weight: 400;\">https:\/\/soul-ha.com\/<\/span><\/a><span style=\"font-weight: 400;\">.<\/span><\/p><p><span style=\"font-weight: 400;\">\u00a0<\/span><\/p><p><span style=\"font-weight: 400;\">SoulHA Personal Support se reserva el derecho a modificar su Pol\u00edtica de Privacidad, de acuerdo a sus necesidades o derivado del alg\u00fan cambio en la legislaci\u00f3n. El acceso o utilizaci\u00f3n del SITIO WEB despu\u00e9s de dichos cambios, implicar\u00e1 la aceptaci\u00f3n de estos cambios.<\/span><\/p><p><span style=\"font-weight: 400;\">\u00a0<\/span><\/p><p><span style=\"font-weight: 400;\">Por otra parte, el acceso al SITIO WEB puede implicar la utilizaci\u00f3n de cookies, las cuales, son peque\u00f1as cantidades de informaci\u00f3n que se almacenan en el navegador utilizado por el USUARIO. Las cookies facilitan la navegaci\u00f3n, la hacen m\u00e1s amigable, y no da\u00f1an el dispositivo de navegaci\u00f3n, para ello pueden recabar informaci\u00f3n para ingresar al SITIO WEB, almacenar las preferencias del USUARIO, as\u00ed como las interacci\u00f3n que este tenga con el SITIO WEB, como por ejemplo:\u00a0 la fecha y hora en la que se accede al SITIO WEB, el tiempo que se ha hecho uso de este, los sitios visitados antes y despu\u00e9s del mismo, el n\u00famero de p\u00e1ginas visitadas, la direcci\u00f3n IP de la cual accede el usuario, la frecuencia de visitas, etc.<\/span><\/p><p><span style=\"font-weight: 400;\">\u00a0<\/span><\/p><p><span style=\"font-weight: 400;\">Este tipo de informaci\u00f3n ser\u00e1 utilizada para mejorar el SITIO WEB, detectar errores, y posibles necesidades que el USUARIO puede tener, los anterior a efecto de ofrecer a los USUARIOS servicios y contenidos de mejorar calidad. En todo caso, la informaci\u00f3n que se recopile ser\u00e1 an\u00f3nima y no se identificar\u00e1 a usuarios individuales.<\/span><\/p><p><span style=\"font-weight: 400;\">\u00a0<\/span><\/p><p><span style=\"font-weight: 400;\">En el caso de que el USUARIO no desee que se recopile esta tipo de informaci\u00f3n deber\u00e1 deshabilitar, rechazar, restringir y\/o eliminar el uso de cookies es un navegador de internet. Los procedimientos para realizar estas acciones pueden diferir de un navegador a otro; en consecuencia, se sugiere revisar las instrucciones facilitadas por el desarrollo del navegador. En el supuesto de que rechace el uso de cookies (total o parcialmente) el USUARIO podr\u00e1 continuar haciendo uso del SITIO WEB, aunque podr\u00edan quedar deshabilitadas algunas de las funciones del mismo.<\/span><\/p><p><span style=\"font-weight: 400;\">\u00a0<\/span><\/p><p><span style=\"font-weight: 400;\">Es posible que en el futuro esta pol\u00edtica respecto a las cookies cambien o se actualicen, por ello es recomendable revisar las actualizaciones que se realicen a las presentes T\u00c9RMINOS Y CONDICIONES, con objetivo de estar adecuadamente informado sobre c\u00f3mo y para qu\u00e9 utilizamos las cookies que se generan al ingresar o hacer uso del SITIO WEB.<\/span><\/p><p>\u00a0<\/p><ul><li aria-level=\"1\"><b>POL\u00cdTICA DE ENLACES.<\/b><\/li><\/ul><p><span style=\"font-weight: 400;\">EL SITIO WEB puede contener enlaces, contenidos, servicios o funciones, de otros sitios de internet pertenecientes y\/o gestionados por terceros, como por ejemplo im\u00e1genes, v\u00eddeos, comentario, motores, de b\u00fasqueda, etc.\u00a0<\/span><\/p><p><span style=\"font-weight: 400;\">La utilizaci\u00f3n de estos enlaces, contenidos, servicios o funciones, tiene por objeto mejorar la experiencia del USUARIO al hacer uso del SITIO WEB, sin que pueda considerarse una sugerencia, recomendaci\u00f3n o invitaci\u00f3n para hacer uso de sitios externos. SoulHA Personal Support en ning\u00fan caso revisar\u00e1 o controlar\u00e1 el contenido de sitios externos, de igual forma, no hace propios los productos, servicios, contenidos y cualquier otro material existente en los referidos sitios enlazados; por lo cual, tampoco se garantizar\u00e1 la disponibilidad, exactitud, veracidad, validez o legalidad de los sitios externos a los que se puede tener acceso a trav\u00e9s del SITIO WEB. As\u00ed mismo , el TITULAR no asume ninguna responsabilidad por los da\u00f1os y perjuicios que pudieran producirse por el acceso o uso, de los contenidos, productos\u00a0 o servicios disponibles en el sitio web no gestionados por SoulHA Personal Support a los que se pueda acceder mediante el SITIO WEB.<\/span><\/p><ul><li aria-level=\"1\"><b>POL\u00cdTICA EN MATERIA DE PROPIEDAD INTELECTUAL E INDUSTRIAL<\/b><\/li><\/ul><p><span style=\"font-weight: 400;\">SoulHA Personal Support \u00a0por si o como parte de cesionaria, es titular de todos los derechos de propiedad intelectual e industrial del SITIO WEB, entendiendo por \u00e9ste el c\u00f3digo fuente que hace posible su funcionamiento as\u00ed como las im\u00e1genes, archivos de audio, v\u00eddeo, logotipos, marcas, combinaciones de colores, estructuras, dise\u00f1os y dem\u00e1s elementos que lo distinguen. Ser\u00e1n, por consiguiente, protegidas por la legislaci\u00f3n mexicana en materia de propiedad intelectual e industrial; as\u00ed como por los tratados internacionales aplicables. Por consiguiente, quedan expresamente prohibidas la reproducci\u00f3n, distribuci\u00f3n o difusi\u00f3n de los contenidos del SITIO WEB, con fines comerciales, en cualquier soporte y por cualquier medio, sin autorizaci\u00f3n de SoulHA Personal Support.<\/span><\/p><p><span style=\"font-weight: 400;\">EL USUARIO se compromete a respetar los derechos de propiedad intelectual \u00a0del TITULAR. No obstante, adem\u00e1s de poder visualizar los elementos del SITIO WEB y LA APP podr\u00e1 imprimirlos, copiarlos o almacenarlos, siempre y cuando sea exclusivamente para su uso estrictamente personal.<\/span><\/p><p><span style=\"font-weight: 400;\">Por otro lado, el USUARIO, se abstendr\u00e1 de suprimir, alterar o manipular cualquier elemento, archivo o contenido, del SITIO WEB y LA APP, y por ning\u00fan motivo realizar\u00e1 actos tendientes a vulnerar la seguridad, los archivos o bases de datos que se encuentren protegidos, ya se a trav\u00e9s de un acceso restringido mediante un usuario y contrase\u00f1a, o porque no cuente con los permisos para visualizarlos, editarlos o manipularlos.<\/span><\/p><p><span style=\"font-weight: 400;\">En caso de que el USUARIO o alg\u00fan tercero consideren que cualquiera de los contenidos del SITIO WEB y LA APP suponga una violaci\u00f3n de los derechos de protecci\u00f3n de la propiedad industrial o intelectual, deber\u00e1 comunicarlo inmediatamente a SoulHA Personal Support a\u00a0 trav\u00e9s de los\u00a0 datos de contacto disponible en el propio SITIO WEB.<\/span><\/p><p><span style=\"font-weight: 400;\">\u00a0<\/span><\/p><ul><li aria-level=\"1\"><b>LEGISLACI\u00d3N Y JURISDICCI\u00d3N APLICABLE<\/b><\/li><\/ul><p><span style=\"font-weight: 400;\">SoulHA Personal Support, se reserva la facultad de presentar las acciones civiles o penales que considere necesarias por la utilizaci\u00f3n indebida del SITIO WEB, sus contenidos, productos o servicios, o por el incumplimiento de los presentes T\u00c9RMINOS Y CONDICIONES.<\/span><\/p><p><span style=\"font-weight: 400;\">La relaci\u00f3n entre USUARIOS y SoulHA Personal Support se regir\u00e1 por la legislaci\u00f3n vigente en M\u00e9xico, espec\u00edficamente en la Ciudad de M\u00e9xico. De surgir cualquier controversia en relaci\u00f3n a la interpretaci\u00f3n y\/o a la aplicaci\u00f3n de los presentes T\u00c9RMINOS Y CONDICIONES, las parte se someter\u00e1n a la jurisdicci\u00f3n ordinaria de los tribunales que correspondan conforme a derecho en el estado al que se hace referencia.<\/span><\/p>\t\t\t\t\t\t\t\t<\/div>\n\t\t\t\t\t<\/div>\n\t\t<\/div>\n\t\t\t\t\t<\/div>\n\t\t<\/section>\n\t\t\t\t<\/div>\n\t\t","protected":false},"excerpt":{"rendered":"<p>T\u00e9rminos y condiciones Este contrato describe los t\u00e9rminos y condiciones generales (en adelante \u00fanicamente \u201cTERMINOS Y CONDICIONES\u201d) aplicables al uso&#8230;<\/p>\n","protected":false},"author":1,"featured_media":0,"parent":0,"menu_order":0,"comment_status":"closed","ping_status":"closed","template":"","meta":{"om_disable_all_campaigns":false,"_monsterinsights_skip_tracking":false,"_monsterinsights_sitenote_active":false,"_monsterinsights_sitenote_note":"","_monsterinsights_sitenote_category":0,"footnotes":""},"class_list":["post-23404","page","type-page","status-publish","hentry"],"aioseo_notices":[],"_links":{"self":[{"href":"https:\/\/soul-ha.com\/index.php\/wp-json\/wp\/v2\/pages\/23404","targetHints":{"allow":["GET"]}}],"collection":[{"href":"https:\/\/soul-ha.com\/index.php\/wp-json\/wp\/v2\/pages"}],"about":[{"href":"https:\/\/soul-ha.com\/index.php\/wp-json\/wp\/v2\/types\/page"}],"author":[{"embeddable":true,"href":"https:\/\/soul-ha.com\/index.php\/wp-json\/wp\/v2\/users\/1"}],"replies":[{"embeddable":true,"href":"https:\/\/soul-ha.com\/index.php\/wp-json\/wp\/v2\/comments?post=23404"}],"version-history":[{"count":10,"href":"https:\/\/soul-ha.com\/index.php\/wp-json\/wp\/v2\/pages\/23404\/revisions"}],"predecessor-version":[{"id":23416,"href":"https:\/\/soul-ha.com\/index.php\/wp-json\/wp\/v2\/pages\/23404\/revisions\/23416"}],"wp:attachment":[{"href":"https:\/\/soul-ha.com\/index.php\/wp-json\/wp\/v2\/media?parent=23404"}],"curies":[{"name":"wp","href":"https:\/\/api.w.org\/{rel}","templated":true}]}}